{"id":41794,"date":"2023-02-16T12:00:39","date_gmt":"2023-02-16T05:00:39","guid":{"rendered":"https:\/\/mouldking.store\/shop\/mould-king-12021-world-railway-harmony-crh380a-electric-multiple-unit-with-1211-pieces\/"},"modified":"2023-02-16T12:00:39","modified_gmt":"2023-02-16T05:00:39","slug":"mould-king-12021-world-railway-harmony-crh380a-electric-multiple-unit-with-1211-pieces","status":"publish","type":"product","link":"https:\/\/mouldking.store\/nb\/shop\/mould-king-12021-world-railway-harmony-crh380a-electric-multiple-unit-with-1211-pieces\/","title":{"rendered":"MOLD KING 12021 World Railway: Harmony CRH380A elektrisk multippelenhet med 1211 stykker"},"content":{"rendered":"<div>\u2705MouldKing 12021 World Railway: Harmony CRH380A elektrisk multippelenhet<\/p>\n<p>\u2705Harmony CRH380A Electric Multiple Unit (EMU) er en type h\u00f8yhastighetstog som brukes i Kina. Den ble designet for \u00e5 operere p\u00e5 landets omfattende h\u00f8yhastighetsnettverk, som forbinder byer over hele Kina med hastigheter p\u00e5 opptil 350 kilometer i timen.<\/p>\n<p>\ud83d\udeab VIKTIG!<\/p>\n<p>Produktnavn: World Railway: Harmony CRH380A elektrisk multippelenhet<\/p>\n<p>Kategori: Teknikk<\/p>\n<p>Dette settet inneholder: MouldKing 12021<\/p>\n<p>1211 stk Klosser av god kvalitet<\/p>\n<p>St\u00f8rrelse: 56,2 \u00d7 13,7 \u00d7 6,1 cm<\/p>\n<p>Manuelle instruksjoner<\/p>\n<p>\ud83d\udcccProtagonistens natur<\/p>\n<p>Vi introduserer v\u00e5r stolte kolleksjon kalt &quot;World Railway: Harmony CRH380A Electric Multiple Unit&quot; du ikke b\u00f8r g\u00e5 glipp av.<\/p>\n<p>Harmony CRH380A EMU er et elegant og moderne tog som er utstyrt med avanserte funksjoner og teknologi. Den har en str\u00f8mlinjeformet kropp og er malt i et karakteristisk r\u00f8dt og s\u00f8lvfargeskjema. Toget drives av et sett med elektriske motorer, som henter energien fra luftledninger. Den er i stand til \u00e5 akselerere raskt og kan n\u00e5 toppfarten p\u00e5 350 kilometer i timen p\u00e5 bare noen f\u00e5 minutter. Toget er designet for \u00e5 v\u00e6re komfortabelt og effektivt, med et romslig og velutstyrt interi\u00f8r som inkluderer funksjoner som komfortable seter, Wi-Fi og klimaanlegg.<\/div>","protected":false},"excerpt":{"rendered":"<p>Merke: MOLD KING<br \/>\nKj\u00f8nn: Unisex<br \/>\nAldersgruppe: &gt; 8 \u00e5r gammel<br \/>\nModellnummer: 12021<br \/>\nKlassifisering: Montering<br \/>\nPlastblokkform: Selvl\u00e5sende murstein<br \/>\nMateriale: Plast<br \/>\nPlasttype: ABS<br \/>\nMursteinsblokker: 1211+<br \/>\nForh\u00e5ndssalg<\/p>","protected":false},"featured_media":41793,"comment_status":"open","ping_status":"closed","template":"","meta":{"_acf_changed":false},"product_cat":[1357,364],"product_tag":[9981,11332,11250,389,11080,8802],"class_list":["product","first","instock","shipping-taxable","purchasable","product-type-simple"],"acf":[],"_links":{"self":[{"href":"https:\/\/mouldking.store\/nb\/wp-json\/wp\/v2\/product\/41794","targetHints":{"allow":["GET"]}}],"collection":[{"href":"https:\/\/mouldking.store\/nb\/wp-json\/wp\/v2\/product"}],"about":[{"href":"https:\/\/mouldking.store\/nb\/wp-json\/wp\/v2\/types\/product"}],"replies":[{"embeddable":true,"href":"https:\/\/mouldking.store\/nb\/wp-json\/wp\/v2\/comments?post=41794"}],"wp:featuredmedia":[{"embeddable":true,"href":"https:\/\/mouldking.store\/nb\/wp-json\/wp\/v2\/media\/41793"}],"wp:attachment":[{"href":"https:\/\/mouldking.store\/nb\/wp-json\/wp\/v2\/media?parent=41794"}],"wp:term":[{"taxonomy":"product_cat","embeddable":true,"href":"https:\/\/mouldking.store\/nb\/wp-json\/wp\/v2\/product_cat?post=41794"},{"taxonomy":"product_tag","embeddable":true,"href":"https:\/\/mouldking.store\/nb\/wp-json\/wp\/v2\/product_tag?post=41794"}],"curies":[{"name":"wp","href":"https:\/\/api.w.org\/{rel}","templated":true}]}}