{"id":41811,"date":"2023-02-17T09:41:50","date_gmt":"2023-02-17T02:41:50","guid":{"rendered":"https:\/\/mouldking.store\/shop\/zhegao-01030-cruise-liner-molecular-of-the-seas-with-2428-pieces\/"},"modified":"2023-02-17T09:41:50","modified_gmt":"2023-02-17T02:41:50","slug":"zhegao-01030-cruise-liner-molecular-of-the-seas-with-2428-pieces","status":"publish","type":"product","link":"https:\/\/mouldking.store\/nb\/shop\/zhegao-01030-cruise-liner-molecular-of-the-seas-with-2428-pieces\/","title":{"rendered":"ZHEGAO 01030 Cruise Liner Molecular of the Seas med 2428 stykker"},"content":{"rendered":"<div>\u2705 ZHEGAO 01030 Cruise Liner Molecular of the Seas<\/p>\n<p>\u2705Molecular of the Seas er et luksuri\u00f8st og innovativt cruiseskip designet for \u00e5 tilby en unik og uforglemmelig opplevelse til sine gjester.<\/p>\n<p>\ud83d\udeab VIKTIG!<\/p>\n<p>Produktnavn: Cruise Liner Molecular of the Seas<\/p>\n<p>Kategori: Teknikk<\/p>\n<p>Dette settet inneholder: ZHEGAO 01030<\/p>\n<p>2428 stk Klosser av god kvalitet<\/p>\n<p>St\u00f8rrelse: 49 \u00d7 18 cm<\/p>\n<p>Manuelle instruksjoner<\/p>\n<p>\ud83d\udcccProtagonistens natur<\/p>\n<p>Vi introduserer v\u00e5r stolte kolleksjon kalt &quot;Cruise Liner Molecular of the Seas&quot; du ikke b\u00f8r g\u00e5 glipp av.<\/p>\n<p>Cruise Liner: Molecular of the Seas tilh\u00f8rer byggeklosssettet til den kreative mesterserien, og hele settet inneholder 2428 byggeklosspartikler. F\u00f8rste utgivelse i 2022.<\/p><\/div>","protected":false},"excerpt":{"rendered":"<p>Merke: ZHEGAO<br \/>\nKj\u00f8nn: Unisex<br \/>\nAldersgruppe: &gt; 6 \u00e5r gammel<br \/>\nModellnummer: 01030<br \/>\nKlassifisering: Montering<br \/>\nPlastblokkform: Selvl\u00e5sende murstein<br \/>\nMateriale: Plast<br \/>\nPlasttype: ABS<br \/>\nMursteinsblokker: 2428 +<br \/>\nIngen boks<\/p>","protected":false},"featured_media":41807,"comment_status":"open","ping_status":"closed","template":"","meta":{"_acf_changed":false},"product_cat":[1357,364],"product_tag":[11335,304,389,11080],"class_list":["product","first","instock","shipping-taxable","purchasable","product-type-simple"],"acf":[],"_links":{"self":[{"href":"https:\/\/mouldking.store\/nb\/wp-json\/wp\/v2\/product\/41811","targetHints":{"allow":["GET"]}}],"collection":[{"href":"https:\/\/mouldking.store\/nb\/wp-json\/wp\/v2\/product"}],"about":[{"href":"https:\/\/mouldking.store\/nb\/wp-json\/wp\/v2\/types\/product"}],"replies":[{"embeddable":true,"href":"https:\/\/mouldking.store\/nb\/wp-json\/wp\/v2\/comments?post=41811"}],"wp:featuredmedia":[{"embeddable":true,"href":"https:\/\/mouldking.store\/nb\/wp-json\/wp\/v2\/media\/41807"}],"wp:attachment":[{"href":"https:\/\/mouldking.store\/nb\/wp-json\/wp\/v2\/media?parent=41811"}],"wp:term":[{"taxonomy":"product_cat","embeddable":true,"href":"https:\/\/mouldking.store\/nb\/wp-json\/wp\/v2\/product_cat?post=41811"},{"taxonomy":"product_tag","embeddable":true,"href":"https:\/\/mouldking.store\/nb\/wp-json\/wp\/v2\/product_tag?post=41811"}],"curies":[{"name":"wp","href":"https:\/\/api.w.org\/{rel}","templated":true}]}}