{"id":41860,"date":"2023-02-20T12:27:50","date_gmt":"2023-02-20T05:27:50","guid":{"rendered":"https:\/\/mouldking.store\/shop\/moc-factory-60164-boushh-helmet-with-590-pieces\/"},"modified":"2025-12-16T22:25:17","modified_gmt":"2025-12-16T15:25:17","slug":"moc-factory-60164-boushh-helmet-with-590-pieces","status":"publish","type":"product","link":"https:\/\/mouldking.store\/nb\/shop\/moc-factory-60164-boushh-helmet-with-590-pieces\/","title":{"rendered":"MOC Factory 60164 Boushh hjelm med 590 stk"},"content":{"rendered":"<div>\u2705 MOC 60164 Boushh hjelm<\/p>\n<p>\u2705Boushh-hjelmen er en type hodeplagg som b\u00e6res av karakteren prinsesse Leia i Star Wars-universet. Hjelmen er omtalt i filmen &quot;Return of the Jedi&quot;, n\u00e5r Leia bruker den som en del av en forkledning for \u00e5 infiltrere palasset til Jabba the Hutt p\u00e5 planeten Tatooine for \u00e5 redde Han Solo.<\/p>\n<p>\ud83d\udeab VIKTIG!<\/p>\n<p>Produktnavn: Boushh Hjelm<\/p>\n<p>Kategori: Star Wars<\/p>\n<p>Dette settet inneholder: MOC 60164<\/p>\n<p>590 stk god kvalitet murstein<\/p>\n<p>St\u00f8rrelse: 15 x 7 x 14 cm<\/p>\n<p>PDF-instruksjoner<\/p>\n<p>\ud83d\udcccProtagonistens natur<\/p>\n<p>Vi introduserer v\u00e5r stolte kolleksjon kalt &quot;Boushh Helmet&quot; du ikke b\u00f8r g\u00e5 glipp av.<\/p>\n<p>Boushh-hjelmen er designet for \u00e5 skjule Leias identitet og har et s\u00e6regent, skremmende utseende. Hjelmen dekker hele hodet og ansiktet til Leia, med et T-formet visir som lar henne se. Hjelmen inkluderer ogs\u00e5 et pusteapparat og en stemmemodulator som endrer Leias stemme for \u00e5 gj\u00f8re den dypere og mer truende.<\/p><\/div>","protected":false},"excerpt":{"rendered":"<p>Merke: MOC Factory<br \/>\nKj\u00f8nn: Unisex<br \/>\nAldersgruppe: &gt; 8 \u00e5r gammel<br \/>\nModellnummer: 60164<br \/>\nKlassifisering: Montering<br \/>\nPlastblokkform: Selvl\u00e5sende murstein<br \/>\nMateriale: Plast<br \/>\nPlasttype: ABS<br \/>\nMursteinsblokker: 590 +<br \/>\nIngen boks<\/p>","protected":false},"featured_media":41857,"comment_status":"open","ping_status":"closed","template":"","meta":{"_acf_changed":false},"product_cat":[581,6016,415,1408],"product_tag":[11343,8047,434,2276,436],"class_list":["product","first","instock","shipping-taxable","purchasable","product-type-simple"],"acf":[],"_links":{"self":[{"href":"https:\/\/mouldking.store\/nb\/wp-json\/wp\/v2\/product\/41860","targetHints":{"allow":["GET"]}}],"collection":[{"href":"https:\/\/mouldking.store\/nb\/wp-json\/wp\/v2\/product"}],"about":[{"href":"https:\/\/mouldking.store\/nb\/wp-json\/wp\/v2\/types\/product"}],"replies":[{"embeddable":true,"href":"https:\/\/mouldking.store\/nb\/wp-json\/wp\/v2\/comments?post=41860"}],"wp:featuredmedia":[{"embeddable":true,"href":"https:\/\/mouldking.store\/nb\/wp-json\/wp\/v2\/media\/41857"}],"wp:attachment":[{"href":"https:\/\/mouldking.store\/nb\/wp-json\/wp\/v2\/media?parent=41860"}],"wp:term":[{"taxonomy":"product_cat","embeddable":true,"href":"https:\/\/mouldking.store\/nb\/wp-json\/wp\/v2\/product_cat?post=41860"},{"taxonomy":"product_tag","embeddable":true,"href":"https:\/\/mouldking.store\/nb\/wp-json\/wp\/v2\/product_tag?post=41860"}],"curies":[{"name":"wp","href":"https:\/\/api.w.org\/{rel}","templated":true}]}}