{"id":41900,"date":"2023-02-20T15:05:35","date_gmt":"2023-02-20T08:05:35","guid":{"rendered":"https:\/\/mouldking.store\/shop\/reobrix-683-dodge-viper-racer-car-with-419-pieces\/"},"modified":"2023-02-20T15:05:35","modified_gmt":"2023-02-20T08:05:35","slug":"reobrix-683-dodge-viper-racer-car-with-419-pieces","status":"publish","type":"product","link":"https:\/\/mouldking.store\/nb\/shop\/reobrix-683-dodge-viper-racer-car-with-419-pieces\/","title":{"rendered":"REOBRIX 683 Dodge Viper Racerbil med 419 deler"},"content":{"rendered":"<div>\u2705 Reobrix 683 Dodge Viper racerbil<br \/>&nbsp;<br \/>\u2705Dodge Viper Racer-bilen er en h\u00f8yytelses sportsbil som er designet for racingform\u00e5l. Den er basert p\u00e5 Dodge Viper, en popul\u00e6r sportsbil produsert av den amerikanske bilprodusenten Dodge.<br \/>&nbsp;<br \/>\ud83d\udeab VIKTIG!&nbsp;<br \/>&nbsp;<br \/>Produktnavn: Dodge Viper Racer Car<br \/>&nbsp;<br \/>Kategori: Teknikk<br \/>&nbsp;<br \/>Dette settet inneholder: Reobrix 683<br \/>&nbsp;<br \/>419 stk god kvalitet murstein&nbsp;<br \/>&nbsp;<br \/>St\u00f8rrelse: 16,6 x 7,8 x 4,9 cm<br \/>&nbsp;<br \/>Manuelle instruksjoner&nbsp;<br \/>&nbsp;<br \/>\ud83d\udcccProtagonistens natur&nbsp;<br \/>&nbsp;<br \/>Vi introduserer v\u00e5r stolte kolleksjon kalt &quot;Dodge Viper Racer Car&quot; du ikke b\u00f8r g\u00e5 glipp av.&nbsp;<\/p>\n<p>Viper Racer-bilen er spesielt designet for racing og har en rekke avanserte funksjoner og teknologi som gj\u00f8r den sv\u00e6rt konkurransedyktig p\u00e5 racerbanen. Disse funksjonene kan inkludere lettvektskonstruksjon, h\u00f8yytelsesmotorer, aerodynamiske kroppssett og spesialiserte racingdekk. Bilen er ogs\u00e5 strippet ned for \u00e5 redusere vekten og \u00f8ke ytelsen, med funksjoner som klimaanlegg og lydsystemer fjernet. Dodge Viper Racer-bilen har et s\u00e6regent utseende, med slanke og kantete linjer og en lav, aggressiv holdning. Den kan inneholde en rekke racing-designer og sponsorlogoer, i tillegg til andre unike visuelle funksjoner som aerodynamiske vinger og spoilere.<\/p><\/div>","protected":false},"excerpt":{"rendered":"<p>Merke: REOBRIX<br \/>\nKj\u00f8nn: Unisex<br \/>\nAldersgruppe: &gt; 14 \u00e5r gammel<br \/>\nModellnummer: 683<br \/>\nKlassifisering: Montering<br \/>\nPlastblokkform: Selvl\u00e5sende murstein<br \/>\nMateriale: Plast<br \/>\nPlasttype: ABS<br \/>\nMursteinsblokker: 419+<br \/>\nIngen boks<\/p>","protected":false},"featured_media":41897,"comment_status":"open","ping_status":"closed","template":"","meta":{"_acf_changed":false},"product_cat":[1360,1357,364],"product_tag":[457,10882,11354,7761,389,11080,11355],"class_list":["product","first","instock","shipping-taxable","purchasable","product-type-simple"],"acf":[],"_links":{"self":[{"href":"https:\/\/mouldking.store\/nb\/wp-json\/wp\/v2\/product\/41900","targetHints":{"allow":["GET"]}}],"collection":[{"href":"https:\/\/mouldking.store\/nb\/wp-json\/wp\/v2\/product"}],"about":[{"href":"https:\/\/mouldking.store\/nb\/wp-json\/wp\/v2\/types\/product"}],"replies":[{"embeddable":true,"href":"https:\/\/mouldking.store\/nb\/wp-json\/wp\/v2\/comments?post=41900"}],"wp:featuredmedia":[{"embeddable":true,"href":"https:\/\/mouldking.store\/nb\/wp-json\/wp\/v2\/media\/41897"}],"wp:attachment":[{"href":"https:\/\/mouldking.store\/nb\/wp-json\/wp\/v2\/media?parent=41900"}],"wp:term":[{"taxonomy":"product_cat","embeddable":true,"href":"https:\/\/mouldking.store\/nb\/wp-json\/wp\/v2\/product_cat?post=41900"},{"taxonomy":"product_tag","embeddable":true,"href":"https:\/\/mouldking.store\/nb\/wp-json\/wp\/v2\/product_tag?post=41900"}],"curies":[{"name":"wp","href":"https:\/\/api.w.org\/{rel}","templated":true}]}}