{"id":41945,"date":"2023-02-20T16:30:13","date_gmt":"2023-02-20T09:30:13","guid":{"rendered":"https:\/\/mouldking.store\/shop\/balody-21058-gingerbread-house-with-1026-pieces\/"},"modified":"2023-02-20T16:30:13","modified_gmt":"2023-02-20T09:30:13","slug":"balody-21058-gingerbread-house-with-1026-pieces","status":"publish","type":"product","link":"https:\/\/mouldking.store\/nb\/shop\/balody-21058-gingerbread-house-with-1026-pieces\/","title":{"rendered":"BALODY 21058 Pepperkakehus med 1026 stk"},"content":{"rendered":"<div>\u2705 BALODY 21058 Pepperkakehus<br \/>&nbsp;<br \/>\u2705Et pepperkakehus er en festlig og dekorativ feriegodbit som ofte er laget av pepperkakedeig, glasur og ulike typer godteri eller s\u00f8tsaker. Pepperkakedeigen kuttes i former og settes sammen for \u00e5 danne husets vegger, tak og andre strukturelle elementer. Glasuren brukes til \u00e5 lime bitene sammen og legge til dekorative funksjoner som vinduer, d\u00f8rer og andre detaljer. Godteri og s\u00f8tsaker tilsettes deretter for \u00e5 dekorere huset, for eksempel gumdrops, candy canes, sjokoladebiter og mer.<br \/>&nbsp;<br \/>\ud83d\udeab VIKTIG!&nbsp;<br \/>&nbsp;<br \/>Produktnavn: Gingerbread House<br \/>&nbsp;<br \/>Kategori: Skaper&nbsp;<br \/>&nbsp;<br \/>Dette settet inneholder: BALODY 21058&nbsp;<br \/>&nbsp;<br \/>1026 stk Klosser av god kvalitet&nbsp;<br \/>&nbsp;<br \/>St\u00f8rrelse: 18,6 \u00d7 8,6 \u00d7 12,7 cm<br \/>&nbsp;<br \/>Manuelle instruksjoner&nbsp;<br \/>&nbsp;<br \/>\ud83d\udcccProtagonistens natur&nbsp;<br \/>&nbsp;<br \/>Vi introduserer v\u00e5r stolte kolleksjon kalt &quot;Gingerbread House&quot; du ikke b\u00f8r g\u00e5 glipp av.&nbsp;<br \/>&nbsp;<br \/>Pepperkakehus kan komme i alle former og st\u00f8rrelser, fra sm\u00e5 og enkle til store og forseggjorte. De er ofte dekorert for \u00e5 se ut som tradisjonelle hus med skr\u00e5tak og skorsteiner, men de kan ogs\u00e5 anta mer fantasifulle former som slott, hytter eller til og med juletr\u00e6r. Pepperkakehus er en popul\u00e6r ferieaktivitet, ofte laget med familie eller venner, og kan vises som en festlig dekorasjon eller til og med spises som en velsmakende godbit. De er en elsket tradisjon i julesesongen og en morsom m\u00e5te \u00e5 feire h\u00f8ytidene p\u00e5.<\/div>","protected":false},"excerpt":{"rendered":"<p>Merke: BALODY<br \/>\nKj\u00f8nn: Unisex<br \/>\nAldersgruppe: &gt; 6 \u00e5r gammel<br \/>\nModellnummer: 21058<br \/>\nKlassifisering: Montering<br \/>\nPlastblokkform: Selvl\u00e5sende murstein<br \/>\nMateriale: Plast<br \/>\nPlasttype: ABS<br \/>\nMursteinsblokker: 1026+<br \/>\nForh\u00e5ndssalg<\/p>","protected":false},"featured_media":41941,"comment_status":"open","ping_status":"closed","template":"","meta":{"_acf_changed":false},"product_cat":[1365,1395,371,390],"product_tag":[11072,8452,7499,7502,2318,392],"class_list":["product","first","instock","shipping-taxable","purchasable","product-type-simple"],"acf":[],"_links":{"self":[{"href":"https:\/\/mouldking.store\/nb\/wp-json\/wp\/v2\/product\/41945","targetHints":{"allow":["GET"]}}],"collection":[{"href":"https:\/\/mouldking.store\/nb\/wp-json\/wp\/v2\/product"}],"about":[{"href":"https:\/\/mouldking.store\/nb\/wp-json\/wp\/v2\/types\/product"}],"replies":[{"embeddable":true,"href":"https:\/\/mouldking.store\/nb\/wp-json\/wp\/v2\/comments?post=41945"}],"wp:featuredmedia":[{"embeddable":true,"href":"https:\/\/mouldking.store\/nb\/wp-json\/wp\/v2\/media\/41941"}],"wp:attachment":[{"href":"https:\/\/mouldking.store\/nb\/wp-json\/wp\/v2\/media?parent=41945"}],"wp:term":[{"taxonomy":"product_cat","embeddable":true,"href":"https:\/\/mouldking.store\/nb\/wp-json\/wp\/v2\/product_cat?post=41945"},{"taxonomy":"product_tag","embeddable":true,"href":"https:\/\/mouldking.store\/nb\/wp-json\/wp\/v2\/product_tag?post=41945"}],"curies":[{"name":"wp","href":"https:\/\/api.w.org\/{rel}","templated":true}]}}