{"id":41966,"date":"2022-02-20T17:20:51","date_gmt":"2022-02-20T10:20:51","guid":{"rendered":"https:\/\/mouldking.store\/shop\/cogo-17015-dreaming-of-china-airlines-type-12322-bison-class-air-cushion-landing-craft-with-826-pieces\/"},"modified":"2023-03-10T11:03:15","modified_gmt":"2023-03-10T04:03:15","slug":"cogo-17015-dreaming-of-china-airlines-type-12322-bison-class-air-cushion-landing-craft-with-826-pieces","status":"publish","type":"product","link":"https:\/\/mouldking.store\/nb\/shop\/cogo-17015-dreaming-of-china-airlines-type-12322-bison-class-air-cushion-landing-craft-with-826-pieces\/","title":{"rendered":"CoGo 17015 Dreaming of China Airlines: Type 12322 Bison-klasse luftputelandingsfart\u00f8y med 826 stykker"},"content":{"rendered":"<div>\u2705COGO 17015 Dreaming of China Airlines: Type 12322 Bison-klasse Air Cushion Landing Craft<br \/>&nbsp;<br \/>\u2705 Type 12322 Bison-klasse Air Cushion Landing Craft er en type landingsfart\u00f8y som brukes av People&#039;s Liberation Army Navy (PLAN) i Kina. Den er designet for \u00e5 transportere tropper, utstyr og forsyninger fra skip til land under amfibiske operasjoner.<br \/>&nbsp;<br \/>\ud83d\udeab VIKTIG!&nbsp;<br \/>&nbsp;<br \/>Produktnavn: Dreaming of China Airlines: Type 12322 Bison-klasse Air Cushion Landing Craft<br \/>&nbsp;<br \/>Kategori: Milit\u00e6r<br \/>&nbsp;<br \/>Dette settet inneholder: COGO 17015<br \/>&nbsp;<br \/>826 stk Klosser av god kvalitet&nbsp;<br \/>&nbsp;<br \/>Manuelle instruksjoner&nbsp;<br \/>&nbsp;<br \/>\ud83d\udcccProtagonistens natur&nbsp;<br \/>&nbsp;<br \/>Vi introduserer v\u00e5r stolte kolleksjon kalt &quot;Dreaming of China Airlines: Type 12322 Bison-class Air Cushion Landing Craft&quot; du ikke b\u00f8r g\u00e5 glipp av.&nbsp;<\/p>\n<\/div>\n<div>Landingsfart\u00f8yet i Bison-klassen bruker et luftputesystem for \u00e5 l\u00f8fte fart\u00f8yet opp fra vannet og gi en jevn tur under h\u00f8yhastighetstransport. Dette gj\u00f8r at fart\u00f8yet kan operere p\u00e5 grunt vann og krysse vanskelig terreng som myrer, sandbanker og sn\u00f8dekte felt.<\/div>","protected":false},"excerpt":{"rendered":"<p>Merke: CoGo<br \/>\nKj\u00f8nn: Unisex<br \/>\nAldersgruppe: &gt; 6 \u00e5r gammel<br \/>\nModellnummer: 17015<br \/>\nKlassifisering: Montering<br \/>\nPlastblokkform: Selvl\u00e5sende murstein<br \/>\nMateriale: Plast<br \/>\nPlasttype: ABS<br \/>\nMursteinsblokker: 826 +<br \/>\nForh\u00e5ndssalg<\/p>","protected":false},"featured_media":41965,"comment_status":"open","ping_status":"closed","template":"","meta":{"_acf_changed":false},"product_cat":[1350,1357,372,364],"product_tag":[11202,11366,11365,10892,11364,11249,374,389],"class_list":["product","first","outofstock","shipping-taxable","purchasable","product-type-simple"],"acf":[],"_links":{"self":[{"href":"https:\/\/mouldking.store\/nb\/wp-json\/wp\/v2\/product\/41966","targetHints":{"allow":["GET"]}}],"collection":[{"href":"https:\/\/mouldking.store\/nb\/wp-json\/wp\/v2\/product"}],"about":[{"href":"https:\/\/mouldking.store\/nb\/wp-json\/wp\/v2\/types\/product"}],"replies":[{"embeddable":true,"href":"https:\/\/mouldking.store\/nb\/wp-json\/wp\/v2\/comments?post=41966"}],"wp:featuredmedia":[{"embeddable":true,"href":"https:\/\/mouldking.store\/nb\/wp-json\/wp\/v2\/media\/41965"}],"wp:attachment":[{"href":"https:\/\/mouldking.store\/nb\/wp-json\/wp\/v2\/media?parent=41966"}],"wp:term":[{"taxonomy":"product_cat","embeddable":true,"href":"https:\/\/mouldking.store\/nb\/wp-json\/wp\/v2\/product_cat?post=41966"},{"taxonomy":"product_tag","embeddable":true,"href":"https:\/\/mouldking.store\/nb\/wp-json\/wp\/v2\/product_tag?post=41966"}],"curies":[{"name":"wp","href":"https:\/\/api.w.org\/{rel}","templated":true}]}}