{"id":41970,"date":"2022-02-20T17:36:56","date_gmt":"2022-02-20T10:36:56","guid":{"rendered":"https:\/\/mouldking.store\/shop\/cogo-17010-hongqi-6-search-radar-vehicle-and-air-defense-radar-vehicle-with-416-pieces\/"},"modified":"2023-03-10T11:03:04","modified_gmt":"2023-03-10T04:03:04","slug":"cogo-17010-hongqi-6-search-radar-vehicle-and-air-defense-radar-vehicle-with-416-pieces","status":"publish","type":"product","link":"https:\/\/mouldking.store\/nb\/shop\/cogo-17010-hongqi-6-search-radar-vehicle-and-air-defense-radar-vehicle-with-416-pieces\/","title":{"rendered":"CoGo 17010 Hongqi 6 s\u00f8keradarkj\u00f8ret\u00f8y og luftforsvarsradarkj\u00f8ret\u00f8y med 416 deler"},"content":{"rendered":"<div>\u2705 COGO 17010 Hongqi 6 Search Radar kj\u00f8ret\u00f8y og luftforsvars radar kj\u00f8ret\u00f8y<br \/>&nbsp;<br \/>\u2705Hongqi 6 (HQ-6) er et mellomdistanse overflate-til-luft missil (SAM) system utviklet av Kina. HQ-6-systemet er designet for \u00e5 forsvare seg mot lavtflygende fly, helikoptre og kryssermissiler. Den best\u00e5r av en rekke komponenter, inkludert rakettoppkastere, kommando- og kontrollkj\u00f8ret\u00f8yer og s\u00f8ke- og radarkj\u00f8ret\u00f8yer.<br \/>&nbsp;<br \/>\ud83d\udeab VIKTIG!&nbsp;<br \/>&nbsp;<br \/>Produktnavn: Hongqi 6 Search Radar Vehicle og Air Defence Radar Vehicle<br \/>&nbsp;<br \/>Kategori: Milit\u00e6r<br \/>&nbsp;<br \/>Dette settet inneholder: COGO 17010<br \/>&nbsp;<br \/>416 stk god kvalitet murstein&nbsp;<br \/>&nbsp;<br \/>Manuelle instruksjoner&nbsp;<br \/>&nbsp;<br \/>\ud83d\udcccProtagonistens natur&nbsp;<br \/>&nbsp;<br \/>Vi introduserer v\u00e5r stolte samling kalt &quot;Hongqi 6 Search Radar Vehicle and Air Defence Radar Vehicle&quot; du ikke b\u00f8r g\u00e5 glipp av.&nbsp;<br \/>&nbsp;<br \/>Hongqi 6 s\u00f8keradarkj\u00f8ret\u00f8y er en av n\u00f8kkelkomponentene i HQ-6-systemet. Det er et kj\u00f8ret\u00f8ymontert radarsystem som brukes til \u00e5 oppdage og spore innkommende m\u00e5l, og gir dataene som trengs for \u00e5 skyte ut missiler og engasjere trusler. S\u00f8keradarkj\u00f8ret\u00f8yet er utstyrt med en kraftig radarantenne som roterer for \u00e5 skanne luftrommet rundt for innkommende trusler.<\/div>","protected":false},"excerpt":{"rendered":"<p>Merke: CoGo<br \/>\nKj\u00f8nn: Unisex<br \/>\nAldersgruppe: &gt; 6 \u00e5r gammel<br \/>\nModellnummer: 17010<br \/>\nKlassifisering: Montering<br \/>\nPlastblokkform: Selvl\u00e5sende murstein<br \/>\nMateriale: Plast<br \/>\nPlasttype: ABS<br \/>\nMursteinsblokker: 416 +<br \/>\nForh\u00e5ndssalg<\/p>","protected":false},"featured_media":41969,"comment_status":"open","ping_status":"closed","template":"","meta":{"_acf_changed":false},"product_cat":[1350,1357,372,364],"product_tag":[11202,11322,374,11368,389,2803],"class_list":["product","first","outofstock","shipping-taxable","purchasable","product-type-simple"],"acf":[],"_links":{"self":[{"href":"https:\/\/mouldking.store\/nb\/wp-json\/wp\/v2\/product\/41970","targetHints":{"allow":["GET"]}}],"collection":[{"href":"https:\/\/mouldking.store\/nb\/wp-json\/wp\/v2\/product"}],"about":[{"href":"https:\/\/mouldking.store\/nb\/wp-json\/wp\/v2\/types\/product"}],"replies":[{"embeddable":true,"href":"https:\/\/mouldking.store\/nb\/wp-json\/wp\/v2\/comments?post=41970"}],"wp:featuredmedia":[{"embeddable":true,"href":"https:\/\/mouldking.store\/nb\/wp-json\/wp\/v2\/media\/41969"}],"wp:attachment":[{"href":"https:\/\/mouldking.store\/nb\/wp-json\/wp\/v2\/media?parent=41970"}],"wp:term":[{"taxonomy":"product_cat","embeddable":true,"href":"https:\/\/mouldking.store\/nb\/wp-json\/wp\/v2\/product_cat?post=41970"},{"taxonomy":"product_tag","embeddable":true,"href":"https:\/\/mouldking.store\/nb\/wp-json\/wp\/v2\/product_tag?post=41970"}],"curies":[{"name":"wp","href":"https:\/\/api.w.org\/{rel}","templated":true}]}}