{"id":42027,"date":"2023-02-22T10:41:32","date_gmt":"2023-02-22T03:41:32","guid":{"rendered":"https:\/\/mouldking.store\/shop\/reobrix-688-speed-champions-blue-rolls-royce-boat-tai-racer-car-with-417-pieces\/"},"modified":"2023-02-22T10:41:32","modified_gmt":"2023-02-22T03:41:32","slug":"reobrix-688-speed-champions-blue-rolls-royce-boat-tai-racer-car-with-417-pieces","status":"publish","type":"product","link":"https:\/\/mouldking.store\/nb\/shop\/reobrix-688-speed-champions-blue-rolls-royce-boat-tai-racer-car-with-417-pieces\/","title":{"rendered":"REOBRIX 688 Speed Champions bl\u00e5 Rolls-Royce Boat Tai racerbil med 417 deler"},"content":{"rendered":"<div>\u2705 Reobrix 688 Speed Champions Blue Rolls-Royce Boat Tai Racer Car&nbsp;<br \/>&nbsp;<br \/>\u2705Rolls-Royce Boat Tail er faktisk en luksusbilmodell fra Rolls-Royce, og det er ikke en b\u00e5t eller en racerbil. Boat Tail-modellen ble avduket i mai 2021 og er et sv\u00e6rt tilpasset kj\u00f8ret\u00f8y i begrenset opplag som ble laget for en privat kunde.<br \/>&nbsp;<br \/>\ud83d\udeab VIKTIG!&nbsp;<br \/>&nbsp;<br \/>Produktnavn: Speed Champions Blue Rolls-Royce Boat Tai Racer Car&nbsp;<br \/>&nbsp;<br \/>Kategori: Teknikk<br \/>&nbsp;<br \/>Dette settet inneholder: Reobrix 688<br \/>&nbsp;<br \/>417 stk god kvalitet murstein&nbsp;<br \/>&nbsp;<br \/>St\u00f8rrelse: 19,1 x 7,9 x 5,3 cm<br \/>&nbsp;<br \/>Manuelle instruksjoner&nbsp;<br \/>&nbsp;<br \/>\ud83d\udcccProtagonistens natur&nbsp;<br \/>&nbsp;<br \/>Vi introduserer v\u00e5r stolte kolleksjon kalt &quot;Speed Champions Blue Rolls-Royce Boat Tai Racer Car&quot; du ikke b\u00f8r g\u00e5 glipp av.&nbsp;<br \/>&nbsp;<br \/>Rolls-Royce Boat Tail er en to-d\u00f8rs, fire-seters cabriolet som har en s\u00e6regen design inspirert av klassiske bussbygde biler fra 1920- og 1930-tallet. Den har en lang hette, en lavt slengt kropp og en avsmalnet bakre ende som ligner formen p\u00e5 en b\u00e5thale. Bilen er h\u00e5ndbygget og har en rekke skreddersydde detaljer, inkludert et h\u00e5ndpolert aluminiumskarosseri, unike hjul og et spesialbygget dashbord.<\/div>","protected":false},"excerpt":{"rendered":"<p>Merke: REOBRIX<br \/>\nKj\u00f8nn: Unisex<br \/>\nAldersgruppe: &gt; 14 \u00e5r gammel<br \/>\nModellnummer: 688<br \/>\nKlassifisering: Montering<br \/>\nPlastblokkform: Selvl\u00e5sende murstein<br \/>\nMateriale: Plast<br \/>\nPlasttype: ABS<br \/>\nMursteinsblokker: 417 +<br \/>\nIngen boks<\/p>","protected":false},"featured_media":42023,"comment_status":"open","ping_status":"closed","template":"","meta":{"_acf_changed":false},"product_cat":[1360,1357,364],"product_tag":[6471,457,7761,3472,6633,11384,389,11080],"class_list":["product","first","instock","shipping-taxable","purchasable","product-type-simple"],"acf":[],"_links":{"self":[{"href":"https:\/\/mouldking.store\/nb\/wp-json\/wp\/v2\/product\/42027","targetHints":{"allow":["GET"]}}],"collection":[{"href":"https:\/\/mouldking.store\/nb\/wp-json\/wp\/v2\/product"}],"about":[{"href":"https:\/\/mouldking.store\/nb\/wp-json\/wp\/v2\/types\/product"}],"replies":[{"embeddable":true,"href":"https:\/\/mouldking.store\/nb\/wp-json\/wp\/v2\/comments?post=42027"}],"wp:featuredmedia":[{"embeddable":true,"href":"https:\/\/mouldking.store\/nb\/wp-json\/wp\/v2\/media\/42023"}],"wp:attachment":[{"href":"https:\/\/mouldking.store\/nb\/wp-json\/wp\/v2\/media?parent=42027"}],"wp:term":[{"taxonomy":"product_cat","embeddable":true,"href":"https:\/\/mouldking.store\/nb\/wp-json\/wp\/v2\/product_cat?post=42027"},{"taxonomy":"product_tag","embeddable":true,"href":"https:\/\/mouldking.store\/nb\/wp-json\/wp\/v2\/product_tag?post=42027"}],"curies":[{"name":"wp","href":"https:\/\/api.w.org\/{rel}","templated":true}]}}