{"id":42073,"date":"2022-02-22T11:49:17","date_gmt":"2022-02-22T04:49:17","guid":{"rendered":"https:\/\/mouldking.store\/shop\/cogo-17004-type-093-shang-class-submarine-with-160-pieces\/"},"modified":"2023-03-10T11:02:32","modified_gmt":"2023-03-10T04:02:32","slug":"cogo-17004-type-093-shang-class-submarine-with-160-pieces","status":"publish","type":"product","link":"https:\/\/mouldking.store\/nb\/shop\/cogo-17004-type-093-shang-class-submarine-with-160-pieces\/","title":{"rendered":"CoGo 17004 Type 093 Shang-klasse ub\u00e5t med 160 stykker"},"content":{"rendered":"<div>\u2705 COGO 17004 Type 093 Shang-klasse ub\u00e5t<br \/>&nbsp;<br \/>\u2705Ub\u00e5ten Type 093 Shang-klassen er en atomdrevet angrepsub\u00e5t utviklet av Folkerepublikken Kina. Det er den f\u00f8rste generasjonen atomdrevne ub\u00e5ter utviklet av Kina og er designet for \u00e5 erstatte den eldre Type 091-ub\u00e5ten.<br \/>&nbsp;<br \/>\ud83d\udeab VIKTIG!&nbsp;<br \/>&nbsp;<br \/>Produktnavn: Type 093 Shang-klasse ub\u00e5t<br \/>&nbsp;<br \/>Kategori: Milit\u00e6r<br \/>&nbsp;<br \/>Dette settet inneholder: COGO 17004<br \/>&nbsp;<br \/>160 stk god kvalitet murstein&nbsp;<br \/>&nbsp;<br \/>Manuelle instruksjoner&nbsp;<br \/>&nbsp;<br \/>\ud83d\udcccProtagonistens natur&nbsp;<br \/>&nbsp;<br \/>Vi introduserer v\u00e5r stolte kolleksjon kalt &quot;Type 093 Shang-klasse ub\u00e5t&quot; du ikke b\u00f8r g\u00e5 glipp av.&nbsp;<br \/>&nbsp;<br \/>Type 093-ub\u00e5ten er et moderne design med avansert teknologi, inkludert et nytt ekkoloddsystem, en forbedret reaktor og stilleg\u00e5ende fremdriftssystem, som gj\u00f8r den vanskeligere \u00e5 oppdage. Den er ogs\u00e5 utstyrt med anti-skip og anti-ub\u00e5t missiler, torpedoer og miner.<\/div>","protected":false},"excerpt":{"rendered":"<p>Merke: CoGo<br \/>\nKj\u00f8nn: Unisex<br \/>\nAldersgruppe: &gt; 6 \u00e5r gammel<br \/>\nModellnummer: 17004<br \/>\nKlassifisering: Montering<br \/>\nPlastblokkform: Selvl\u00e5sende murstein<br \/>\nMateriale: Plast<br \/>\nPlasttype: ABS<br \/>\nMursteinsblokker: 160+<br \/>\nForh\u00e5ndssalg<\/p>","protected":false},"featured_media":42071,"comment_status":"open","ping_status":"closed","template":"","meta":{"_acf_changed":false},"product_cat":[1350,1357,372,364],"product_tag":[11364,374,11392,11252,389],"class_list":["product","first","outofstock","shipping-taxable","purchasable","product-type-simple"],"acf":[],"_links":{"self":[{"href":"https:\/\/mouldking.store\/nb\/wp-json\/wp\/v2\/product\/42073","targetHints":{"allow":["GET"]}}],"collection":[{"href":"https:\/\/mouldking.store\/nb\/wp-json\/wp\/v2\/product"}],"about":[{"href":"https:\/\/mouldking.store\/nb\/wp-json\/wp\/v2\/types\/product"}],"replies":[{"embeddable":true,"href":"https:\/\/mouldking.store\/nb\/wp-json\/wp\/v2\/comments?post=42073"}],"wp:featuredmedia":[{"embeddable":true,"href":"https:\/\/mouldking.store\/nb\/wp-json\/wp\/v2\/media\/42071"}],"wp:attachment":[{"href":"https:\/\/mouldking.store\/nb\/wp-json\/wp\/v2\/media?parent=42073"}],"wp:term":[{"taxonomy":"product_cat","embeddable":true,"href":"https:\/\/mouldking.store\/nb\/wp-json\/wp\/v2\/product_cat?post=42073"},{"taxonomy":"product_tag","embeddable":true,"href":"https:\/\/mouldking.store\/nb\/wp-json\/wp\/v2\/product_tag?post=42073"}],"curies":[{"name":"wp","href":"https:\/\/api.w.org\/{rel}","templated":true}]}}