{"id":42083,"date":"2022-02-22T12:16:10","date_gmt":"2022-02-22T05:16:10","guid":{"rendered":"https:\/\/mouldking.store\/shop\/cogo-17008-y-20-transport-aircraft-with-403-pieces\/"},"modified":"2023-03-10T11:02:08","modified_gmt":"2023-03-10T04:02:08","slug":"cogo-17008-y-20-transport-aircraft-with-403-pieces","status":"publish","type":"product","link":"https:\/\/mouldking.store\/nb\/shop\/cogo-17008-y-20-transport-aircraft-with-403-pieces\/","title":{"rendered":"CoGo 17008 Y-20 transportfly med 403 stykker"},"content":{"rendered":"<div>\u2705 COGO 17008 Y-20 transportfly<br \/>&nbsp;<br \/>\u2705Y-20 transportfly er et stort milit\u00e6rt transportfly utviklet av Folkerepublikken Kina. Den er designet for \u00e5 gi strategisk luftl\u00f8ftkapasitet til det kinesiske milit\u00e6ret, slik at det kan transportere tropper, utstyr og forsyninger over lange avstander.<br \/>&nbsp;<br \/>\ud83d\udeab VIKTIG!&nbsp;<br \/>&nbsp;<br \/>Produktnavn: Y-20 transportfly<br \/>&nbsp;<br \/>Kategori: Milit\u00e6r<br \/>&nbsp;<br \/>Dette settet inneholder: COGO 17008<br \/>&nbsp;<br \/>403 stk god kvalitet murstein&nbsp;<br \/>&nbsp;<br \/>St\u00f8rrelse: 33,1 \u00d7 13,2 cm<br \/>&nbsp;<br \/>Manuelle instruksjoner&nbsp;<br \/>&nbsp;<br \/>\ud83d\udcccProtagonistens natur&nbsp;<br \/>&nbsp;<br \/>Vi introduserer v\u00e5r stolte kolleksjon kalt &quot;Y-20 Transport Aircraft&quot; du ikke b\u00f8r g\u00e5 glipp av.&nbsp;<br \/>&nbsp;<br \/>Y-20 er en betydelig prestasjon for Kinas luftfartsindustri og representerer et stort skritt fremover i dens milit\u00e6re moderniseringsinnsats. Med sin store nyttelastkapasitet og langdistansekapasitet forventes Y-20 \u00e5 spille en viktig rolle i Kinas fremtidige milit\u00e6re operasjoner og strategiske luftl\u00f8ftkapasiteter.<\/div>","protected":false},"excerpt":{"rendered":"<p>Merke: CoGo<br \/>\nKj\u00f8nn: Unisex<br \/>\nAldersgruppe: &gt; 6 \u00e5r gammel<br \/>\nModellnummer: 17008<br \/>\nKlassifisering: Montering<br \/>\nPlastblokkform: Selvl\u00e5sende murstein<br \/>\nMateriale: Plast<br \/>\nPlasttype: ABS<br \/>\nMursteinsblokker: 403 +<br \/>\nForh\u00e5ndssalg<\/p>","protected":false},"featured_media":42081,"comment_status":"open","ping_status":"closed","template":"","meta":{"_acf_changed":false},"product_cat":[1350,1357,372,364],"product_tag":[5271,11364,374,389,11222],"class_list":["product","first","outofstock","shipping-taxable","purchasable","product-type-simple"],"acf":[],"_links":{"self":[{"href":"https:\/\/mouldking.store\/nb\/wp-json\/wp\/v2\/product\/42083","targetHints":{"allow":["GET"]}}],"collection":[{"href":"https:\/\/mouldking.store\/nb\/wp-json\/wp\/v2\/product"}],"about":[{"href":"https:\/\/mouldking.store\/nb\/wp-json\/wp\/v2\/types\/product"}],"replies":[{"embeddable":true,"href":"https:\/\/mouldking.store\/nb\/wp-json\/wp\/v2\/comments?post=42083"}],"wp:featuredmedia":[{"embeddable":true,"href":"https:\/\/mouldking.store\/nb\/wp-json\/wp\/v2\/media\/42081"}],"wp:attachment":[{"href":"https:\/\/mouldking.store\/nb\/wp-json\/wp\/v2\/media?parent=42083"}],"wp:term":[{"taxonomy":"product_cat","embeddable":true,"href":"https:\/\/mouldking.store\/nb\/wp-json\/wp\/v2\/product_cat?post=42083"},{"taxonomy":"product_tag","embeddable":true,"href":"https:\/\/mouldking.store\/nb\/wp-json\/wp\/v2\/product_tag?post=42083"}],"curies":[{"name":"wp","href":"https:\/\/api.w.org\/{rel}","templated":true}]}}