{"id":42093,"date":"2023-02-22T14:24:30","date_gmt":"2023-02-22T07:24:30","guid":{"rendered":"https:\/\/mouldking.store\/shop\/moc-factory-137608-micro-batcave-and-wayne-manor-the-animated-series-btas-with-2502-pieces\/"},"modified":"2025-12-16T22:25:16","modified_gmt":"2025-12-16T15:25:16","slug":"moc-factory-137608-micro-batcave-and-wayne-manor-the-animated-series-btas-with-2502-pieces","status":"publish","type":"product","link":"https:\/\/mouldking.store\/nb\/shop\/moc-factory-137608-micro-batcave-and-wayne-manor-the-animated-series-btas-with-2502-pieces\/","title":{"rendered":"MOC Factory 137608 Micro Batcave og Wayne Manor Den animerte serien BTAS med 2502 stykker"},"content":{"rendered":"<div>\u2705 MOC-137608 Micro Batcave og Wayne Manor The Animated Series BTAS<\/p>\n<p>\u2705The Batcave er et fiktivt sted i DC Comics-universet som fungerer som det hemmelige hovedkvarteret til superhelten Batman. Det er et skjult underjordisk hulesystem som ligger under Wayne Manor, stamhjemmet til Bruce Wayne, som er Batmans alter ego.<\/p>\n<p>\ud83d\udeab VIKTIG!<\/p>\n<p>Produktnavn: Micro Batcave og Wayne Manor The Animated Series BTAS<\/p>\n<p>Kategori: Film<\/p>\n<p>Dette settet inneholder: MOC-137608<\/p>\n<p>2502 stk god kvalitet murstein<\/p>\n<p>PDF-instruksjoner<\/p>\n<p>\ud83d\udcccProtagonistens natur<\/p>\n<p>Vi introduserer v\u00e5r stolte kolleksjon kalt &quot;Micro Batcave and Wayne Manor The Animated Series BTAS&quot; du ikke b\u00f8r g\u00e5 glipp av.<\/p>\n<p>Batcave brukes av Batman som en sikker operasjonsbase, hvor han kan lagre utstyret, kj\u00f8ret\u00f8yene og v\u00e5pnene sine, utf\u00f8re vitenskapelig forskning og planlegge sine kriminalitetsbekjempende strategier. Det huser ogs\u00e5 trof\u00e9rommet hans, som viser minner fra hans forskjellige eventyr og kamper.<\/p><\/div>","protected":false},"excerpt":{"rendered":"<p>Merke: MOC Factory<br \/>\nKj\u00f8nn: Unisex<br \/>\nAldersgruppe: &gt; 12 \u00e5r gammel<br \/>\nModellnummer: 137608<br \/>\nKlassifisering: Montering<br \/>\nPlastblokkform: Selvl\u00e5sende murstein<br \/>\nMateriale: Plast<br \/>\nPlasttype: ABS<br \/>\nMursteinsblokker: 2502 +<br \/>\nArrangementstid: 4-8 uker<\/p>","protected":false},"featured_media":42090,"comment_status":"open","ping_status":"closed","template":"","meta":{"_acf_changed":false},"product_cat":[1395,390,581,1408],"product_tag":[11397,11398,4883,392,434],"class_list":["product","first","instock","shipping-taxable","purchasable","product-type-simple"],"acf":[],"_links":{"self":[{"href":"https:\/\/mouldking.store\/nb\/wp-json\/wp\/v2\/product\/42093","targetHints":{"allow":["GET"]}}],"collection":[{"href":"https:\/\/mouldking.store\/nb\/wp-json\/wp\/v2\/product"}],"about":[{"href":"https:\/\/mouldking.store\/nb\/wp-json\/wp\/v2\/types\/product"}],"replies":[{"embeddable":true,"href":"https:\/\/mouldking.store\/nb\/wp-json\/wp\/v2\/comments?post=42093"}],"wp:featuredmedia":[{"embeddable":true,"href":"https:\/\/mouldking.store\/nb\/wp-json\/wp\/v2\/media\/42090"}],"wp:attachment":[{"href":"https:\/\/mouldking.store\/nb\/wp-json\/wp\/v2\/media?parent=42093"}],"wp:term":[{"taxonomy":"product_cat","embeddable":true,"href":"https:\/\/mouldking.store\/nb\/wp-json\/wp\/v2\/product_cat?post=42093"},{"taxonomy":"product_tag","embeddable":true,"href":"https:\/\/mouldking.store\/nb\/wp-json\/wp\/v2\/product_tag?post=42093"}],"curies":[{"name":"wp","href":"https:\/\/api.w.org\/{rel}","templated":true}]}}