{"id":42096,"date":"2023-02-22T14:30:55","date_gmt":"2023-02-22T07:30:55","guid":{"rendered":"https:\/\/mouldking.store\/shop\/sembo-609308-digimon-gao-shiyue-with-260-pieces\/"},"modified":"2023-03-10T10:47:32","modified_gmt":"2023-03-10T03:47:32","slug":"sembo-609308-digimon-gao-shiyue-with-260-pieces","status":"publish","type":"product","link":"https:\/\/mouldking.store\/nb\/shop\/sembo-609308-digimon-gao-shiyue-with-260-pieces\/","title":{"rendered":"SEMBO 609308 Digimon: Gao Shiyue med 260 stykker"},"content":{"rendered":"<div>\u2705SEMBO 609308 Digimon: Gao Shiyue<br \/>&nbsp;<br \/>\u2705Digimon Adventure er en japansk anime-TV-serie og mediefranchise skapt av Akiyoshi Hongo og produsert av Toei Animation. Franchisen begynte i 1997 med utgivelsen av den f\u00f8rste Digimon virtuelle kj\u00e6ledyrenheten, og har siden utvidet seg til \u00e5 omfatte anime-serier, filmer, manga, videospill og andre medier.<br \/>&nbsp;<br \/>\ud83d\udeab VIKTIG!&nbsp;<br \/>&nbsp;<br \/>Product Name: Digimon: Gao Shiyue<\/p>\n<p>Kategori: Skaper&nbsp;<br \/>&nbsp;<br \/>This Kit Contains: SEMBO 609308<br \/>&nbsp;<br \/>260 pcs Good Quality Bricks&nbsp;<br \/>&nbsp;<br \/>Size: 10.6 \u00d7 6.7 \u00d7 12 cm<br \/>&nbsp;<br \/>Manuelle instruksjoner&nbsp;<br \/>&nbsp;<br \/>\ud83d\udcccProtagonistens natur&nbsp;<br \/>&nbsp;<br \/>Introducing our proud collection named \u201cDigimon: Gao Shiyue\u201d you should not miss.&nbsp;<br \/>&nbsp;<br \/>Den originale Digimon Adventure anime-serien ble sendt fra 1999 til 2000 og f\u00f8lger eventyrene til en gruppe barn som blir fraktet til en digital verden, hvor de m\u00f8ter og samarbeider med digitale monstre kjent som &quot;Digimon&quot; for \u00e5 kjempe mot onde krefter og redde b\u00e5de de digitale og menneskelige verdener.<\/div>","protected":false},"excerpt":{"rendered":"<p>Merke: SEMBO<br \/>\nKj\u00f8nn: Unisex<br \/>\nAldersgruppe: &gt; 6 \u00e5r gammel<br \/>\nModel Number: 609308<br \/>\nKlassifisering: Montering<br \/>\nPlastblokkform: Selvl\u00e5sende murstein<br \/>\nMateriale: Plast<br \/>\nPlasttype: ABS<br \/>\nBricks Blocks: 260 +<br \/>\nForh\u00e5ndssalg<\/p>","protected":false},"featured_media":42094,"comment_status":"open","ping_status":"closed","template":"","meta":{"_acf_changed":false},"product_cat":[1365,371],"product_tag":[6470,11072,8452,11399,11400],"class_list":["product","first","outofstock","shipping-taxable","purchasable","product-type-simple"],"acf":[],"_links":{"self":[{"href":"https:\/\/mouldking.store\/nb\/wp-json\/wp\/v2\/product\/42096","targetHints":{"allow":["GET"]}}],"collection":[{"href":"https:\/\/mouldking.store\/nb\/wp-json\/wp\/v2\/product"}],"about":[{"href":"https:\/\/mouldking.store\/nb\/wp-json\/wp\/v2\/types\/product"}],"replies":[{"embeddable":true,"href":"https:\/\/mouldking.store\/nb\/wp-json\/wp\/v2\/comments?post=42096"}],"wp:featuredmedia":[{"embeddable":true,"href":"https:\/\/mouldking.store\/nb\/wp-json\/wp\/v2\/media\/42094"}],"wp:attachment":[{"href":"https:\/\/mouldking.store\/nb\/wp-json\/wp\/v2\/media?parent=42096"}],"wp:term":[{"taxonomy":"product_cat","embeddable":true,"href":"https:\/\/mouldking.store\/nb\/wp-json\/wp\/v2\/product_cat?post=42096"},{"taxonomy":"product_tag","embeddable":true,"href":"https:\/\/mouldking.store\/nb\/wp-json\/wp\/v2\/product_tag?post=42096"}],"curies":[{"name":"wp","href":"https:\/\/api.w.org\/{rel}","templated":true}]}}