{"id":42099,"date":"2023-02-22T14:42:17","date_gmt":"2023-02-22T07:42:17","guid":{"rendered":"https:\/\/mouldking.store\/shop\/sembo-609307-digimon-light-yagami-with-292-pieces\/"},"modified":"2023-03-10T10:47:29","modified_gmt":"2023-03-10T03:47:29","slug":"sembo-609307-digimon-light-yagami-with-292-pieces","status":"publish","type":"product","link":"https:\/\/mouldking.store\/nb\/shop\/sembo-609307-digimon-light-yagami-with-292-pieces\/","title":{"rendered":"SEMBO 609307 Digimon: Light Yagami with 292 Pieces"},"content":{"rendered":"<div>\u2705SEMBO 609307 Digimon: Light Yagami<br \/>&nbsp;<br \/>\u2705Digimon Adventure er en japansk anime-TV-serie og mediefranchise skapt av Akiyoshi Hongo og produsert av Toei Animation. Franchisen begynte i 1997 med utgivelsen av den f\u00f8rste Digimon virtuelle kj\u00e6ledyrenheten, og har siden utvidet seg til \u00e5 omfatte anime-serier, filmer, manga, videospill og andre medier.<br \/>&nbsp;<br \/>\ud83d\udeab VIKTIG!&nbsp;<br \/>&nbsp;<br \/>Product Name: Digimon: Light Yagami<\/p>\n<p>Kategori: Skaper&nbsp;<br \/>&nbsp;<br \/>This Kit Contains: SEMBO 609307&nbsp;<br \/>&nbsp;<br \/>292 pcs Good Quality Bricks&nbsp;<br \/>&nbsp;<br \/>Size: 9.4 \u00d7 7.4 \u00d7 13.2 cm<br \/>&nbsp;<br \/>Manuelle instruksjoner&nbsp;<br \/>&nbsp;<br \/>\ud83d\udcccProtagonistens natur&nbsp;<br \/>&nbsp;<br \/>Introducing our proud collection named \u201cDigimon: Light Yagami\u201d you should not miss.&nbsp;<br \/>&nbsp;<br \/>Den originale Digimon Adventure anime-serien ble sendt fra 1999 til 2000 og f\u00f8lger eventyrene til en gruppe barn som blir fraktet til en digital verden, hvor de m\u00f8ter og samarbeider med digitale monstre kjent som &quot;Digimon&quot; for \u00e5 kjempe mot onde krefter og redde b\u00e5de de digitale og menneskelige verdener.<\/div>","protected":false},"excerpt":{"rendered":"<p>Merke: SEMBO<br \/>\nKj\u00f8nn: Unisex<br \/>\nAldersgruppe: &gt; 6 \u00e5r gammel<br \/>\nModel Number: 609307<br \/>\nKlassifisering: Montering<br \/>\nPlastblokkform: Selvl\u00e5sende murstein<br \/>\nMateriale: Plast<br \/>\nPlasttype: ABS<br \/>\nBricks Blocks: 292 +<br \/>\nForh\u00e5ndssalg<\/p>","protected":false},"featured_media":42097,"comment_status":"open","ping_status":"closed","template":"","meta":{"_acf_changed":false},"product_cat":[1365,371],"product_tag":[6470,11072,8452,11399,11401],"class_list":["product","first","outofstock","shipping-taxable","purchasable","product-type-simple"],"acf":[],"_links":{"self":[{"href":"https:\/\/mouldking.store\/nb\/wp-json\/wp\/v2\/product\/42099","targetHints":{"allow":["GET"]}}],"collection":[{"href":"https:\/\/mouldking.store\/nb\/wp-json\/wp\/v2\/product"}],"about":[{"href":"https:\/\/mouldking.store\/nb\/wp-json\/wp\/v2\/types\/product"}],"replies":[{"embeddable":true,"href":"https:\/\/mouldking.store\/nb\/wp-json\/wp\/v2\/comments?post=42099"}],"wp:featuredmedia":[{"embeddable":true,"href":"https:\/\/mouldking.store\/nb\/wp-json\/wp\/v2\/media\/42097"}],"wp:attachment":[{"href":"https:\/\/mouldking.store\/nb\/wp-json\/wp\/v2\/media?parent=42099"}],"wp:term":[{"taxonomy":"product_cat","embeddable":true,"href":"https:\/\/mouldking.store\/nb\/wp-json\/wp\/v2\/product_cat?post=42099"},{"taxonomy":"product_tag","embeddable":true,"href":"https:\/\/mouldking.store\/nb\/wp-json\/wp\/v2\/product_tag?post=42099"}],"curies":[{"name":"wp","href":"https:\/\/api.w.org\/{rel}","templated":true}]}}