{"id":42105,"date":"2023-02-22T14:53:46","date_gmt":"2023-02-22T07:53:46","guid":{"rendered":"https:\/\/mouldking.store\/shop\/sembo-609305-digimon-koshiro-izumi-with-272-pieces\/"},"modified":"2023-03-10T10:47:21","modified_gmt":"2023-03-10T03:47:21","slug":"sembo-609305-digimon-koshiro-izumi-with-272-pieces","status":"publish","type":"product","link":"https:\/\/mouldking.store\/nb\/shop\/sembo-609305-digimon-koshiro-izumi-with-272-pieces\/","title":{"rendered":"SEMBO 609305 Digimon: Koshiro Izumi med 272 deler"},"content":{"rendered":"<div>\u2705SEMBO 609305 Digimon: Koshiro Izumi<br \/>&nbsp;<br \/>\u2705Digimon Adventure er en japansk anime-TV-serie og mediefranchise skapt av Akiyoshi Hongo og produsert av Toei Animation. Franchisen begynte i 1997 med utgivelsen av den f\u00f8rste Digimon virtuelle kj\u00e6ledyrenheten, og har siden utvidet seg til \u00e5 omfatte anime-serier, filmer, manga, videospill og andre medier.<br \/>&nbsp;<br \/>\ud83d\udeab VIKTIG!&nbsp;<br \/>&nbsp;<br \/>Product Name: Digimon: Koshiro Izumi<\/p>\n<p>Kategori: Skaper&nbsp;<br \/>&nbsp;<br \/>This Kit Contains: SEMBO 609305&nbsp;<br \/>&nbsp;<br \/>272 pcs Good Quality Bricks&nbsp;<br \/>&nbsp;<br \/>Size: 6.4 \u00d7 7 \u00d7 14 cm<br \/>&nbsp;<br \/>Manuelle instruksjoner&nbsp;<br \/>&nbsp;<br \/>\ud83d\udcccProtagonistens natur&nbsp;<br \/>&nbsp;<br \/>Introducing our proud collection named \u201cDigimon: Koshiro Izumi\u201d you should not miss.&nbsp;<br \/>&nbsp;<br \/>Den originale Digimon Adventure anime-serien ble sendt fra 1999 til 2000 og f\u00f8lger eventyrene til en gruppe barn som blir fraktet til en digital verden, hvor de m\u00f8ter og samarbeider med digitale monstre kjent som &quot;Digimon&quot; for \u00e5 kjempe mot onde krefter og redde b\u00e5de de digitale og menneskelige verdener.<\/div>","protected":false},"excerpt":{"rendered":"<p>Merke: SEMBO<br \/>\nKj\u00f8nn: Unisex<br \/>\nAldersgruppe: &gt; 6 \u00e5r gammel<br \/>\nModel Number: 609305<br \/>\nKlassifisering: Montering<br \/>\nPlastblokkform: Selvl\u00e5sende murstein<br \/>\nMateriale: Plast<br \/>\nPlasttype: ABS<br \/>\nBricks Blocks: 272 +<br \/>\nForh\u00e5ndssalg<\/p>","protected":false},"featured_media":42103,"comment_status":"open","ping_status":"closed","template":"","meta":{"_acf_changed":false},"product_cat":[1365,371],"product_tag":[6470,11072,8452,11399,11403],"class_list":["product","first","outofstock","shipping-taxable","purchasable","product-type-simple"],"acf":[],"_links":{"self":[{"href":"https:\/\/mouldking.store\/nb\/wp-json\/wp\/v2\/product\/42105","targetHints":{"allow":["GET"]}}],"collection":[{"href":"https:\/\/mouldking.store\/nb\/wp-json\/wp\/v2\/product"}],"about":[{"href":"https:\/\/mouldking.store\/nb\/wp-json\/wp\/v2\/types\/product"}],"replies":[{"embeddable":true,"href":"https:\/\/mouldking.store\/nb\/wp-json\/wp\/v2\/comments?post=42105"}],"wp:featuredmedia":[{"embeddable":true,"href":"https:\/\/mouldking.store\/nb\/wp-json\/wp\/v2\/media\/42103"}],"wp:attachment":[{"href":"https:\/\/mouldking.store\/nb\/wp-json\/wp\/v2\/media?parent=42105"}],"wp:term":[{"taxonomy":"product_cat","embeddable":true,"href":"https:\/\/mouldking.store\/nb\/wp-json\/wp\/v2\/product_cat?post=42105"},{"taxonomy":"product_tag","embeddable":true,"href":"https:\/\/mouldking.store\/nb\/wp-json\/wp\/v2\/product_tag?post=42105"}],"curies":[{"name":"wp","href":"https:\/\/api.w.org\/{rel}","templated":true}]}}