{"id":42110,"date":"2023-02-22T14:57:09","date_gmt":"2023-02-22T07:57:09","guid":{"rendered":"https:\/\/mouldking.store\/shop\/sembo-609304-digimon-tachikawa-mimi-with-281-pieces\/"},"modified":"2023-03-10T10:47:15","modified_gmt":"2023-03-10T03:47:15","slug":"sembo-609304-digimon-tachikawa-mimi-with-281-pieces","status":"publish","type":"product","link":"https:\/\/mouldking.store\/nb\/shop\/sembo-609304-digimon-tachikawa-mimi-with-281-pieces\/","title":{"rendered":"SEMBO 609304 Digimon: Tachikawa Mimi med 281 stykker"},"content":{"rendered":"<div>\u2705SEMBO 609304 Digimon: Tachikawa Mimi<br \/>&nbsp;<br \/>\u2705Digimon Adventure er en japansk anime-TV-serie og mediefranchise skapt av Akiyoshi Hongo og produsert av Toei Animation. Franchisen begynte i 1997 med utgivelsen av den f\u00f8rste Digimon virtuelle kj\u00e6ledyrenheten, og har siden utvidet seg til \u00e5 omfatte anime-serier, filmer, manga, videospill og andre medier.<br \/>&nbsp;<br \/>\ud83d\udeab VIKTIG!&nbsp;<br \/>&nbsp;<br \/>Produktnavn: Digimon: Tachikawa Mimi<\/p>\n<p>Kategori: Skaper&nbsp;<br \/>&nbsp;<br \/>Dette settet inneholder: SEMBO 609304&nbsp;<br \/>&nbsp;<br \/>281 stk god kvalitet murstein&nbsp;<br \/>&nbsp;<br \/>St\u00f8rrelse: 7,2 \u00d7 8,5 \u00d7 15,4 cm<br \/>&nbsp;<br \/>Manuelle instruksjoner&nbsp;<br \/>&nbsp;<br \/>\ud83d\udcccProtagonistens natur&nbsp;<br \/>&nbsp;<br \/>Vi introduserer v\u00e5r stolte kolleksjon kalt &quot;Digimon: Tachikawa Mimi&quot; du ikke b\u00f8r g\u00e5 glipp av.&nbsp;<br \/>&nbsp;<br \/>Den originale Digimon Adventure anime-serien ble sendt fra 1999 til 2000 og f\u00f8lger eventyrene til en gruppe barn som blir fraktet til en digital verden, hvor de m\u00f8ter og samarbeider med digitale monstre kjent som &quot;Digimon&quot; for \u00e5 kjempe mot onde krefter og redde b\u00e5de de digitale og menneskelige verdener.<\/div>","protected":false},"excerpt":{"rendered":"<p>Merke: SEMBO<br \/>\nKj\u00f8nn: Unisex<br \/>\nAldersgruppe: &gt; 6 \u00e5r gammel<br \/>\nModellnummer: 609304<br \/>\nKlassifisering: Montering<br \/>\nPlastblokkform: Selvl\u00e5sende murstein<br \/>\nMateriale: Plast<br \/>\nPlasttype: ABS<br \/>\nMursteinsblokker: 281+<br \/>\nForh\u00e5ndssalg<\/p>","protected":false},"featured_media":42108,"comment_status":"open","ping_status":"closed","template":"","meta":{"_acf_changed":false},"product_cat":[1365,371],"product_tag":[6470,11072,8452,11399,11404],"class_list":["product","first","outofstock","shipping-taxable","purchasable","product-type-simple"],"acf":[],"_links":{"self":[{"href":"https:\/\/mouldking.store\/nb\/wp-json\/wp\/v2\/product\/42110","targetHints":{"allow":["GET"]}}],"collection":[{"href":"https:\/\/mouldking.store\/nb\/wp-json\/wp\/v2\/product"}],"about":[{"href":"https:\/\/mouldking.store\/nb\/wp-json\/wp\/v2\/types\/product"}],"replies":[{"embeddable":true,"href":"https:\/\/mouldking.store\/nb\/wp-json\/wp\/v2\/comments?post=42110"}],"wp:featuredmedia":[{"embeddable":true,"href":"https:\/\/mouldking.store\/nb\/wp-json\/wp\/v2\/media\/42108"}],"wp:attachment":[{"href":"https:\/\/mouldking.store\/nb\/wp-json\/wp\/v2\/media?parent=42110"}],"wp:term":[{"taxonomy":"product_cat","embeddable":true,"href":"https:\/\/mouldking.store\/nb\/wp-json\/wp\/v2\/product_cat?post=42110"},{"taxonomy":"product_tag","embeddable":true,"href":"https:\/\/mouldking.store\/nb\/wp-json\/wp\/v2\/product_tag?post=42110"}],"curies":[{"name":"wp","href":"https:\/\/api.w.org\/{rel}","templated":true}]}}