{"id":42129,"date":"2023-02-22T18:21:15","date_gmt":"2023-02-22T11:21:15","guid":{"rendered":"https:\/\/mouldking.store\/shop\/sembo-609323-digimon-agumon-collectors-edition-with-1805-pieces\/"},"modified":"2025-06-19T17:45:41","modified_gmt":"2025-06-19T10:45:41","slug":"sembo-609323-digimon-agumon-collectors-edition-with-1805-pieces","status":"publish","type":"product","link":"https:\/\/mouldking.store\/nb\/shop\/sembo-609323-digimon-agumon-collectors-edition-with-1805-pieces\/","title":{"rendered":"SEMBO 609323 Digimon: Agumon Collector&#8217;s Edition with 1805 Pieces"},"content":{"rendered":"<div>\u2705 SEMBO 609323 Digimon: Agumon Collector&#039;s Edition<br \/>&nbsp;<br \/>\u2705Digimon er en mediefranchise skapt av Akiyoshi Hongo, som best\u00e5r av diverse digitale monstre (forkortelse for \u00abDigital Monsters\u00bb) som lever i en parallell digital verden. Franchisen inkluderer videospill, anime-serier, filmer, manga, samlekortspill og andre varer.<\/div>\n<div>\ud83d\udeab VIKTIG!&nbsp;<br \/>&nbsp;<br \/>Produktnavn: Digimon: Agumon Collector&#039;s Edition<br \/>&nbsp;<br \/>Kategori: Skaper&nbsp;<br \/>&nbsp;<br \/>Dette settet inneholder: SEMBO 609323<br \/>&nbsp;<br \/>1805 stk. klosser av god kvalitet&nbsp;<br \/>&nbsp;<br \/>St\u00f8rrelse: 31 \u00d7 23,6 \u00d7 27,5 cm<br \/>&nbsp;<br \/>Manuelle instruksjoner&nbsp;<br \/>&nbsp;<br \/>\ud83d\udcccProtagonistens natur&nbsp;<br \/>&nbsp;<br \/>Vi introduserer v\u00e5r stolte kolleksjon kalt \u00abDigimon: Agumon Collector&#039;s Edition\u00bb som du ikke b\u00f8r g\u00e5 glipp av.&nbsp;<br \/>&nbsp;<br \/>Agumon Collector&#039;s Edition refererer til en spesialversjon av et produkt eller en vare med Agumon, en popul\u00e6r karakter fra Digimon-serien. Vanligvis inkluderer en samlerutgave eksklusivt innhold eller bonusgjenstander som ikke er tilgjengelige i standardversjonen av produktet. For eksempel kan et Agumon Collector&#039;s Edition-videospill inkludere unike gjenstander i spillet, et spesialetui eller en spesialemballasje og andre fysiske eller digitale ekstramaterialer.<\/div>","protected":false},"excerpt":{"rendered":"<p>Merke: SEMBO<br \/>\nKj\u00f8nn: Unisex<br \/>\nAldersgruppe: &gt; 6 \u00e5r gammel<br \/>\nModel Number: 609323<br \/>\nKlassifisering: Montering<br \/>\nPlastblokkform: Selvl\u00e5sende murstein<br \/>\nMateriale: Plast<br \/>\nPlasttype: ABS<br \/>\nBricks Blocks: 1805 +<br \/>\nForh\u00e5ndssalg<\/p>","protected":false},"featured_media":42127,"comment_status":"open","ping_status":"closed","template":"","meta":{"_acf_changed":false},"product_cat":[1365,371],"product_tag":[6470,11411,11412,11072,8452,11399],"class_list":["product","first","instock","shipping-taxable","purchasable","product-type-simple"],"acf":[],"_links":{"self":[{"href":"https:\/\/mouldking.store\/nb\/wp-json\/wp\/v2\/product\/42129","targetHints":{"allow":["GET"]}}],"collection":[{"href":"https:\/\/mouldking.store\/nb\/wp-json\/wp\/v2\/product"}],"about":[{"href":"https:\/\/mouldking.store\/nb\/wp-json\/wp\/v2\/types\/product"}],"replies":[{"embeddable":true,"href":"https:\/\/mouldking.store\/nb\/wp-json\/wp\/v2\/comments?post=42129"}],"wp:featuredmedia":[{"embeddable":true,"href":"https:\/\/mouldking.store\/nb\/wp-json\/wp\/v2\/media\/42127"}],"wp:attachment":[{"href":"https:\/\/mouldking.store\/nb\/wp-json\/wp\/v2\/media?parent=42129"}],"wp:term":[{"taxonomy":"product_cat","embeddable":true,"href":"https:\/\/mouldking.store\/nb\/wp-json\/wp\/v2\/product_cat?post=42129"},{"taxonomy":"product_tag","embeddable":true,"href":"https:\/\/mouldking.store\/nb\/wp-json\/wp\/v2\/product_tag?post=42129"}],"curies":[{"name":"wp","href":"https:\/\/api.w.org\/{rel}","templated":true}]}}