{"id":42157,"date":"2023-02-23T10:25:28","date_gmt":"2023-02-23T03:25:28","guid":{"rendered":"https:\/\/mouldking.store\/shop\/lw-7014-bumblebee-robot-deformation-with-792-pieces\/"},"modified":"2023-02-23T10:25:28","modified_gmt":"2023-02-23T03:25:28","slug":"lw-7014-bumblebee-robot-deformation-with-792-pieces","status":"publish","type":"product","link":"https:\/\/mouldking.store\/nb\/shop\/lw-7014-bumblebee-robot-deformation-with-792-pieces\/","title":{"rendered":"LW 7014 humlerobotdeformasjon med 792 stykker"},"content":{"rendered":"<div>\u2705 LW 7014 humlerobotdeformasjon<br \/>&nbsp;<br \/>\u2705Bumblebee er en fiktiv karakter fra Transformers-serien, som oppsto som en serie leker produsert av Hasbro p\u00e5 1980-tallet. Bumblebee er avbildet som en liten, gul Autobot som kan forvandle seg til en kompakt bil.<br \/>&nbsp;<br \/>\ud83d\udeab VIKTIG!&nbsp;<br \/>&nbsp;<br \/>Produktnavn: Bumblebee Robot Deformation<br \/>&nbsp;<br \/>Kategori: Skaper&nbsp;<br \/>&nbsp;<br \/>Dette settet inneholder: LW 7014<br \/>&nbsp;<br \/>792 stk Klosser av god kvalitet&nbsp;<br \/>&nbsp;<br \/>St\u00f8rrelse: 19,3 \u00d7 25 cm<br \/>&nbsp;<br \/>Manuelle instruksjoner&nbsp;<br \/>&nbsp;<br \/>\ud83d\udcccProtagonistens natur&nbsp;<br \/>&nbsp;<br \/>Vi introduserer v\u00e5r stolte kolleksjon kalt &quot;Bumblebee Robot Deformation&quot; du ikke b\u00f8r g\u00e5 glipp av.&nbsp;<br \/>&nbsp;<br \/>I den originale Transformers-animasjonsserien ble Bumblebee fremstilt som en lojal og modig kriger som tjente som speider og spion for Autobots. Han ble ofte fremstilt som ung og uerfaren, men ogs\u00e5 ressurssterk og m\u00e5lbevisst. I nyere tilpasninger, inkludert live-action Transformers-filmserien, har Bumblebee blitt fremstilt som en heroisk og modig kriger som er voldsomt lojal mot vennene og allierte. Han er ofte avbildet som en rask og smidig jagerfly, med en rekke v\u00e5pen og evner til disposisjon. Bumblebees evne til \u00e5 forvandle seg fra en robot til en bil (eller et annet kj\u00f8ret\u00f8y) er et sentralt trekk ved karakteren hans, og en som deles av mange andre Transformers. Denne evnen lar robotene forkle seg som hverdagsobjekter og gli inn i det menneskelige samfunn, samtidig som de gir et transportmiddel.<\/div>","protected":false},"excerpt":{"rendered":"<p>Merke: LW<br \/>\nKj\u00f8nn: Unisex<br \/>\nAldersgruppe: &gt; 6 \u00e5r gammel<br \/>\nModellnummer: 7014<br \/>\nKlassifisering: Montering<br \/>\nPlastblokkform: Selvl\u00e5sende murstein<br \/>\nMateriale: Plast<br \/>\nPlasttype: ABS<br \/>\nMursteinsblokker: 792 +<br \/>\nIngen boks<\/p>","protected":false},"featured_media":42151,"comment_status":"open","ping_status":"closed","template":"","meta":{"_acf_changed":false},"product_cat":[1365,581,1408],"product_tag":[6798,8452,11420,434,590],"class_list":["product","first","instock","shipping-taxable","purchasable","product-type-simple"],"acf":[],"_links":{"self":[{"href":"https:\/\/mouldking.store\/nb\/wp-json\/wp\/v2\/product\/42157","targetHints":{"allow":["GET"]}}],"collection":[{"href":"https:\/\/mouldking.store\/nb\/wp-json\/wp\/v2\/product"}],"about":[{"href":"https:\/\/mouldking.store\/nb\/wp-json\/wp\/v2\/types\/product"}],"replies":[{"embeddable":true,"href":"https:\/\/mouldking.store\/nb\/wp-json\/wp\/v2\/comments?post=42157"}],"wp:featuredmedia":[{"embeddable":true,"href":"https:\/\/mouldking.store\/nb\/wp-json\/wp\/v2\/media\/42151"}],"wp:attachment":[{"href":"https:\/\/mouldking.store\/nb\/wp-json\/wp\/v2\/media?parent=42157"}],"wp:term":[{"taxonomy":"product_cat","embeddable":true,"href":"https:\/\/mouldking.store\/nb\/wp-json\/wp\/v2\/product_cat?post=42157"},{"taxonomy":"product_tag","embeddable":true,"href":"https:\/\/mouldking.store\/nb\/wp-json\/wp\/v2\/product_tag?post=42157"}],"curies":[{"name":"wp","href":"https:\/\/api.w.org\/{rel}","templated":true}]}}