{"id":42178,"date":"2023-02-23T10:55:31","date_gmt":"2023-02-23T03:55:31","guid":{"rendered":"https:\/\/mouldking.store\/shop\/cada-c61052w-farm-tractor-with-1675-pieces\/"},"modified":"2023-02-23T10:55:31","modified_gmt":"2023-02-23T03:55:31","slug":"cada-c61052w-farm-tractor-with-1675-pieces","status":"publish","type":"product","link":"https:\/\/mouldking.store\/nb\/shop\/cada-c61052w-farm-tractor-with-1675-pieces\/","title":{"rendered":"CaDa C61052W G\u00e5rdstraktor med 1675 stk"},"content":{"rendered":"<div>\u2705 CaDa C61052W g\u00e5rdstraktor<br \/>&nbsp;<br \/>\u2705En g\u00e5rdstraktor er en type kj\u00f8ret\u00f8y som brukes i landbruket for \u00e5 utf\u00f8re en rekke oppgaver knyttet til jordbruk og arealforvaltning. Disse oppgavene kan omfatte jordbearbeiding, planting av avlinger, pl\u00f8ying av \u00e5kre, trekking av landbruksutstyr og flytting av tunge lass.<br \/>&nbsp;<br \/>\ud83d\udeab VIKTIG!&nbsp;<br \/>&nbsp;<br \/>Produktnavn: G\u00e5rdstraktor<br \/>&nbsp;<br \/>Kategori: Teknikk<br \/>&nbsp;<br \/>Dette settet inneholder: CaDa C61052W&nbsp;<br \/>&nbsp;<br \/>1675 stk Klosser av god kvalitet&nbsp;<br \/>&nbsp;<br \/>St\u00f8rrelse: 55 \u00d7 17 \u00d7 19,1 cm<br \/>&nbsp;<br \/>Manuelle instruksjoner&nbsp;<br \/>&nbsp;<br \/>\ud83d\udcccProtagonistens natur&nbsp;<br \/>&nbsp;<br \/>Vi introduserer v\u00e5r stolte kolleksjon kalt &quot;Farm Tractor&quot; du ikke b\u00f8r g\u00e5 glipp av.&nbsp;<br \/>&nbsp;<br \/>G\u00e5rdstraktorer er vanligvis designet for \u00e5 v\u00e6re holdbare, allsidige og i stand til \u00e5 operere i en rekke v\u00e6r- og terrengforhold. De kommer i et bredt spekter av st\u00f8rrelser og hestekrefter, med st\u00f8rre modeller som vanligvis brukes til tunge oppgaver som pl\u00f8ying og h\u00f8sting.<\/div>","protected":false},"excerpt":{"rendered":"<p>Merke: CaDa<br \/>\nKj\u00f8nn: Unisex<br \/>\nAldersgruppe: &gt; 8 \u00e5r gammel<br \/>\nModellnummer: C61052W<br \/>\nKlassifisering: Montering<br \/>\nPlastblokkform: Selvl\u00e5sende murstein<br \/>\nMateriale: Plast<br \/>\nPlasttype: ABS<br \/>\nMursteinsblokker: 1675+<br \/>\nMed original boks<\/p>","protected":false},"featured_media":42170,"comment_status":"open","ping_status":"closed","template":"","meta":{"_acf_changed":false},"product_cat":[1357,364],"product_tag":[11068,389,11080,6245],"class_list":["product","first","instock","shipping-taxable","purchasable","product-type-simple"],"acf":[],"_links":{"self":[{"href":"https:\/\/mouldking.store\/nb\/wp-json\/wp\/v2\/product\/42178","targetHints":{"allow":["GET"]}}],"collection":[{"href":"https:\/\/mouldking.store\/nb\/wp-json\/wp\/v2\/product"}],"about":[{"href":"https:\/\/mouldking.store\/nb\/wp-json\/wp\/v2\/types\/product"}],"replies":[{"embeddable":true,"href":"https:\/\/mouldking.store\/nb\/wp-json\/wp\/v2\/comments?post=42178"}],"wp:featuredmedia":[{"embeddable":true,"href":"https:\/\/mouldking.store\/nb\/wp-json\/wp\/v2\/media\/42170"}],"wp:attachment":[{"href":"https:\/\/mouldking.store\/nb\/wp-json\/wp\/v2\/media?parent=42178"}],"wp:term":[{"taxonomy":"product_cat","embeddable":true,"href":"https:\/\/mouldking.store\/nb\/wp-json\/wp\/v2\/product_cat?post=42178"},{"taxonomy":"product_tag","embeddable":true,"href":"https:\/\/mouldking.store\/nb\/wp-json\/wp\/v2\/product_tag?post=42178"}],"curies":[{"name":"wp","href":"https:\/\/api.w.org\/{rel}","templated":true}]}}