{"id":42231,"date":"2023-02-27T11:49:39","date_gmt":"2023-02-27T04:49:39","guid":{"rendered":"https:\/\/mouldking.store\/shop\/mould-king-10028-doge-charger-car-with-1439-pieces\/"},"modified":"2023-02-27T11:49:39","modified_gmt":"2023-02-27T04:49:39","slug":"mould-king-10028-doge-charger-car-with-1439-pieces","status":"publish","type":"product","link":"https:\/\/mouldking.store\/nb\/shop\/mould-king-10028-doge-charger-car-with-1439-pieces\/","title":{"rendered":"MOLD KING 10028 Doge Laderbil med 1439 stk"},"content":{"rendered":"<div>\u2705 Mold King 10028 Doge ladebil&nbsp;<br \/>&nbsp;<br \/>\u2705Dodge Charger er en fired\u00f8rs muskelbil produsert av den amerikanske bilprodusenten Dodge. Den har v\u00e6rt i produksjon siden 1966 og er for tiden inne i sin syvende generasjon, som ble introdusert i 2011. Charger er kjent for sine kraftige motorer, dristige stil og h\u00f8yytelsesegenskaper.<br \/>&nbsp;<br \/>\ud83d\udeab VIKTIG!&nbsp;<br \/>&nbsp;<br \/>Produktnavn: Doge Charger Car&nbsp;<br \/>&nbsp;<br \/>Kategori: Teknikk<br \/>&nbsp;<br \/>Dette settet inneholder: Mold King 10028&nbsp;<br \/>&nbsp;<br \/>1439 stk Klosser av god kvalitet&nbsp;<br \/>&nbsp;<br \/>St\u00f8rrelse: 32 x 14,6 x 9 cm<br \/>&nbsp;<br \/>Manuelle instruksjoner&nbsp;<br \/>&nbsp;<br \/>\ud83d\udcccProtagonistens natur&nbsp;<br \/>&nbsp;<br \/>Vi introduserer v\u00e5r stolte kolleksjon kalt &quot;Doge Charger Car&quot; du ikke b\u00f8r g\u00e5 glipp av.&nbsp;<br \/>&nbsp;<br \/>I dag produseres Dodge Charger fortsatt som en fired\u00f8rs sedan med en rekke motoralternativer, inkludert en 3,6-liters V6, en 5,7-liters Hemi V8, en 6,4-liters V8 og en superladet 6,2-liters V8 som produserer opptil 797 hestekrefter i Charger SRT Hellcat Redeye. Laderen fortsetter \u00e5 v\u00e6re et popul\u00e6rt valg for de som \u00f8nsker en kraftig og stilig bil med mye holdning.<\/div>","protected":false},"excerpt":{"rendered":"<p>Merke: MOLD KING<br \/>\nKj\u00f8nn: Unisex<br \/>\nAldersgruppe: &gt; 14 \u00e5r gammel<br \/>\nModellnummer: 10028<br \/>\nKlassifisering: Montering<br \/>\nPlastblokkform: Selvl\u00e5sende murstein<br \/>\nMateriale: Plast<br \/>\nPlasttype: ABS<br \/>\nMursteinsblokker: 1439 +<br \/>\nIngen boks<\/p>","protected":false},"featured_media":42225,"comment_status":"open","ping_status":"closed","template":"","meta":{"_acf_changed":false},"product_cat":[1360,1357,364],"product_tag":[457,11154,389,11080],"class_list":["product","first","instock","shipping-taxable","purchasable","product-type-simple"],"acf":[],"_links":{"self":[{"href":"https:\/\/mouldking.store\/nb\/wp-json\/wp\/v2\/product\/42231","targetHints":{"allow":["GET"]}}],"collection":[{"href":"https:\/\/mouldking.store\/nb\/wp-json\/wp\/v2\/product"}],"about":[{"href":"https:\/\/mouldking.store\/nb\/wp-json\/wp\/v2\/types\/product"}],"replies":[{"embeddable":true,"href":"https:\/\/mouldking.store\/nb\/wp-json\/wp\/v2\/comments?post=42231"}],"wp:featuredmedia":[{"embeddable":true,"href":"https:\/\/mouldking.store\/nb\/wp-json\/wp\/v2\/media\/42225"}],"wp:attachment":[{"href":"https:\/\/mouldking.store\/nb\/wp-json\/wp\/v2\/media?parent=42231"}],"wp:term":[{"taxonomy":"product_cat","embeddable":true,"href":"https:\/\/mouldking.store\/nb\/wp-json\/wp\/v2\/product_cat?post=42231"},{"taxonomy":"product_tag","embeddable":true,"href":"https:\/\/mouldking.store\/nb\/wp-json\/wp\/v2\/product_tag?post=42231"}],"curies":[{"name":"wp","href":"https:\/\/api.w.org\/{rel}","templated":true}]}}