{"id":42311,"date":"2023-02-28T10:31:26","date_gmt":"2023-02-28T03:31:26","guid":{"rendered":"https:\/\/mouldking.store\/shop\/moc-factory-130443-avatar-rda-helicopter-aerospatiale-sa-2-samson-with-931-pieces\/"},"modified":"2025-12-16T22:25:15","modified_gmt":"2025-12-16T15:25:15","slug":"moc-factory-130443-avatar-rda-helicopter-aerospatiale-sa-2-samson-with-931-pieces","status":"publish","type":"product","link":"https:\/\/mouldking.store\/nb\/shop\/moc-factory-130443-avatar-rda-helicopter-aerospatiale-sa-2-samson-with-931-pieces\/","title":{"rendered":"MOC Factory 130443 Avatar RDA Helikopter Aerospatiale SA-2 Samson med 931 stykker"},"content":{"rendered":"<div>\u2705 MOC-130443 Avatar RDA Helikopter Aerospatiale SA-2 Samson&nbsp;<\/p>\n<p>\u2705Avatar RDA Helicopter Aerospatiale SA-2 Samson er et fiktivt helikopter omtalt i 2009 science fiction-filmen \u00abAvatar\u00bb, regissert av James Cameron.<\/p>\n<p>\ud83d\udeab VIKTIG!<\/p>\n<p>Produktnavn: Avatar RDA Helicopter Aerospatiale SA-2 Samson&nbsp;<\/p>\n<p>Kategori: Film<\/p>\n<p>Dette settet inneholder: C9279<\/p>\n<p>931 stk Klosser av god kvalitet<\/p>\n<p>St\u00f8rrelse: 48 x 32 x 10 cm<\/p>\n<p>Vekt: 0,93 kg<\/p>\n<p>PDF-instruksjoner<\/p>\n<p>\ud83d\udcccProtagonistens natur<\/p>\n<p>Vi introduserer v\u00e5r stolte samling kalt &quot;Avatar RDA Helicopter Aerospatiale SA-2 Samson&quot; du ikke b\u00f8r g\u00e5 glipp av.<\/p>\n<p>SA-2 Samson har en s\u00e6regen design, med tvillingrotorer montert p\u00e5 toppen av en slank flykropp. Helikopteret er i stand til \u00e5 frakte store nyttelaster, inkludert lastecontainere og tungt maskineri, og kan operere i en rekke milj\u00f8er, inkludert skog, fjell og sumper. Den er ogs\u00e5 utstyrt med avanserte sensorer og kommunikasjonsutstyr, som lar den navigere i Pandoras forr\u00e6derske terreng og holde kontakten med RDAs bakketeam.<\/p><\/div>","protected":false},"excerpt":{"rendered":"<p>Merke: MOC Factory<br \/>\nKj\u00f8nn: Unisex<br \/>\nAldersgruppe: &gt; 8 \u00e5r gammel<br \/>\nModellnummer: 130443<br \/>\nKlassifisering: Montering<br \/>\nPlastblokkform: Selvl\u00e5sende murstein<br \/>\nMateriale: Plast<br \/>\nPlasttype: ABS<br \/>\nMursteinsblokker: 931+<br \/>\nIngen boks<\/p>","protected":false},"featured_media":42305,"comment_status":"open","ping_status":"closed","template":"","meta":{"_acf_changed":false},"product_cat":[1350,1357,372,581,364,1408],"product_tag":[2913,9139,5298,374,434,389],"class_list":["product","first","instock","shipping-taxable","purchasable","product-type-simple"],"acf":[],"_links":{"self":[{"href":"https:\/\/mouldking.store\/nb\/wp-json\/wp\/v2\/product\/42311","targetHints":{"allow":["GET"]}}],"collection":[{"href":"https:\/\/mouldking.store\/nb\/wp-json\/wp\/v2\/product"}],"about":[{"href":"https:\/\/mouldking.store\/nb\/wp-json\/wp\/v2\/types\/product"}],"replies":[{"embeddable":true,"href":"https:\/\/mouldking.store\/nb\/wp-json\/wp\/v2\/comments?post=42311"}],"wp:featuredmedia":[{"embeddable":true,"href":"https:\/\/mouldking.store\/nb\/wp-json\/wp\/v2\/media\/42305"}],"wp:attachment":[{"href":"https:\/\/mouldking.store\/nb\/wp-json\/wp\/v2\/media?parent=42311"}],"wp:term":[{"taxonomy":"product_cat","embeddable":true,"href":"https:\/\/mouldking.store\/nb\/wp-json\/wp\/v2\/product_cat?post=42311"},{"taxonomy":"product_tag","embeddable":true,"href":"https:\/\/mouldking.store\/nb\/wp-json\/wp\/v2\/product_tag?post=42311"}],"curies":[{"name":"wp","href":"https:\/\/api.w.org\/{rel}","templated":true}]}}