{"id":42332,"date":"2023-02-28T14:13:46","date_gmt":"2023-02-28T07:13:46","guid":{"rendered":"https:\/\/mouldking.store\/shop\/moc-factory-99581-vulcan-centaur-with-1355-pieces\/"},"modified":"2025-12-16T22:25:15","modified_gmt":"2025-12-16T15:25:15","slug":"moc-factory-99581-vulcan-centaur-with-1355-pieces","status":"publish","type":"product","link":"https:\/\/mouldking.store\/nb\/shop\/moc-factory-99581-vulcan-centaur-with-1355-pieces\/","title":{"rendered":"MOC Factory 99581 Vulcan Centaur med 1355 stykker"},"content":{"rendered":"<div>\u2705MOC-99581 Vulcan Centaur<\/p>\n<p>\u2705 Vulcan Centaur er en tungl\u00f8ftrakett som utvikles av United Launch Alliance (ULA), et joint venture mellom Lockheed Martin og Boeing, for bruk til \u00e5 skyte opp en rekke nyttelaster ut i verdensrommet.<\/p>\n<p>\ud83d\udeab VIKTIG!<\/p>\n<p>Produktnavn: Vulcan Centaur<\/p>\n<p>Kategori: Rom<\/p>\n<p>Dette settet inneholder: C9301<\/p>\n<p>1355 stk Klosser av god kvalitet<\/p>\n<p>St\u00f8rrelse: 8,9 x 5,7 x 61,3 cm<\/p>\n<p>Vekt: 0,48 kg<\/p>\n<p>PDF-instruksjoner<\/p>\n<p>\ud83d\udcccProtagonistens natur<\/p>\n<p>Vi introduserer v\u00e5r stolte kolleksjon kalt &quot;Vulcan Centaur&quot; du ikke b\u00f8r g\u00e5 glipp av.<\/p>\n<p>Vulcan Centaur-raketten er designet for \u00e5 erstatte ULAs eksisterende Atlas V- og Delta IV-raketter, som etter planen skal pensjoneres p\u00e5 2020-tallet. Den vil v\u00e6re i stand til \u00e5 l\u00f8fte nyttelaster som veier opptil 57 000 pund (26 000 kg) til lav bane rundt jorden og opptil 31 000 pund (14 000 kg) til geostasjon\u00e6r overf\u00f8ringsbane.<\/p><\/div>","protected":false},"excerpt":{"rendered":"<p>Merke: MOC Factory<br \/>\nKj\u00f8nn: Unisex<br \/>\nAldersgruppe: &gt; 12 \u00e5r gammel<br \/>\nModellnummer: 99581<br \/>\nKlassifisering: Montering<br \/>\nPlastblokkform: Selvl\u00e5sende murstein<br \/>\nMateriale: Plast<br \/>\nPlasttype: ABS<br \/>\nMursteinsblokker: 1355+<br \/>\nIngen boks<\/p>","protected":false},"featured_media":42323,"comment_status":"open","ping_status":"closed","template":"","meta":{"_acf_changed":false},"product_cat":[1357,6016,364],"product_tag":[11440,2276,389,10288],"class_list":["product","first","instock","shipping-taxable","purchasable","product-type-simple"],"acf":[],"_links":{"self":[{"href":"https:\/\/mouldking.store\/nb\/wp-json\/wp\/v2\/product\/42332","targetHints":{"allow":["GET"]}}],"collection":[{"href":"https:\/\/mouldking.store\/nb\/wp-json\/wp\/v2\/product"}],"about":[{"href":"https:\/\/mouldking.store\/nb\/wp-json\/wp\/v2\/types\/product"}],"replies":[{"embeddable":true,"href":"https:\/\/mouldking.store\/nb\/wp-json\/wp\/v2\/comments?post=42332"}],"wp:featuredmedia":[{"embeddable":true,"href":"https:\/\/mouldking.store\/nb\/wp-json\/wp\/v2\/media\/42323"}],"wp:attachment":[{"href":"https:\/\/mouldking.store\/nb\/wp-json\/wp\/v2\/media?parent=42332"}],"wp:term":[{"taxonomy":"product_cat","embeddable":true,"href":"https:\/\/mouldking.store\/nb\/wp-json\/wp\/v2\/product_cat?post=42332"},{"taxonomy":"product_tag","embeddable":true,"href":"https:\/\/mouldking.store\/nb\/wp-json\/wp\/v2\/product_tag?post=42332"}],"curies":[{"name":"wp","href":"https:\/\/api.w.org\/{rel}","templated":true}]}}