{"id":42337,"date":"2023-02-28T14:23:05","date_gmt":"2023-02-28T07:23:05","guid":{"rendered":"https:\/\/mouldking.store\/shop\/moc-factory-115338-h-iia-super-collection-with-716-pieces\/"},"modified":"2025-12-16T22:25:15","modified_gmt":"2025-12-16T15:25:15","slug":"moc-factory-115338-h-iia-super-collection-with-716-pieces","status":"publish","type":"product","link":"https:\/\/mouldking.store\/nb\/shop\/moc-factory-115338-h-iia-super-collection-with-716-pieces\/","title":{"rendered":"MOC Factory 115338 H-IIA Super Collection med 716 stykker"},"content":{"rendered":"<div>\u2705 MOC-115338 H-IIA Super Collection<\/p>\n<p>\u2705H-IIA er en familie av japanske utgangsraketter (ELV) som drives av Japan Aerospace Exploration Agency (JAXA). &quot;H&quot; st\u00e5r for &quot;H-II&quot; og &quot;IIA&quot; betyr &quot;Forbedret mellomtrinnsadapter&quot;.<\/p>\n<p>\ud83d\udeab VIKTIG!<\/p>\n<p>Produktnavn: H-IIA Super Collection<\/p>\n<p>Kategori: Rom<\/p>\n<p>Dette settet inneholder: C9310<\/p>\n<p>716 stk god kvalitet murstein<\/p>\n<p>St\u00f8rrelse: 8 x 8 x 24 cm<\/p>\n<p>Vekt: 0,69 kg<\/p>\n<p>PDF-instruksjoner<\/p>\n<p>\ud83d\udcccProtagonistens natur<\/p>\n<p>Vi introduserer v\u00e5r stolte kolleksjon med navnet &quot;Vekt: 0,69 kg&quot; du ikke b\u00f8r g\u00e5 glipp av.<\/p>\n<p>H-IIA har en to-trinns design, med solide rakettforsterkere festet til det f\u00f8rste trinnet for \u00e5 gi ekstra skyvekraft under den innledende fasen av flygingen. Det andre trinnet av raketten drives av en v\u00e6skedrevet motor. H-IIA har v\u00e6rt i bruk siden 2001 og har en god merittliste n\u00e5r det gjelder p\u00e5litelighet og suksess. Det har blitt en viktig del av Japans romprogram, og st\u00f8tter b\u00e5de nasjonale og internasjonale oppdrag.<\/p><\/div>","protected":false},"excerpt":{"rendered":"<p>Merke: MOC Factory<br \/>\nKj\u00f8nn: Unisex<br \/>\nAldersgruppe: &gt; 12 \u00e5r gammel<br \/>\nModellnummer: 115338<br \/>\nKlassifisering: Montering<br \/>\nPlastblokkform: Selvl\u00e5sende murstein<br \/>\nMateriale: Plast<br \/>\nPlasttype: ABS<br \/>\nMursteinsblokker: 716+<br \/>\nIngen boks<\/p>","protected":false},"featured_media":42333,"comment_status":"open","ping_status":"closed","template":"","meta":{"_acf_changed":false},"product_cat":[6016],"product_tag":[11441,2276,11396],"class_list":["product","first","instock","shipping-taxable","purchasable","product-type-simple"],"acf":[],"_links":{"self":[{"href":"https:\/\/mouldking.store\/nb\/wp-json\/wp\/v2\/product\/42337","targetHints":{"allow":["GET"]}}],"collection":[{"href":"https:\/\/mouldking.store\/nb\/wp-json\/wp\/v2\/product"}],"about":[{"href":"https:\/\/mouldking.store\/nb\/wp-json\/wp\/v2\/types\/product"}],"replies":[{"embeddable":true,"href":"https:\/\/mouldking.store\/nb\/wp-json\/wp\/v2\/comments?post=42337"}],"wp:featuredmedia":[{"embeddable":true,"href":"https:\/\/mouldking.store\/nb\/wp-json\/wp\/v2\/media\/42333"}],"wp:attachment":[{"href":"https:\/\/mouldking.store\/nb\/wp-json\/wp\/v2\/media?parent=42337"}],"wp:term":[{"taxonomy":"product_cat","embeddable":true,"href":"https:\/\/mouldking.store\/nb\/wp-json\/wp\/v2\/product_cat?post=42337"},{"taxonomy":"product_tag","embeddable":true,"href":"https:\/\/mouldking.store\/nb\/wp-json\/wp\/v2\/product_tag?post=42337"}],"curies":[{"name":"wp","href":"https:\/\/api.w.org\/{rel}","templated":true}]}}