{"id":42377,"date":"2023-02-28T15:15:32","date_gmt":"2023-02-28T08:15:32","guid":{"rendered":"https:\/\/mouldking.store\/shop\/moc-factory-30271-l-frame-mk2-lancelot-with-616-pieces\/"},"modified":"2025-12-16T22:25:14","modified_gmt":"2025-12-16T15:25:14","slug":"moc-factory-30271-l-frame-mk2-lancelot-with-616-pieces","status":"publish","type":"product","link":"https:\/\/mouldking.store\/nb\/shop\/moc-factory-30271-l-frame-mk2-lancelot-with-616-pieces\/","title":{"rendered":"MOC Factory 30271 L-Frame Mk2 \u2013 Lancelot med 616 stykker"},"content":{"rendered":"<div>\u2705 MOC-30271 L-Frame Mk2 \u2013 Lancelot<\/p>\n<p>\u2705L-Frame Mk2 \u2013 Lancelot er en fiktiv mekaenhet fra animeserien Code Geass: Lelouch of the Rebellion. Det er en sv\u00e6rt avansert og kraftig maskin, styrt av karakteren Suzaku Kururugi.<\/p>\n<p>\ud83d\udeab VIKTIG!<\/p>\n<p>Produktnavn: L-Frame Mk2 \u2013 Lancelot<\/p>\n<p>Kategori: Film<\/p>\n<p>Dette settet inneholder: C9357<\/p>\n<p>616 stk god kvalitet murstein<\/p>\n<p>St\u00f8rrelse: 14 x 8 x 24 cm<\/p>\n<p>Vekt: 0,62 kg<\/p>\n<p>PDF-instruksjoner<\/p>\n<p>\ud83d\udcccProtagonistens natur<\/p>\n<p>Vi introduserer v\u00e5r stolte kolleksjon kalt &quot;L-Frame Mk2 \u2013 Lancelot&quot; du ikke b\u00f8r g\u00e5 glipp av.<\/p>\n<p>Lancelot er utstyrt med en rekke kraftige v\u00e5pen, inkludert et par Maser Vibration Swords, som kan skj\u00e6re gjennom nesten hva som helst, og et par Blaze Luminous-skjold, som kan avgi kraftige energiutbrudd. Den er ogs\u00e5 utstyrt med et par Slash Harkens, som er gripekroker som kan brukes til mobilitet og kamp.<\/p><\/div>","protected":false},"excerpt":{"rendered":"<p>Merke: MOC Factory<br \/>\nKj\u00f8nn: Unisex<br \/>\nAldersgruppe: &gt; 8 \u00e5r gammel<br \/>\nModellnummer: 30271<br \/>\nKlassifisering: Montering<br \/>\nPlastblokkform: Selvl\u00e5sende murstein<br \/>\nMateriale: Plast<br \/>\nPlasttype: ABS<br \/>\nMursteinsblokker: 616+<br \/>\nIngen boks<\/p>","protected":false},"featured_media":42372,"comment_status":"open","ping_status":"closed","template":"","meta":{"_acf_changed":false},"product_cat":[1365,581,1408],"product_tag":[8452,11450,11451,434],"class_list":["product","first","instock","shipping-taxable","purchasable","product-type-simple"],"acf":[],"_links":{"self":[{"href":"https:\/\/mouldking.store\/nb\/wp-json\/wp\/v2\/product\/42377","targetHints":{"allow":["GET"]}}],"collection":[{"href":"https:\/\/mouldking.store\/nb\/wp-json\/wp\/v2\/product"}],"about":[{"href":"https:\/\/mouldking.store\/nb\/wp-json\/wp\/v2\/types\/product"}],"replies":[{"embeddable":true,"href":"https:\/\/mouldking.store\/nb\/wp-json\/wp\/v2\/comments?post=42377"}],"wp:featuredmedia":[{"embeddable":true,"href":"https:\/\/mouldking.store\/nb\/wp-json\/wp\/v2\/media\/42372"}],"wp:attachment":[{"href":"https:\/\/mouldking.store\/nb\/wp-json\/wp\/v2\/media?parent=42377"}],"wp:term":[{"taxonomy":"product_cat","embeddable":true,"href":"https:\/\/mouldking.store\/nb\/wp-json\/wp\/v2\/product_cat?post=42377"},{"taxonomy":"product_tag","embeddable":true,"href":"https:\/\/mouldking.store\/nb\/wp-json\/wp\/v2\/product_tag?post=42377"}],"curies":[{"name":"wp","href":"https:\/\/api.w.org\/{rel}","templated":true}]}}