{"id":42387,"date":"2023-02-28T15:28:18","date_gmt":"2023-02-28T08:28:18","guid":{"rendered":"https:\/\/mouldking.store\/shop\/moc-factory-89461-robot-mobile-suit-tiger-girl-with-314-pieces\/"},"modified":"2025-12-16T22:25:14","modified_gmt":"2025-12-16T15:25:14","slug":"moc-factory-89461-robot-mobile-suit-tiger-girl-with-314-pieces","status":"publish","type":"product","link":"https:\/\/mouldking.store\/nb\/shop\/moc-factory-89461-robot-mobile-suit-tiger-girl-with-314-pieces\/","title":{"rendered":"MOC Factory 89461 Robot Mobildrakt Tiger Girl med 314 stk"},"content":{"rendered":"<div>\u2705 MOC-89461 Robot Mobildrakt Tiger Girl&nbsp;<\/p>\n<p>\u2705Robot Mobile Suit Tiger Girl er en gul og hvit LEGO-kreasjon som ser ut til \u00e5 v\u00e6re modellert etter en tiger.<\/p>\n<p>\ud83d\udeab VIKTIG!<\/p>\n<p>Produktnavn: Robot Mobile Suit Tiger Girl&nbsp;<\/p>\n<p>Kategori: Skaper<\/p>\n<p>Dette settet inneholder: C9358<\/p>\n<p>314 stk god kvalitet murstein<\/p>\n<p>St\u00f8rrelse: 15,4 x 12,4 x 25,6 cm<\/p>\n<p>Vekt: 0,42 kg<\/p>\n<p>PDF-instruksjoner<\/p>\n<p>\ud83d\udcccProtagonistens natur<\/p>\n<p>Vi introduserer v\u00e5r stolte kolleksjon kalt &quot;Robot Mobile Suit Tiger Girl&quot; du ikke b\u00f8r g\u00e5 glipp av.<\/p>\n<p>Robotjenta har en humanoid form med hode, overkropp, armer og ben, og er overveiende gul med hvite aksenter. Hodet er designet for \u00e5 ligne et tigerhode, med spisse \u00f8rer, en snute og store \u00f8yne. Armene og bena har ulike leddstykker som gir mulighet for posisjonering og bevegelse. Robotjenta er ogs\u00e5 utstyrt med diverse v\u00e5pen og tilbeh\u00f8r, inkludert det som ser ut til \u00e5 v\u00e6re store kanoner festet til armene og en ryggsekk som rommer ekstra v\u00e5pen.<\/p><\/div>","protected":false},"excerpt":{"rendered":"<p>Merke: MOC Factory<br \/>\nKj\u00f8nn: Unisex<br \/>\nAldersgruppe: &gt; 8 \u00e5r gammel<br \/>\nModellnummer: 89461<br \/>\nKlassifisering: Montering<br \/>\nPlastblokkform: Selvl\u00e5sende murstein<br \/>\nMateriale: Plast<br \/>\nPlasttype: ABS<br \/>\nMursteinsblokker: 314 +<br \/>\nIngen boks<\/p>","protected":false},"featured_media":42378,"comment_status":"open","ping_status":"closed","template":"","meta":{"_acf_changed":false},"product_cat":[1365,371],"product_tag":[11072,8452,11035,590,6482],"class_list":["product","first","instock","shipping-taxable","purchasable","product-type-simple"],"acf":[],"_links":{"self":[{"href":"https:\/\/mouldking.store\/nb\/wp-json\/wp\/v2\/product\/42387","targetHints":{"allow":["GET"]}}],"collection":[{"href":"https:\/\/mouldking.store\/nb\/wp-json\/wp\/v2\/product"}],"about":[{"href":"https:\/\/mouldking.store\/nb\/wp-json\/wp\/v2\/types\/product"}],"replies":[{"embeddable":true,"href":"https:\/\/mouldking.store\/nb\/wp-json\/wp\/v2\/comments?post=42387"}],"wp:featuredmedia":[{"embeddable":true,"href":"https:\/\/mouldking.store\/nb\/wp-json\/wp\/v2\/media\/42378"}],"wp:attachment":[{"href":"https:\/\/mouldking.store\/nb\/wp-json\/wp\/v2\/media?parent=42387"}],"wp:term":[{"taxonomy":"product_cat","embeddable":true,"href":"https:\/\/mouldking.store\/nb\/wp-json\/wp\/v2\/product_cat?post=42387"},{"taxonomy":"product_tag","embeddable":true,"href":"https:\/\/mouldking.store\/nb\/wp-json\/wp\/v2\/product_tag?post=42387"}],"curies":[{"name":"wp","href":"https:\/\/api.w.org\/{rel}","templated":true}]}}