{"id":42438,"date":"2023-03-01T17:12:31","date_gmt":"2023-03-01T10:12:31","guid":{"rendered":"https:\/\/mouldking.store\/shop\/moc-factory-94689-malfoy-manor-with-1813-pieces\/"},"modified":"2025-12-16T22:25:14","modified_gmt":"2025-12-16T15:25:14","slug":"moc-factory-94689-malfoy-manor-with-1813-pieces","status":"publish","type":"product","link":"https:\/\/mouldking.store\/nb\/shop\/moc-factory-94689-malfoy-manor-with-1813-pieces\/","title":{"rendered":"MOC Factory 94689 Malfoy Manor med 1813 stykker"},"content":{"rendered":"<div>\u2705 MOC-94689 Malfoy Manor<\/p>\n<p>\u2705Malfoy Manor er en fiktiv plassering i Harry Potter bok- og filmserien. Det er forfedrehjemmet til Malfoy-familien, en velst\u00e5ende og innflytelsesrik trollmannsfamilie som st\u00f8tter Lord Voldemort og hans d\u00f8dsetere.<\/p>\n<p>\ud83d\udeab VIKTIG!<\/p>\n<p>Produktnavn: Malfoy Manor<\/p>\n<p>Kategori: Film<\/p>\n<p>Dette settet inneholder: MOC-94689<\/p>\n<p>1813 stk Klosser av god kvalitet<\/p>\n<p>Vekt: 1700g<\/p>\n<p>PDF-instruksjoner<\/p>\n<p>\ud83d\udcccProtagonistens natur<\/p>\n<p>Vi introduserer v\u00e5r stolte kolleksjon kalt &quot;Malfoy Manor&quot; du ikke b\u00f8r g\u00e5 glipp av.<\/p>\n<p>Malfoy Manor ligger i fylket Wiltshire i England, og er et storsl\u00e5tt og overd\u00e5dig herskapshus som er omgitt av store eiendommer og hager. Det beskrives som \u00e5 ha h\u00f8ye tak, utsmykkede dekorasjoner og mange rom og korridorer, inkludert et fangehull der fanger holdes. I Harry Potter-serien er Malfoy Manor fremtredende i den syvende boken, &quot;Harry Potter and the Deathly Hallows&quot;, der den fungerer som hovedkvarteret til Voldemort og d\u00f8dseterne. The Manor er stedet for flere viktige hendelser i boken, inkludert fangst og fengsling av flere hovedkarakterer og det endelige oppgj\u00f8ret mellom Harry Potter og Voldemort.<\/p><\/div>","protected":false},"excerpt":{"rendered":"<p>Merke: MOC Factory<br \/>\nKj\u00f8nn: Unisex<br \/>\nAldersgruppe: &gt; 12 \u00e5r gammel<br \/>\nModellnummer: 94689<br \/>\nKlassifisering: Montering<br \/>\nPlastblokkform: Selvl\u00e5sende murstein<br \/>\nMateriale: Plast<br \/>\nPlasttype: ABS<br \/>\nMursteinsblokker: 1813 +<br \/>\nArrangementstid: 4-8 uker<\/p>","protected":false},"featured_media":42436,"comment_status":"open","ping_status":"closed","template":"","meta":{"_acf_changed":false},"product_cat":[1395,390,581,1408],"product_tag":[727,4883,5724,11456,11457,392,434],"class_list":["product","first","instock","shipping-taxable","purchasable","product-type-simple"],"acf":[],"_links":{"self":[{"href":"https:\/\/mouldking.store\/nb\/wp-json\/wp\/v2\/product\/42438","targetHints":{"allow":["GET"]}}],"collection":[{"href":"https:\/\/mouldking.store\/nb\/wp-json\/wp\/v2\/product"}],"about":[{"href":"https:\/\/mouldking.store\/nb\/wp-json\/wp\/v2\/types\/product"}],"replies":[{"embeddable":true,"href":"https:\/\/mouldking.store\/nb\/wp-json\/wp\/v2\/comments?post=42438"}],"wp:featuredmedia":[{"embeddable":true,"href":"https:\/\/mouldking.store\/nb\/wp-json\/wp\/v2\/media\/42436"}],"wp:attachment":[{"href":"https:\/\/mouldking.store\/nb\/wp-json\/wp\/v2\/media?parent=42438"}],"wp:term":[{"taxonomy":"product_cat","embeddable":true,"href":"https:\/\/mouldking.store\/nb\/wp-json\/wp\/v2\/product_cat?post=42438"},{"taxonomy":"product_tag","embeddable":true,"href":"https:\/\/mouldking.store\/nb\/wp-json\/wp\/v2\/product_tag?post=42438"}],"curies":[{"name":"wp","href":"https:\/\/api.w.org\/{rel}","templated":true}]}}