{"id":42445,"date":"2023-03-01T17:29:09","date_gmt":"2023-03-01T10:29:09","guid":{"rendered":"https:\/\/mouldking.store\/shop\/moc-factory-59226-azkaban-magic-movie-wizarding-prison-with-1989-pieces\/"},"modified":"2025-12-16T22:25:14","modified_gmt":"2025-12-16T15:25:14","slug":"moc-factory-59226-azkaban-magic-movie-wizarding-prison-with-1989-pieces","status":"publish","type":"product","link":"https:\/\/mouldking.store\/nb\/shop\/moc-factory-59226-azkaban-magic-movie-wizarding-prison-with-1989-pieces\/","title":{"rendered":"MOC Factory 59226 Azkaban Magic Movie Wizarding Prison med 1989 stykker"},"content":{"rendered":"<div>\u2705 MOC-59226 Azkaban Magic Movie Wizarding Prison<\/p>\n<p>\u2705Azkaban er et fiktivt fengsel i Harry Potter bok- og filmserien. Det er et h\u00f8ysikkerhetsanlegg som ligger p\u00e5 en \u00f8y i Nordsj\u00f8en utenfor kysten av Skottland og brukes til \u00e5 fengsle farlige og mektige trollmenn og hekser.<\/p>\n<p>\ud83d\udeab VIKTIG!<\/p>\n<p>Produktnavn: Azkaban Magic Movie Wizarding Prison<\/p>\n<p>Kategori: Film<\/p>\n<p>Dette settet inneholder: MOC-59226&nbsp;<\/p>\n<p>1989 stk Klosser av god kvalitet<\/p>\n<p>Vekt: 1800g<\/p>\n<p>PDF-instruksjoner<\/p>\n<p>\ud83d\udcccProtagonistens natur<\/p>\n<p>Vi introduserer v\u00e5r stolte samling kalt &quot;Azkaban Magic Movie Wizarding Prison&quot; du ikke b\u00f8r g\u00e5 glipp av.<\/p>\n<p>Azkaban er kjent for sine t\u00f8ffe og umenneskelige forhold, med fanger som blir utsatt for dementorer, m\u00f8rke skapninger som lever av menneskelig lykke og etterlater sine ofre i en tilstand av fortvilelse. Tilstedev\u00e6relsen av dementorer i Azkaban har f\u00f8rt til at en rekke fanger er blitt sinnssyke eller d\u00f8r i l\u00f8pet av oppholdet i fengselet. I Harry Potter-serien er flere n\u00f8kkelkarakterer fengslet i Azkaban, inkludert Sirius Black, som er falskt anklaget for \u00e5 ha forr\u00e5dt Harry Potters foreldre til Lord Voldemort. Fengselet er ogs\u00e5 stedet for et v\u00e5galt fluktfors\u00f8k fra Voldemorts Death Eaters i den femte boken, \u00abHarry Potter and the Order of Phoenix\u00bb.<\/p><\/div>","protected":false},"excerpt":{"rendered":"<p>Merke: MOC Factory<br \/>\nKj\u00f8nn: Unisex<br \/>\nAldersgruppe: &gt; 12 \u00e5r gammel<br \/>\nModellnummer: 59226<br \/>\nKlassifisering: Montering<br \/>\nPlastblokkform: Selvl\u00e5sende murstein<br \/>\nMateriale: Plast<br \/>\nPlasttype: ABS<br \/>\nMursteinsblokker: 1989+<br \/>\nArrangementstid: 4-8 uker<\/p>","protected":false},"featured_media":42442,"comment_status":"open","ping_status":"closed","template":"","meta":{"_acf_changed":false},"product_cat":[1395,390,581,1408],"product_tag":[4883,5724,392,434,11169,11458,11459],"class_list":["product","first","instock","shipping-taxable","purchasable","product-type-simple"],"acf":[],"_links":{"self":[{"href":"https:\/\/mouldking.store\/nb\/wp-json\/wp\/v2\/product\/42445","targetHints":{"allow":["GET"]}}],"collection":[{"href":"https:\/\/mouldking.store\/nb\/wp-json\/wp\/v2\/product"}],"about":[{"href":"https:\/\/mouldking.store\/nb\/wp-json\/wp\/v2\/types\/product"}],"replies":[{"embeddable":true,"href":"https:\/\/mouldking.store\/nb\/wp-json\/wp\/v2\/comments?post=42445"}],"wp:featuredmedia":[{"embeddable":true,"href":"https:\/\/mouldking.store\/nb\/wp-json\/wp\/v2\/media\/42442"}],"wp:attachment":[{"href":"https:\/\/mouldking.store\/nb\/wp-json\/wp\/v2\/media?parent=42445"}],"wp:term":[{"taxonomy":"product_cat","embeddable":true,"href":"https:\/\/mouldking.store\/nb\/wp-json\/wp\/v2\/product_cat?post=42445"},{"taxonomy":"product_tag","embeddable":true,"href":"https:\/\/mouldking.store\/nb\/wp-json\/wp\/v2\/product_tag?post=42445"}],"curies":[{"name":"wp","href":"https:\/\/api.w.org\/{rel}","templated":true}]}}