{"id":42452,"date":"2023-03-01T17:37:00","date_gmt":"2023-03-01T10:37:00","guid":{"rendered":"https:\/\/mouldking.store\/shop\/moc-factory-127125-sci-fi-clone-tank-cannon-with-463-pieces\/"},"modified":"2025-12-16T22:25:14","modified_gmt":"2025-12-16T15:25:14","slug":"moc-factory-127125-sci-fi-clone-tank-cannon-with-463-pieces","status":"publish","type":"product","link":"https:\/\/mouldking.store\/nb\/shop\/moc-factory-127125-sci-fi-clone-tank-cannon-with-463-pieces\/","title":{"rendered":"MOC Factory 127125 Sci-Fi Clone Tank Cannon med 463 stykker"},"content":{"rendered":"<div>\u2705 MOC-127125 Sci-Fi Clone Tank Cannon&nbsp;<\/p>\n<p>\u2705AV-7 Cannon V.2 er et fiktivt v\u00e5pen i Star Wars-universet. Det er et tungt artilleriv\u00e5pen som f\u00f8rst og fremst brukes av Grand Army of the Republic, den milit\u00e6re organisasjonen som kjempet mot Separatist Droid Army under Clone Wars.<\/p>\n<p>\ud83d\udeab VIKTIG!<\/p>\n<p>Produktnavn: Sci-Fi Clone Tank Cannon&nbsp;<\/p>\n<p>Kategori: Star Wars<\/p>\n<p>Dette settet inneholder: MOC-127125<\/p>\n<p>463 stk Klosser av god kvalitet<\/p>\n<p>Vekt: 300g<\/p>\n<p>PDF-instruksjoner<\/p>\n<p>\ud83d\udcccProtagonistens natur<\/p>\n<p>Vi introduserer v\u00e5r stolte kolleksjon kalt &quot;Sci-Fi Clone Tank Cannon&quot; du ikke b\u00f8r g\u00e5 glipp av.<\/p>\n<p>AV-7 Cannon V.2 er en mobil v\u00e5penplattform som kan utplasseres p\u00e5 ulike terrengtyper, inkludert sandstrender og steinete klipper. Den har en stor, roterende kanon som er i stand til \u00e5 skyte kraftige energieksplosjoner som kan ta ut fiendtlige kj\u00f8ret\u00f8yer og strukturer. I Star Wars: The Clone Wars-animasjonsserien brukes AV-7 Cannon V.2 i flere viktige kamper, inkludert slaget ved Umbara og slaget ved Ringo Vinda. V\u00e5penet blir ofte operert av klonesoldater, som er i stand til \u00e5 bruke ildkraften til \u00e5 oppn\u00e5 strategiske fordeler mot fiendtlige styrker.<\/p><\/div>","protected":false},"excerpt":{"rendered":"<p>Merke: MOC Factory<br \/>\nKj\u00f8nn: Unisex<br \/>\nAldersgruppe: &gt; 12 \u00e5r gammel<br \/>\nModellnummer: 127125<br \/>\nKlassifisering: Montering<br \/>\nPlastblokkform: Selvl\u00e5sende murstein<br \/>\nMateriale: Plast<br \/>\nPlasttype: ABS<br \/>\nMursteinsblokker: 463 +<br \/>\nArrangementstid: 4-8 uker<\/p>","protected":false},"featured_media":42446,"comment_status":"open","ping_status":"closed","template":"","meta":{"_acf_changed":false},"product_cat":[1350,1357,372,581,6016,415,364,1408],"product_tag":[11460,374,434,2276,436,485,389],"class_list":["product","first","instock","shipping-taxable","purchasable","product-type-simple"],"acf":[],"_links":{"self":[{"href":"https:\/\/mouldking.store\/nb\/wp-json\/wp\/v2\/product\/42452","targetHints":{"allow":["GET"]}}],"collection":[{"href":"https:\/\/mouldking.store\/nb\/wp-json\/wp\/v2\/product"}],"about":[{"href":"https:\/\/mouldking.store\/nb\/wp-json\/wp\/v2\/types\/product"}],"replies":[{"embeddable":true,"href":"https:\/\/mouldking.store\/nb\/wp-json\/wp\/v2\/comments?post=42452"}],"wp:featuredmedia":[{"embeddable":true,"href":"https:\/\/mouldking.store\/nb\/wp-json\/wp\/v2\/media\/42446"}],"wp:attachment":[{"href":"https:\/\/mouldking.store\/nb\/wp-json\/wp\/v2\/media?parent=42452"}],"wp:term":[{"taxonomy":"product_cat","embeddable":true,"href":"https:\/\/mouldking.store\/nb\/wp-json\/wp\/v2\/product_cat?post=42452"},{"taxonomy":"product_tag","embeddable":true,"href":"https:\/\/mouldking.store\/nb\/wp-json\/wp\/v2\/product_tag?post=42452"}],"curies":[{"name":"wp","href":"https:\/\/api.w.org\/{rel}","templated":true}]}}