{"id":42589,"date":"2023-03-02T18:16:48","date_gmt":"2023-03-02T11:16:48","guid":{"rendered":"https:\/\/mouldking.store\/shop\/moc-factory-97680-launch-complex-5-w-mercury-redstone-with-1298-pieces\/"},"modified":"2025-12-16T22:25:12","modified_gmt":"2025-12-16T15:25:12","slug":"moc-factory-97680-launch-complex-5-w-mercury-redstone-with-1298-pieces","status":"publish","type":"product","link":"https:\/\/mouldking.store\/nb\/shop\/moc-factory-97680-launch-complex-5-w-mercury-redstone-with-1298-pieces\/","title":{"rendered":"MOC Factory 97680 Launch Complex 5 m\/ Mercury-Redstone med 1298 stykker"},"content":{"rendered":"<div>\u2705 MOC-97680 Launch Complex 5 m\/ Mercury-Redstone<\/p>\n<p>\u2705Launch Complex 5 (LC-5) er et romoppskytningssted ved Cape Canaveral Space Force Station i Florida, USA. LC-5 ble opprinnelig brukt til \u00e5 skyte opp Redstone-missiler og ble senere modifisert for Mercury-Redstone-oppskytningene i de f\u00f8rste \u00e5rene av USAs menneskelige romfartsprogram.<\/p>\n<p>\ud83d\udeab VIKTIG!<\/p>\n<p>Produktnavn: Launch Complex 5 m\/ Mercury-Redstone<\/p>\n<p>Kategori: Rom<\/p>\n<p>Dette settet inneholder: C9257<\/p>\n<p>1298 stk Klosser av god kvalitet<\/p>\n<p>St\u00f8rrelse: 32,5 x 19,2 x 45,5 cm<\/p>\n<p>Vekt: 1,23 kg<\/p>\n<p>PDF-instruksjoner<\/p>\n<p>\ud83d\udcccProtagonistens natur<\/p>\n<p>Vi introduserer v\u00e5r stolte kolleksjon kalt &quot;Launch Complex 5 m\/ Mercury-Redstone&quot; du ikke b\u00f8r g\u00e5 glipp av.<\/p>\n<p>Mercury-Redstone var en b\u00e6rerakett som ble brukt av NASA p\u00e5 begynnelsen av 1960-tallet som en del av Project Mercury, som hadde som m\u00e5l \u00e5 sette de f\u00f8rste amerikanske astronautene ut i verdensrommet. Mercury-Redstone-raketten var en modifisert versjon av den amerikanske h\u00e6rens Redstone-missil og ble brukt til \u00e5 skyte opp Mercury-romfart\u00f8yet med en enkelt astronaut om bord. Mercury-Redstone-rakettene ble skutt opp fra LC-5 og utf\u00f8rte totalt seks bemannede oppdrag mellom 1961 og 1963, inkludert den historiske flyvningen til Alan Shepard, den f\u00f8rste amerikaneren i verdensrommet. Etter Mercury-programmet ble LC-5 brukt til andre romoppdrag, inkludert noen av de tidligste ubemannede testene av Apollo-programmet.<\/p><\/div>","protected":false},"excerpt":{"rendered":"<p>Merke: MOC Factory<br \/>\nKj\u00f8nn: Unisex<br \/>\nAldersgruppe: &gt; 12 \u00e5r gammel<br \/>\nModellnummer: 97680<br \/>\nKlassifisering: Montering<br \/>\nPlastblokkform: Selvl\u00e5sende murstein<br \/>\nMateriale: Plast<br \/>\nPlasttype: ABS<br \/>\nMursteinsblokker: 1298 +<br \/>\nIngen original eske<\/p>","protected":false},"featured_media":42580,"comment_status":"open","ping_status":"closed","template":"","meta":{"_acf_changed":false},"product_cat":[1357,6016,364],"product_tag":[11484,11481,8097,8098,2276,389],"class_list":["product","first","instock","shipping-taxable","purchasable","product-type-simple"],"acf":[],"_links":{"self":[{"href":"https:\/\/mouldking.store\/nb\/wp-json\/wp\/v2\/product\/42589","targetHints":{"allow":["GET"]}}],"collection":[{"href":"https:\/\/mouldking.store\/nb\/wp-json\/wp\/v2\/product"}],"about":[{"href":"https:\/\/mouldking.store\/nb\/wp-json\/wp\/v2\/types\/product"}],"replies":[{"embeddable":true,"href":"https:\/\/mouldking.store\/nb\/wp-json\/wp\/v2\/comments?post=42589"}],"wp:featuredmedia":[{"embeddable":true,"href":"https:\/\/mouldking.store\/nb\/wp-json\/wp\/v2\/media\/42580"}],"wp:attachment":[{"href":"https:\/\/mouldking.store\/nb\/wp-json\/wp\/v2\/media?parent=42589"}],"wp:term":[{"taxonomy":"product_cat","embeddable":true,"href":"https:\/\/mouldking.store\/nb\/wp-json\/wp\/v2\/product_cat?post=42589"},{"taxonomy":"product_tag","embeddable":true,"href":"https:\/\/mouldking.store\/nb\/wp-json\/wp\/v2\/product_tag?post=42589"}],"curies":[{"name":"wp","href":"https:\/\/api.w.org\/{rel}","templated":true}]}}