{"id":42614,"date":"2023-03-02T18:50:23","date_gmt":"2023-03-02T11:50:23","guid":{"rendered":"https:\/\/mouldking.store\/shop\/moc-factory-89449-stranger-things-eddie-munsons-campervan-with-1076-pieces\/"},"modified":"2025-12-16T22:25:12","modified_gmt":"2025-12-16T15:25:12","slug":"moc-factory-89449-stranger-things-eddie-munsons-campervan-with-1076-pieces","status":"publish","type":"product","link":"https:\/\/mouldking.store\/nb\/shop\/moc-factory-89449-stranger-things-eddie-munsons-campervan-with-1076-pieces\/","title":{"rendered":"MOC Factory 89449 Stranger Things Eddie Munsons bobil med 1076 stykker"},"content":{"rendered":"<div>\u2705 MOC-89449 Stranger Things Eddie Munson&#8217;s Campervan<\/p>\n<p>\u2705Eddie Munson&#8217;s campervan is a 1970s-era Volkswagen Type 2 camper, commonly known as a &#8220;VW Bus&#8221; or &#8220;hippie van.&#8221; In the third season of the Netflix series Stranger Things, Eddie Munson is a recurring character who owns and lives in the campervan.<\/p>\n<p>\ud83d\udeab VIKTIG!<\/p>\n<p>Produktnavn: Stranger Things Eddie Munsons bobil<\/p>\n<p>Kategori: Film<\/p>\n<p>This Kit Contains: C9315<\/p>\n<p>1076 pcs Good Quality Bricks<\/p>\n<p>Size: 90 x 18.7 x 18.9 cm<\/p>\n<p>Vekt: 1,2 kg<\/p>\n<p>PDF-instruksjoner<\/p>\n<p>\ud83d\udcccProtagonistens natur<\/p>\n<p>Vi introduserer v\u00e5r stolte kolleksjon kalt &quot;Stranger Things Eddie Munson&#039;s Campervan&quot; du ikke b\u00f8r g\u00e5 glipp av.<\/p>\n<p>The van is decorated with a colorful, retro-style paint job, and it serves as both Eddie&#8217;s home and transportation as he travels around the country. The van is an iconic symbol of 1970s counterculture and has become a popular symbol of freedom, adventure, and individuality.<\/p><\/div>","protected":false},"excerpt":{"rendered":"<p>Merke: MOC Factory<br \/>\nKj\u00f8nn: Unisex<br \/>\nAldersgruppe: &gt; 12 \u00e5r gammel<br \/>\nModel Number: 89449<br \/>\nKlassifisering: Montering<br \/>\nPlastblokkform: Selvl\u00e5sende murstein<br \/>\nMateriale: Plast<br \/>\nPlasttype: ABS<br \/>\nBricks Blocks: 1076 +<br \/>\nIngen original eske<\/p>","protected":false},"featured_media":42608,"comment_status":"open","ping_status":"closed","template":"","meta":{"_acf_changed":false},"product_cat":[1395,390],"product_tag":[11490,11491,4883,11302,392,11303,5944],"class_list":["product","first","instock","shipping-taxable","purchasable","product-type-simple"],"acf":[],"_links":{"self":[{"href":"https:\/\/mouldking.store\/nb\/wp-json\/wp\/v2\/product\/42614","targetHints":{"allow":["GET"]}}],"collection":[{"href":"https:\/\/mouldking.store\/nb\/wp-json\/wp\/v2\/product"}],"about":[{"href":"https:\/\/mouldking.store\/nb\/wp-json\/wp\/v2\/types\/product"}],"replies":[{"embeddable":true,"href":"https:\/\/mouldking.store\/nb\/wp-json\/wp\/v2\/comments?post=42614"}],"wp:featuredmedia":[{"embeddable":true,"href":"https:\/\/mouldking.store\/nb\/wp-json\/wp\/v2\/media\/42608"}],"wp:attachment":[{"href":"https:\/\/mouldking.store\/nb\/wp-json\/wp\/v2\/media?parent=42614"}],"wp:term":[{"taxonomy":"product_cat","embeddable":true,"href":"https:\/\/mouldking.store\/nb\/wp-json\/wp\/v2\/product_cat?post=42614"},{"taxonomy":"product_tag","embeddable":true,"href":"https:\/\/mouldking.store\/nb\/wp-json\/wp\/v2\/product_tag?post=42614"}],"curies":[{"name":"wp","href":"https:\/\/api.w.org\/{rel}","templated":true}]}}