{"id":42619,"date":"2023-03-02T18:56:50","date_gmt":"2023-03-02T11:56:50","guid":{"rendered":"https:\/\/mouldking.store\/shop\/moc-factory-89448-old-water-mill-with-2691-pieces\/"},"modified":"2025-12-16T22:25:12","modified_gmt":"2025-12-16T15:25:12","slug":"moc-factory-89448-old-water-mill-with-2691-pieces","status":"publish","type":"product","link":"https:\/\/mouldking.store\/nb\/shop\/moc-factory-89448-old-water-mill-with-2691-pieces\/","title":{"rendered":"MOC Factory 89448 Gammel vannm\u00f8lle med 2691 stk"},"content":{"rendered":"<div>\u2705 MOC-89448 Gammel vannm\u00f8lle<\/p>\n<p>\u2705En gammel vannm\u00f8lle er en historisk bygning som bruker vannkraft til \u00e5 male korn til mel eller utf\u00f8re andre typer mekanisk arbeid. Bruket best\u00e5r typisk av en stor stein- eller trebygning som ligger ved siden av en rennende bekk eller elv. Det str\u00f8mmende vannet ledes inn p\u00e5 et hjul, som deretter snur tannhjul og andre mekaniske deler for \u00e5 betjene brukets maskineri.<\/p>\n<p>\ud83d\udeab VIKTIG!<\/p>\n<p>Produktnavn: Gammel vannm\u00f8lle<\/p>\n<p>Kategori: Skaper<\/p>\n<p>Dette settet inneholder: C9287<\/p>\n<p>2691 stk Klosser av god kvalitet<\/p>\n<p>St\u00f8rrelse: 32 x 20 x 20 cm<\/p>\n<p>Vekt: 1,44 kg<\/p>\n<p>PDF-instruksjoner<\/p>\n<p>\ud83d\udcccProtagonistens natur<\/p>\n<p>Vi introduserer v\u00e5r stolte kolleksjon kalt &quot;Old Water Mill&quot; du ikke b\u00f8r g\u00e5 glipp av.<\/p>\n<p>Gamle vannm\u00f8ller ligger ofte i naturskj\u00f8nne, landlige omr\u00e5der og kan v\u00e6re omgitt av vakre hager, dammer eller andre naturlige funksjoner. De er en fascinerende p\u00e5minnelse om oppfinnsomheten og det harde arbeidet til tidligere generasjoner og gir et innblikk i den viktige rollen som fresing spilte i lokalsamfunn gjennom historien. I dag er mange gamle vannm\u00f8ller restaurert og omgjort til museer, restauranter eller andre typer turistattraksjoner.<\/p><\/div>","protected":false},"excerpt":{"rendered":"<p>Merke: MOC Factory<br \/>\nKj\u00f8nn: Unisex<br \/>\nAldersgruppe: &gt; 6 \u00e5r gammel<br \/>\nModellnummer: 89448<br \/>\nKlassifisering: Montering<br \/>\nPlastblokkform: Selvl\u00e5sende murstein<br \/>\nMateriale: Plast<br \/>\nPlasttype: ABS<br \/>\nMursteinsblokker: 2691 +<br \/>\nIngen original eske<\/p>","protected":false},"featured_media":42615,"comment_status":"open","ping_status":"closed","template":"","meta":{"_acf_changed":false},"product_cat":[1365,1395,371,390],"product_tag":[11072,8452,11370,392,10338],"class_list":["product","first","instock","shipping-taxable","purchasable","product-type-simple"],"acf":[],"_links":{"self":[{"href":"https:\/\/mouldking.store\/nb\/wp-json\/wp\/v2\/product\/42619","targetHints":{"allow":["GET"]}}],"collection":[{"href":"https:\/\/mouldking.store\/nb\/wp-json\/wp\/v2\/product"}],"about":[{"href":"https:\/\/mouldking.store\/nb\/wp-json\/wp\/v2\/types\/product"}],"replies":[{"embeddable":true,"href":"https:\/\/mouldking.store\/nb\/wp-json\/wp\/v2\/comments?post=42619"}],"wp:featuredmedia":[{"embeddable":true,"href":"https:\/\/mouldking.store\/nb\/wp-json\/wp\/v2\/media\/42615"}],"wp:attachment":[{"href":"https:\/\/mouldking.store\/nb\/wp-json\/wp\/v2\/media?parent=42619"}],"wp:term":[{"taxonomy":"product_cat","embeddable":true,"href":"https:\/\/mouldking.store\/nb\/wp-json\/wp\/v2\/product_cat?post=42619"},{"taxonomy":"product_tag","embeddable":true,"href":"https:\/\/mouldking.store\/nb\/wp-json\/wp\/v2\/product_tag?post=42619"}],"curies":[{"name":"wp","href":"https:\/\/api.w.org\/{rel}","templated":true}]}}