{"id":42651,"date":"2023-03-06T11:04:17","date_gmt":"2023-03-06T04:04:17","guid":{"rendered":"https:\/\/mouldking.store\/shop\/moc-factory-13655-dodge-viper-acr-with-3141-pieces\/"},"modified":"2025-12-16T22:25:11","modified_gmt":"2025-12-16T15:25:11","slug":"moc-factory-13655-dodge-viper-acr-with-3141-pieces","status":"publish","type":"product","link":"https:\/\/mouldking.store\/nb\/shop\/moc-factory-13655-dodge-viper-acr-with-3141-pieces\/","title":{"rendered":"MOC Factory 13655 Dodge Viper ACR med 3141 stk"},"content":{"rendered":"<div>\u2705 MOC-13655 Dodge Viper ACR<\/p>\n<p>\u2705Dodge Viper ACR (American Club Racer) er en h\u00f8yytelses sportsbil som ble produsert av den amerikanske bilprodusenten Dodge. Det er en variant av Dodge Viper, som ble produsert fra 1992 til 2017.<\/p>\n<p>\ud83d\udeab VIKTIG!<\/p>\n<p>Produktnavn: Dodge Viper ACR<\/p>\n<p>Kategori: Teknikk<\/p>\n<p>Dette settet inneholder: MOC-13655<\/p>\n<p>3141 stk Klosser av god kvalitet<\/p>\n<p>Vekt: 3100g<\/p>\n<p>PDF-instruksjoner<\/p>\n<p>\ud83d\udcccProtagonistens natur<\/p>\n<p>Vi introduserer v\u00e5r stolte kolleksjon kalt &quot;Dodge Viper ACR&quot; du ikke b\u00f8r g\u00e5 glipp av.<\/p>\n<p>Viper ACR ble introdusert i 1999 og ble designet for racingentusiaster som \u00f8nsket en bil som kunne konkurrere p\u00e5 banen. Den har en rekke oppgraderinger i forhold til standard Viper, inkludert en stivere fj\u00e6ring, st\u00f8rre bremser og forbedret aerodynamikk. Bilen drives av en 8,4-liters V10-motor som yter 645 hestekrefter og 600 lb-ft dreiemoment, noe som gj\u00f8r den til en av de kraftigste sportsbilene i sin tid. Dodge Viper ACR har satt flere banerekorder i l\u00f8pet av \u00e5rene, inkludert runderekorden for produksjonsbiler p\u00e5 N\u00fcrburgring Nordschleife i Tyskland, som den oppn\u00e5dde i 2011. Bilens aerodynamikk, som inkluderer en stor bakvinge og frontsplitter, gj\u00f8r at den kan generere h\u00f8ye niv\u00e5er av downforce ved h\u00f8ye hastigheter, noe som forbedrer h\u00e5ndteringen og stabiliteten.<\/p><\/div>","protected":false},"excerpt":{"rendered":"<p>Merke: MOC Factory<br \/>\nKj\u00f8nn: Unisex<br \/>\nAldersgruppe: &gt; 12 \u00e5r gammel<br \/>\nModellnummer: 13655<br \/>\nKlassifisering: Montering<br \/>\nPlastblokkform: Selvl\u00e5sende murstein<br \/>\nMateriale: Plast<br \/>\nPlasttype: ABS<br \/>\nMursteinsblokker: 3141 +<br \/>\nArrangementstid: 4-8 uker<\/p>","protected":false},"featured_media":42645,"comment_status":"open","ping_status":"closed","template":"","meta":{"_acf_changed":false},"product_cat":[1360,1357,364],"product_tag":[11493,457,11354,389,11080],"class_list":["product","first","instock","shipping-taxable","purchasable","product-type-simple"],"acf":[],"_links":{"self":[{"href":"https:\/\/mouldking.store\/nb\/wp-json\/wp\/v2\/product\/42651","targetHints":{"allow":["GET"]}}],"collection":[{"href":"https:\/\/mouldking.store\/nb\/wp-json\/wp\/v2\/product"}],"about":[{"href":"https:\/\/mouldking.store\/nb\/wp-json\/wp\/v2\/types\/product"}],"replies":[{"embeddable":true,"href":"https:\/\/mouldking.store\/nb\/wp-json\/wp\/v2\/comments?post=42651"}],"wp:featuredmedia":[{"embeddable":true,"href":"https:\/\/mouldking.store\/nb\/wp-json\/wp\/v2\/media\/42645"}],"wp:attachment":[{"href":"https:\/\/mouldking.store\/nb\/wp-json\/wp\/v2\/media?parent=42651"}],"wp:term":[{"taxonomy":"product_cat","embeddable":true,"href":"https:\/\/mouldking.store\/nb\/wp-json\/wp\/v2\/product_cat?post=42651"},{"taxonomy":"product_tag","embeddable":true,"href":"https:\/\/mouldking.store\/nb\/wp-json\/wp\/v2\/product_tag?post=42651"}],"curies":[{"name":"wp","href":"https:\/\/api.w.org\/{rel}","templated":true}]}}