{"id":42672,"date":"2023-03-06T11:30:16","date_gmt":"2023-03-06T04:30:16","guid":{"rendered":"https:\/\/mouldking.store\/shop\/moc-factory-17698-lamborghini-aventador-svj-roadster-with-3562-pieces\/"},"modified":"2025-12-16T22:25:11","modified_gmt":"2025-12-16T15:25:11","slug":"moc-factory-17698-lamborghini-aventador-svj-roadster-with-3562-pieces","status":"publish","type":"product","link":"https:\/\/mouldking.store\/nb\/shop\/moc-factory-17698-lamborghini-aventador-svj-roadster-with-3562-pieces\/","title":{"rendered":"MOC Factory 17698 Lamborghini Aventador SVJ Roadster med 3562 stykker"},"content":{"rendered":"<div>\u2705 MOC-17698 Lamborghini Aventador SVJ Roadster<\/p>\n<p>\u2705 Lamborghini Aventador SVJ Roadster er en h\u00f8yytelses konvertibel sportsbil produsert av den italienske bilprodusenten Lamborghini. Det er den \u00e5pne versjonen av Aventador SVJ coupe, som ble introdusert i 2018.<\/p>\n<p>\ud83d\udeab VIKTIG!<\/p>\n<p>Produktnavn: Lamborghini Aventador SVJ Roadster<\/p>\n<p>Kategori: Teknikk<\/p>\n<p>Dette settet inneholder: MOC-17698<\/p>\n<p>3562 stk Klosser av god kvalitet<\/p>\n<p>Vekt: 3500g<\/p>\n<p>PDF-instruksjoner<\/p>\n<p>\ud83d\udcccProtagonistens natur<\/p>\n<p>Vi introduserer v\u00e5r stolte kolleksjon kalt &quot;Lamborghini Aventador SVJ Roadster&quot; du ikke b\u00f8r g\u00e5 glipp av.<\/p>\n<p>Aventador SVJ Roadster har et lett karbonfiberhus og drives av en 6,5-liters naturlig aspirert V12-motor som yter 759 hestekrefter og 531 lb-ft dreiemoment. Bilen kan akselerere fra 0 til 60 mph p\u00e5 bare 2,9 sekunder og har en toppfart p\u00e5 217 mph. En av hovedtrekkene til Aventador SVJ Roadster er dens aerodynamiske design, som inkluderer en stor bakvinge og aktiv aerodynamikk som justeres for \u00e5 forbedre bilens kj\u00f8reegenskaper og stabilitet i h\u00f8ye hastigheter. Bilen har ogs\u00e5 et sofistikert firehjulsstyringssystem som forbedrer smidigheten og svingeevnen.<\/p><\/div>","protected":false},"excerpt":{"rendered":"<p>Merke: MOC Factory<br \/>\nKj\u00f8nn: Unisex<br \/>\nAldersgruppe: &gt; 12 \u00e5r gammel<br \/>\nModellnummer: 17698<br \/>\nKlassifisering: Montering<br \/>\nPlastblokkform: Selvl\u00e5sende murstein<br \/>\nMateriale: Plast<br \/>\nPlasttype: ABS<br \/>\nMursteinsblokker: 3562 +<br \/>\nArrangementstid: 4-8 uker<\/p>","protected":false},"featured_media":42667,"comment_status":"open","ping_status":"closed","template":"","meta":{"_acf_changed":false},"product_cat":[1360,1357,364],"product_tag":[7253,457,596,1527,389,11080],"class_list":["product","first","instock","shipping-taxable","purchasable","product-type-simple"],"acf":[],"_links":{"self":[{"href":"https:\/\/mouldking.store\/nb\/wp-json\/wp\/v2\/product\/42672","targetHints":{"allow":["GET"]}}],"collection":[{"href":"https:\/\/mouldking.store\/nb\/wp-json\/wp\/v2\/product"}],"about":[{"href":"https:\/\/mouldking.store\/nb\/wp-json\/wp\/v2\/types\/product"}],"replies":[{"embeddable":true,"href":"https:\/\/mouldking.store\/nb\/wp-json\/wp\/v2\/comments?post=42672"}],"wp:featuredmedia":[{"embeddable":true,"href":"https:\/\/mouldking.store\/nb\/wp-json\/wp\/v2\/media\/42667"}],"wp:attachment":[{"href":"https:\/\/mouldking.store\/nb\/wp-json\/wp\/v2\/media?parent=42672"}],"wp:term":[{"taxonomy":"product_cat","embeddable":true,"href":"https:\/\/mouldking.store\/nb\/wp-json\/wp\/v2\/product_cat?post=42672"},{"taxonomy":"product_tag","embeddable":true,"href":"https:\/\/mouldking.store\/nb\/wp-json\/wp\/v2\/product_tag?post=42672"}],"curies":[{"name":"wp","href":"https:\/\/api.w.org\/{rel}","templated":true}]}}