{"id":42675,"date":"2023-03-06T11:47:19","date_gmt":"2023-03-06T04:47:19","guid":{"rendered":"https:\/\/mouldking.store\/shop\/moc-factory-104144-the-white-city-with-4337-pieces\/"},"modified":"2025-12-16T22:25:11","modified_gmt":"2025-12-16T15:25:11","slug":"moc-factory-104144-the-white-city-with-4337-pieces","status":"publish","type":"product","link":"https:\/\/mouldking.store\/nb\/shop\/moc-factory-104144-the-white-city-with-4337-pieces\/","title":{"rendered":"MOC Factory 104144 Den hvite byen med 4337 stykker"},"content":{"rendered":"<div>\u2705 MOC-104144 Den hvite byen<\/p>\n<p>\u2705Den hvite byen er en fiktiv by i JRR Tolkiens Midg\u00e5rd-univers, omtalt i b\u00e5de Hobbiten og Ringenes Herre. Det er ogs\u00e5 kjent som Minas Tirith, som oversettes til &quot;Tower of Guard&quot; p\u00e5 sindarin, et av de fiktive spr\u00e5kene skapt av Tolkien.<\/p>\n<p>\ud83d\udeab VIKTIG!<\/p>\n<p>Produktnavn: Den hvite byen<\/p>\n<p>Kategori: Modulbygg<\/p>\n<p>Dette settet inneholder: MOC-104144<\/p>\n<p>4337 stk Murstein av god kvalitet<\/p>\n<p>PDF-instruksjoner<\/p>\n<p>\ud83d\udcccProtagonistens natur<\/p>\n<p>Vi introduserer v\u00e5r stolte kolleksjon kalt &quot;The White City&quot; du ikke b\u00f8r g\u00e5 glipp av.<\/p>\n<p>Ligger i riket Gondor, er White City en befestet by bygget p\u00e5 en h\u00f8yde med utsikt over Pelennor Fields. Det beskrives som \u00e5 ha syv niv\u00e5er, hver omgitt av murer og porter, og de \u00f8vre niv\u00e5ene er hjemmet til den herskende klassen til Gondor. I Ringenes Herre spiller Den hvite byen en betydelig rolle i historien som den siste bastionen av h\u00e5p mot m\u00f8rkets krefter ledet av Sauron. Byen er stedet for det klimaksiske slaget ved Pelennor-feltene, der h\u00e6rene til Gondor og Rohan forenes for \u00e5 forsvare byen mot h\u00e6rene til Mordor.<\/p><\/div>","protected":false},"excerpt":{"rendered":"<p>Merke: MOC Factory<br \/>\nKj\u00f8nn: Unisex<br \/>\nAldersgruppe: &gt; 12 \u00e5r gammel<br \/>\nModellnummer: 104144<br \/>\nKlassifisering: Montering<br \/>\nPlastblokkform: Selvl\u00e5sende murstein<br \/>\nMateriale: Plast<br \/>\nPlasttype: ABS<br \/>\nMursteinsblokker: 4337 +<br \/>\nArrangementstid: 4-8 uker<\/p>","protected":false},"featured_media":42673,"comment_status":"open","ping_status":"closed","template":"","meta":{"_acf_changed":false},"product_cat":[1395,390,581,1408],"product_tag":[4883,392,434,11495,6169,1461],"class_list":["product","first","instock","shipping-taxable","purchasable","product-type-simple"],"acf":[],"_links":{"self":[{"href":"https:\/\/mouldking.store\/nb\/wp-json\/wp\/v2\/product\/42675","targetHints":{"allow":["GET"]}}],"collection":[{"href":"https:\/\/mouldking.store\/nb\/wp-json\/wp\/v2\/product"}],"about":[{"href":"https:\/\/mouldking.store\/nb\/wp-json\/wp\/v2\/types\/product"}],"replies":[{"embeddable":true,"href":"https:\/\/mouldking.store\/nb\/wp-json\/wp\/v2\/comments?post=42675"}],"wp:featuredmedia":[{"embeddable":true,"href":"https:\/\/mouldking.store\/nb\/wp-json\/wp\/v2\/media\/42673"}],"wp:attachment":[{"href":"https:\/\/mouldking.store\/nb\/wp-json\/wp\/v2\/media?parent=42675"}],"wp:term":[{"taxonomy":"product_cat","embeddable":true,"href":"https:\/\/mouldking.store\/nb\/wp-json\/wp\/v2\/product_cat?post=42675"},{"taxonomy":"product_tag","embeddable":true,"href":"https:\/\/mouldking.store\/nb\/wp-json\/wp\/v2\/product_tag?post=42675"}],"curies":[{"name":"wp","href":"https:\/\/api.w.org\/{rel}","templated":true}]}}