{"id":42682,"date":"2023-03-06T11:54:41","date_gmt":"2023-03-06T04:54:41","guid":{"rendered":"https:\/\/mouldking.store\/shop\/moc-factory-67589-sukhoi-su-25-frogfoot-with-900-pieces\/"},"modified":"2025-12-16T22:25:11","modified_gmt":"2025-12-16T15:25:11","slug":"moc-factory-67589-sukhoi-su-25-frogfoot-with-900-pieces","status":"publish","type":"product","link":"https:\/\/mouldking.store\/nb\/shop\/moc-factory-67589-sukhoi-su-25-frogfoot-with-900-pieces\/","title":{"rendered":"MOC Factory 67589 Sukhoi Su-25 froskefot med 900 stykker"},"content":{"rendered":"<div>\u2705MOC-67589 Sukhoi Su-25 froskefot<\/p>\n<p>\u2705Sukhoi Su-25 Frogfoot er et bakkeangrepsfly utviklet av Sovjetunionen p\u00e5 1970-tallet. Den ble designet for \u00e5 gi n\u00e6r luftst\u00f8tte til bakkestyrker og for \u00e5 angripe fiendtlige rustninger, tropper og festningsverk. Flyet gikk i tjeneste med det sovjetiske flyv\u00e5penet i 1981 og har siden blitt mye eksportert til andre land.<\/p>\n<p>\ud83d\udeab VIKTIG!<\/p>\n<p>Produktnavn: Sukhoi Su-25 Frogfoot<\/p>\n<p>Kategori: Milit\u00e6r<\/p>\n<p>Dette settet inneholder: MOC-67589<\/p>\n<p>900 stk god kvalitet murstein<\/p>\n<p>Vekt: 900g<\/p>\n<p>PDF-instruksjoner<\/p>\n<p>\ud83d\udcccProtagonistens natur<\/p>\n<p>Vi introduserer v\u00e5r stolte kolleksjon kalt &quot;Sukhoi Su-25 Frogfoot&quot; du ikke b\u00f8r g\u00e5 glipp av.<\/p>\n<p>Su-25 er et tomotors jetfly med en rett vinge og en s\u00e6regen \u00abandnebb\u00bb-nese som huser flyets v\u00e5pen og sensorsystemer. Den er tungt pansret og t\u00e5ler betydelige kampskader, noe som gj\u00f8r den til et popul\u00e6rt valg for n\u00e6rluftst\u00f8tteoppdrag. Su-25 er bev\u00e6pnet med en rekke v\u00e5pen, inkludert en 30 mm kanon, raketter og bomber. Den kan b\u00e6re opptil 8800 pund ammunisjon og kan engasjere m\u00e5l p\u00e5 avstander p\u00e5 opptil 6 miles. Su-25 har blitt brukt i en rekke konflikter rundt om i verden, inkludert den sovjet-afghanske krigen, Iran-Irak-krigen og konfliktene i Tsjetsjenia og Ukraina. Flyet har f\u00e5tt ros for sin holdbarhet og effektivitet i bakkeangrepsoppdrag, og det er fortsatt i tjeneste med flere luftstyrker rundt om i verden.<\/p><\/div>","protected":false},"excerpt":{"rendered":"<p>Merke: MOC Factory<br \/>\nKj\u00f8nn: Unisex<br \/>\nAldersgruppe: &gt; 12 \u00e5r gammel<br \/>\nModellnummer: 67589<br \/>\nKlassifisering: Montering<br \/>\nPlastblokkform: Selvl\u00e5sende murstein<br \/>\nMateriale: Plast<br \/>\nPlasttype: ABS<br \/>\nMursteinsblokker: 900+<br \/>\nArrangementstid: 4-8 uker<\/p>","protected":false},"featured_media":42676,"comment_status":"open","ping_status":"closed","template":"","meta":{"_acf_changed":false},"product_cat":[1350,1357,372,364],"product_tag":[5271,374,389],"class_list":["product","first","instock","shipping-taxable","purchasable","product-type-simple"],"acf":[],"_links":{"self":[{"href":"https:\/\/mouldking.store\/nb\/wp-json\/wp\/v2\/product\/42682","targetHints":{"allow":["GET"]}}],"collection":[{"href":"https:\/\/mouldking.store\/nb\/wp-json\/wp\/v2\/product"}],"about":[{"href":"https:\/\/mouldking.store\/nb\/wp-json\/wp\/v2\/types\/product"}],"replies":[{"embeddable":true,"href":"https:\/\/mouldking.store\/nb\/wp-json\/wp\/v2\/comments?post=42682"}],"wp:featuredmedia":[{"embeddable":true,"href":"https:\/\/mouldking.store\/nb\/wp-json\/wp\/v2\/media\/42676"}],"wp:attachment":[{"href":"https:\/\/mouldking.store\/nb\/wp-json\/wp\/v2\/media?parent=42682"}],"wp:term":[{"taxonomy":"product_cat","embeddable":true,"href":"https:\/\/mouldking.store\/nb\/wp-json\/wp\/v2\/product_cat?post=42682"},{"taxonomy":"product_tag","embeddable":true,"href":"https:\/\/mouldking.store\/nb\/wp-json\/wp\/v2\/product_tag?post=42682"}],"curies":[{"name":"wp","href":"https:\/\/api.w.org\/{rel}","templated":true}]}}