{"id":42689,"date":"2023-03-06T12:05:15","date_gmt":"2023-03-06T05:05:15","guid":{"rendered":"https:\/\/mouldking.store\/shop\/moc-factory-60244-m1128-stryker-mgs-with-767-pieces\/"},"modified":"2025-12-16T22:25:11","modified_gmt":"2025-12-16T15:25:11","slug":"moc-factory-60244-m1128-stryker-mgs-with-767-pieces","status":"publish","type":"product","link":"https:\/\/mouldking.store\/nb\/shop\/moc-factory-60244-m1128-stryker-mgs-with-767-pieces\/","title":{"rendered":"MOC Factory 60244 M1128 Stryker MGS med 767 stk"},"content":{"rendered":"<div>\u2705 MOC-60244 M1128 Stryker MGS<\/p>\n<p>\u2705M1128 Stryker Mobile Gun System (MGS) er et lett pansret kj\u00f8ret\u00f8y med hjul designet for rask utplassering og kamp i en rekke milj\u00f8er. Den ble utviklet av den amerikanske h\u00e6ren p\u00e5 slutten av 1990-tallet og begynnelsen av 2000-tallet som en del av Stryker-familien av kj\u00f8ret\u00f8y.<\/p>\n<p>\ud83d\udeab VIKTIG!<\/p>\n<p>Produktnavn: M1128 Stryker MGS<\/p>\n<p>Kategori: Milit\u00e6r<\/p>\n<p>Dette settet inneholder: MOC-60244<\/p>\n<p>767 stk Klosser av god kvalitet<\/p>\n<p>Vekt: 750g<\/p>\n<p>PDF-instruksjoner<\/p>\n<p>\ud83d\udcccProtagonistens natur<\/p>\n<p>Vi introduserer v\u00e5r stolte kolleksjon kalt &quot;M1128 Stryker MGS&quot; du ikke b\u00f8r g\u00e5 glipp av.<\/p>\n<p>M1128 Stryker MGS er bev\u00e6pnet med en 105 mm kanon, som er i stand til \u00e5 skyte en rekke ammunisjonstyper, inkludert h\u00f8yeksplosive, pansergjennomtrengende og r\u00f8ykskudd. Kanonen er montert p\u00e5 et stabilisert t\u00e5rn som lar den engasjere m\u00e5l mens den er p\u00e5 farten, og kj\u00f8ret\u00f8yet inkluderer ogs\u00e5 en koaksial maskingev\u00e6r og en fjernstyrt maskingev\u00e6r for ekstra ildkraft. M1128 Stryker MGS er bygget p\u00e5 en modifisert versjon av Stryker-chassiset, som har \u00e5tte hjul og uavhengig fj\u00e6ring for forbedret mobilitet og offroad-ytelse. Kj\u00f8ret\u00f8yet er ogs\u00e5 utstyrt med avanserte kommunikasjons- og navigasjonssystemer, samt reaktiv rustning og andre tiltak for \u00e5 beskytte mot fiendtlig ild.<\/p><\/div>","protected":false},"excerpt":{"rendered":"<p>Merke: MOC Factory<br \/>\nKj\u00f8nn: Unisex<br \/>\nAldersgruppe: &gt; 12 \u00e5r gammel<br \/>\nModellnummer: 60244<br \/>\nKlassifisering: Montering<br \/>\nPlastblokkform: Selvl\u00e5sende murstein<br \/>\nMateriale: Plast<br \/>\nPlasttype: ABS<br \/>\nMursteinsblokker: 767 +<br \/>\nArrangementstid: 4-8 uker<\/p>","protected":false},"featured_media":42683,"comment_status":"open","ping_status":"closed","template":"","meta":{"_acf_changed":false},"product_cat":[1350,1357,372,364],"product_tag":[11221,11496,11498,374,11497,389],"class_list":["product","first","instock","shipping-taxable","purchasable","product-type-simple"],"acf":[],"_links":{"self":[{"href":"https:\/\/mouldking.store\/nb\/wp-json\/wp\/v2\/product\/42689","targetHints":{"allow":["GET"]}}],"collection":[{"href":"https:\/\/mouldking.store\/nb\/wp-json\/wp\/v2\/product"}],"about":[{"href":"https:\/\/mouldking.store\/nb\/wp-json\/wp\/v2\/types\/product"}],"replies":[{"embeddable":true,"href":"https:\/\/mouldking.store\/nb\/wp-json\/wp\/v2\/comments?post=42689"}],"wp:featuredmedia":[{"embeddable":true,"href":"https:\/\/mouldking.store\/nb\/wp-json\/wp\/v2\/media\/42683"}],"wp:attachment":[{"href":"https:\/\/mouldking.store\/nb\/wp-json\/wp\/v2\/media?parent=42689"}],"wp:term":[{"taxonomy":"product_cat","embeddable":true,"href":"https:\/\/mouldking.store\/nb\/wp-json\/wp\/v2\/product_cat?post=42689"},{"taxonomy":"product_tag","embeddable":true,"href":"https:\/\/mouldking.store\/nb\/wp-json\/wp\/v2\/product_tag?post=42689"}],"curies":[{"name":"wp","href":"https:\/\/api.w.org\/{rel}","templated":true}]}}