{"id":42715,"date":"2023-03-08T09:32:14","date_gmt":"2023-03-08T02:32:14","guid":{"rendered":"https:\/\/mouldking.store\/shop\/mj-13017-harry-potter-magic-train-with-929-pieces\/"},"modified":"2023-03-08T09:32:14","modified_gmt":"2023-03-08T02:32:14","slug":"mj-13017-harry-potter-magic-train-with-929-pieces","status":"publish","type":"product","link":"https:\/\/mouldking.store\/nb\/shop\/mj-13017-harry-potter-magic-train-with-929-pieces\/","title":{"rendered":"MJ 13017 Harry Potter Magic Train med 929 stykker"},"content":{"rendered":"<div>\u2705 MJI 13017 Harry Potter Magic Train<br \/>&nbsp;<br \/>\u2705Harry Potter Magic Train, ogs\u00e5 kjent som Galtvortekspressen, er et fiktivt damplokomotiv i Harry Potter-serien med romaner og filmer. Toget g\u00e5r mellom King&#039;s Cross Station i London og Hogsmeade Station n\u00e6r Galtvort School of Witchcraft and Wizardry.<br \/>&nbsp;<br \/>\ud83d\udeab VIKTIG!&nbsp;<br \/>&nbsp;<br \/>Produktnavn: Harry Potter Magic Train<br \/>&nbsp;<br \/>Kategori: Film<br \/>&nbsp;<br \/>Dette settet inneholder: MJI 13017<br \/>&nbsp;<br \/>929 stk Klosser av god kvalitet&nbsp;<br \/>&nbsp;<br \/>Manuelle instruksjoner&nbsp;<br \/>&nbsp;<br \/>\ud83d\udcccProtagonistens natur&nbsp;<br \/>&nbsp;<br \/>Vi introduserer v\u00e5r stolte kolleksjon kalt &quot;Harry Potter Magic Train&quot; du ikke b\u00f8r g\u00e5 glipp av.&nbsp;<\/p>\n<p>I historien brukes Galtvortekspressen av unge hekser og trollmenn til \u00e5 reise til Galtvort i begynnelsen av hvert skole\u00e5r. Togturen er en viktig del av den magiske verdenen til Harry Potter, siden den gir elevene en m\u00e5te \u00e5 ankomme til Galtvort med stil og begynne sin magiske utdannelse.<\/p><\/div>","protected":false},"excerpt":{"rendered":"<p>Merke: MJ<br \/>\nKj\u00f8nn: Unisex<br \/>\nAldersgruppe: &gt; 12 \u00e5r gammel<br \/>\nModellnummer: 13017<br \/>\nKlassifisering: Montering<br \/>\nPlastblokkform: Selvl\u00e5sende murstein<br \/>\nMateriale: Plast<br \/>\nPlasttype: ABS<br \/>\nMursteinsblokker: 929 +<br \/>\nIngen original eske<\/p>","protected":false},"featured_media":42712,"comment_status":"open","ping_status":"closed","template":"","meta":{"_acf_changed":false},"product_cat":[1365,1357,371,581,364,1408],"product_tag":[11072,8452,5724,8858,434,389,300],"class_list":["product","first","instock","shipping-taxable","purchasable","product-type-simple"],"acf":[],"_links":{"self":[{"href":"https:\/\/mouldking.store\/nb\/wp-json\/wp\/v2\/product\/42715","targetHints":{"allow":["GET"]}}],"collection":[{"href":"https:\/\/mouldking.store\/nb\/wp-json\/wp\/v2\/product"}],"about":[{"href":"https:\/\/mouldking.store\/nb\/wp-json\/wp\/v2\/types\/product"}],"replies":[{"embeddable":true,"href":"https:\/\/mouldking.store\/nb\/wp-json\/wp\/v2\/comments?post=42715"}],"wp:featuredmedia":[{"embeddable":true,"href":"https:\/\/mouldking.store\/nb\/wp-json\/wp\/v2\/media\/42712"}],"wp:attachment":[{"href":"https:\/\/mouldking.store\/nb\/wp-json\/wp\/v2\/media?parent=42715"}],"wp:term":[{"taxonomy":"product_cat","embeddable":true,"href":"https:\/\/mouldking.store\/nb\/wp-json\/wp\/v2\/product_cat?post=42715"},{"taxonomy":"product_tag","embeddable":true,"href":"https:\/\/mouldking.store\/nb\/wp-json\/wp\/v2\/product_tag?post=42715"}],"curies":[{"name":"wp","href":"https:\/\/api.w.org\/{rel}","templated":true}]}}