{"id":42725,"date":"2023-03-08T09:53:25","date_gmt":"2023-03-08T02:53:25","guid":{"rendered":"https:\/\/mouldking.store\/shop\/52toys-mb-25-endymion-with-500-pieces\/"},"modified":"2023-03-08T09:53:25","modified_gmt":"2023-03-08T02:53:25","slug":"52toys-mb-25-endymion-with-500-pieces","status":"publish","type":"product","link":"https:\/\/mouldking.store\/nb\/shop\/52toys-mb-25-endymion-with-500-pieces\/","title":{"rendered":"52TOYS MB-25 ENDYMION med 500 stk"},"content":{"rendered":"<div>\u2705 52TOYS MB-25 ENDYMION<br \/>&nbsp;<br \/>\u270552TOYS MEGABOX MB-25 er en leket\u00f8yslinje som har en karakter som heter ENDYMION. ENDYMION er en robot av mecha-typen som er en del av MEGABOX-serien. Den har et elegant design med et fargevalg av svart, hvitt og r\u00f8dt.<\/div>\n<div>&nbsp;<br \/>\ud83d\udeab VIKTIG!&nbsp;<br \/>&nbsp;<br \/>Produktnavn: ENDYMION<br \/>&nbsp;<br \/>Kategori: Skaper&nbsp;<br \/>&nbsp;<br \/>Dette settet inneholder: 52TOYS MB-25<br \/>&nbsp;<br \/>500 stk god kvalitet murstein&nbsp;<br \/>&nbsp;<br \/>St\u00f8rrelse: 15cm&nbsp;<br \/>&nbsp;<br \/>Manuelle instruksjoner&nbsp;<br \/>&nbsp;<br \/>\ud83d\udcccProtagonistens natur&nbsp;<br \/>&nbsp;<br \/>Vi introduserer v\u00e5r stolte kolleksjon kalt &quot;52TOYS MB-25&quot; du ikke b\u00f8r g\u00e5 glipp av.&nbsp;<br \/>&nbsp;<br \/>N\u00e5r det gjelder funksjonene, har ENDYMION en sv\u00e6rt leddet kropp, som lar den posere i forskjellige dynamiske posisjoner. Den kommer ogs\u00e5 med flere utskiftbare tilbeh\u00f8r, inkludert forskjellige hender og v\u00e5pen, for \u00e5 forbedre spillbarheten.<\/div>","protected":false},"excerpt":{"rendered":"<p>Merke: 52TOYS<br \/>\nKj\u00f8nn: Unisex<br \/>\nAldersgruppe: &gt; 6 \u00e5r gammel<br \/>\nModellnummer: MB-25<br \/>\nKlassifisering: Montering<br \/>\nPlastblokkform: Selvl\u00e5sende murstein<br \/>\nMateriale: Plast<br \/>\nPlasttype: ABS<br \/>\nMursteinsblokker: 500+<br \/>\nDelene kan endres<\/p>","protected":false},"featured_media":42721,"comment_status":"open","ping_status":"closed","template":"","meta":{"_acf_changed":false},"product_cat":[1365,371],"product_tag":[11072,8452,9302,590,11311],"class_list":["product","first","instock","shipping-taxable","purchasable","product-type-simple"],"acf":[],"_links":{"self":[{"href":"https:\/\/mouldking.store\/nb\/wp-json\/wp\/v2\/product\/42725","targetHints":{"allow":["GET"]}}],"collection":[{"href":"https:\/\/mouldking.store\/nb\/wp-json\/wp\/v2\/product"}],"about":[{"href":"https:\/\/mouldking.store\/nb\/wp-json\/wp\/v2\/types\/product"}],"replies":[{"embeddable":true,"href":"https:\/\/mouldking.store\/nb\/wp-json\/wp\/v2\/comments?post=42725"}],"wp:featuredmedia":[{"embeddable":true,"href":"https:\/\/mouldking.store\/nb\/wp-json\/wp\/v2\/media\/42721"}],"wp:attachment":[{"href":"https:\/\/mouldking.store\/nb\/wp-json\/wp\/v2\/media?parent=42725"}],"wp:term":[{"taxonomy":"product_cat","embeddable":true,"href":"https:\/\/mouldking.store\/nb\/wp-json\/wp\/v2\/product_cat?post=42725"},{"taxonomy":"product_tag","embeddable":true,"href":"https:\/\/mouldking.store\/nb\/wp-json\/wp\/v2\/product_tag?post=42725"}],"curies":[{"name":"wp","href":"https:\/\/api.w.org\/{rel}","templated":true}]}}