{"id":42755,"date":"2023-03-09T18:40:55","date_gmt":"2023-03-09T11:40:55","guid":{"rendered":"https:\/\/mouldking.store\/shop\/zhegao-qj5184-ducati-diavel-big-devil-motorcycle-with-756-pieces\/"},"modified":"2023-03-09T18:40:55","modified_gmt":"2023-03-09T11:40:55","slug":"zhegao-qj5184-ducati-diavel-big-devil-motorcycle-with-756-pieces","status":"publish","type":"product","link":"https:\/\/mouldking.store\/nb\/shop\/zhegao-qj5184-ducati-diavel-big-devil-motorcycle-with-756-pieces\/","title":{"rendered":"ZHEGAO QJ5184 Ducati Diavel Big Devil motorsykkel med 756 deler"},"content":{"rendered":"<div>\u2705 ZHEGAO QJ5184 Ducati Diavel Big Devil Motorsykkel<br \/>&nbsp;<br \/>\u2705Ducati Diavel er en motorsykkelmodell med h\u00f8y ytelse produsert av den italienske produsenten Ducati. Diavel ble f\u00f8rst introdusert i 2010, og kombinerer funksjonene til en sportssykkel, en cruiser og en nakensykkel.<br \/>&nbsp;<br \/>\ud83d\udeab VIKTIG!&nbsp;<br \/>&nbsp;<br \/>Produktnavn: Ducati Diavel Big Devil Motorcycle<br \/>&nbsp;<br \/>Kategori: Teknikk<br \/>&nbsp;<br \/>Dette settet inneholder: ZHEGAO QJ5184<br \/>&nbsp;<br \/>756 stk god kvalitet murstein&nbsp;<br \/>&nbsp;<br \/>St\u00f8rrelse: 40,32 \u00d7 25,84 cm<br \/>&nbsp;<br \/>Manuelle instruksjoner&nbsp;<br \/>&nbsp;<br \/>\ud83d\udcccProtagonistens natur&nbsp;<br \/>&nbsp;<br \/>Vi introduserer v\u00e5r stolte kolleksjon kalt &quot;Ducati Diavel Big Devil Motorcycle&quot; du ikke b\u00f8r g\u00e5 glipp av.&nbsp;<br \/>&nbsp;<br \/>Ducati Diavel har en kraftig 1262cc Testastretta DVT (Desmodromic Variable Timing)-motor, som produserer 157 hestekrefter og et dreiemoment p\u00e5 95 lb-ft. Motorsykkelen har ogs\u00e5 et lett understell, avansert elektronikk og en rekke funksjoner designet for komfort og bekvemmelighet, som et komfortabelt sete, elektronisk cruisekontroll og n\u00f8kkelfri tenning.<\/div>","protected":false},"excerpt":{"rendered":"<p>Merke: ZHEGAO<br \/>\nKj\u00f8nn: Unisex<br \/>\nAldersgruppe: &gt; 6 \u00e5r gammel<br \/>\nModellnummer: QJ5184<br \/>\nKlassifisering: Montering<br \/>\nPlastblokkform: Selvl\u00e5sende murstein<br \/>\nMateriale: Plast<br \/>\nPlasttype: ABS<br \/>\nMursteinsblokker: 756 +<br \/>\nForh\u00e5ndssalg<\/p>","protected":false},"featured_media":42753,"comment_status":"open","ping_status":"closed","template":"","meta":{"_acf_changed":false},"product_cat":[1357,364],"product_tag":[5593,5553,11506,2449,389,11080],"class_list":["product","first","instock","shipping-taxable","purchasable","product-type-simple"],"acf":[],"_links":{"self":[{"href":"https:\/\/mouldking.store\/nb\/wp-json\/wp\/v2\/product\/42755","targetHints":{"allow":["GET"]}}],"collection":[{"href":"https:\/\/mouldking.store\/nb\/wp-json\/wp\/v2\/product"}],"about":[{"href":"https:\/\/mouldking.store\/nb\/wp-json\/wp\/v2\/types\/product"}],"replies":[{"embeddable":true,"href":"https:\/\/mouldking.store\/nb\/wp-json\/wp\/v2\/comments?post=42755"}],"wp:featuredmedia":[{"embeddable":true,"href":"https:\/\/mouldking.store\/nb\/wp-json\/wp\/v2\/media\/42753"}],"wp:attachment":[{"href":"https:\/\/mouldking.store\/nb\/wp-json\/wp\/v2\/media?parent=42755"}],"wp:term":[{"taxonomy":"product_cat","embeddable":true,"href":"https:\/\/mouldking.store\/nb\/wp-json\/wp\/v2\/product_cat?post=42755"},{"taxonomy":"product_tag","embeddable":true,"href":"https:\/\/mouldking.store\/nb\/wp-json\/wp\/v2\/product_tag?post=42755"}],"curies":[{"name":"wp","href":"https:\/\/api.w.org\/{rel}","templated":true}]}}