{"id":42780,"date":"2023-03-10T15:44:54","date_gmt":"2023-03-10T08:44:54","guid":{"rendered":"https:\/\/mouldking.store\/shop\/moc-factory-89447-isd-ii-commandobridge-with-6532-pieces\/"},"modified":"2025-12-16T22:25:11","modified_gmt":"2025-12-16T15:25:11","slug":"moc-factory-89447-isd-ii-commandobridge-with-6532-pieces","status":"publish","type":"product","link":"https:\/\/mouldking.store\/nb\/shop\/moc-factory-89447-isd-ii-commandobridge-with-6532-pieces\/","title":{"rendered":"MOC Factory 89447 ISD II Commandobridge med 6532 stk"},"content":{"rendered":"<div>\u2705 MOC-89447 ISD II Commandobridge<\/p>\n<p>\u2705 ISD II Command Bridge er en fiktiv plassering i Star Wars-universet, n\u00e6rmere bestemt i den andre versjonen av Imperial-klassen Star Destroyer, som er et stort hovedskip brukt av det galaktiske imperiet.<\/p>\n<p>\ud83d\udeab VIKTIG!<\/p>\n<p>Produktnavn: ISD II Commandobridge<\/p>\n<p>Kategori: Star Wars<\/p>\n<p>Dette settet inneholder: MOC-89447<\/p>\n<p>6532 stk Klosser av god kvalitet<\/p>\n<p>PDF-instruksjoner<\/p>\n<p>\ud83d\udcccProtagonistens natur<\/p>\n<p>Vi introduserer v\u00e5r stolte kolleksjon kalt &quot;ISD II Commandobridge&quot; du ikke b\u00f8r g\u00e5 glipp av.<\/p>\n<p>ISD II Command Bridge er hovedkontrollsenteret til Star Destroyer i Imperial-klassen, og det er der skipets kaptein og senioroffiserer koordinerer og leder skipets operasjoner. Broen er plassert p\u00e5 toppen av Star Destroyers skrog, og gir den en imponerende utsikt over det omkringliggende rommet. I Star Wars-filmene og det utvidede universet er ISD II Command Bridge avbildet som et stort, romslig rom med flere stasjoner for ulike skipsfunksjoner, inkludert navigasjon, kommunikasjon og v\u00e5penkontroll. Kapteinstolen er plassert i midten av broen, med andre offiserer stasjonert rundt ham for \u00e5 gi st\u00f8tte og tilbakemelding.<\/p><\/div>","protected":false},"excerpt":{"rendered":"<p>Merke: MOC Factory<br \/>\nKj\u00f8nn: Unisex<br \/>\nAldersgruppe: &gt; 12 \u00e5r gammel<br \/>\nModellnummer: 89447<br \/>\nKlassifisering: Montering<br \/>\nPlastblokkform: Selvl\u00e5sende murstein<br \/>\nMateriale: Plast<br \/>\nPlasttype: ABS<br \/>\nMursteinsblokker: 6532 +<br \/>\nArrangementstid: 4-8 uker<\/p>","protected":false},"featured_media":42779,"comment_status":"open","ping_status":"closed","template":"","meta":{"_acf_changed":false},"product_cat":[1350,372,581,6016,415,1408],"product_tag":[10639,374,434,2276,436],"class_list":["product","first","instock","shipping-taxable","purchasable","product-type-simple"],"acf":[],"_links":{"self":[{"href":"https:\/\/mouldking.store\/nb\/wp-json\/wp\/v2\/product\/42780","targetHints":{"allow":["GET"]}}],"collection":[{"href":"https:\/\/mouldking.store\/nb\/wp-json\/wp\/v2\/product"}],"about":[{"href":"https:\/\/mouldking.store\/nb\/wp-json\/wp\/v2\/types\/product"}],"replies":[{"embeddable":true,"href":"https:\/\/mouldking.store\/nb\/wp-json\/wp\/v2\/comments?post=42780"}],"wp:featuredmedia":[{"embeddable":true,"href":"https:\/\/mouldking.store\/nb\/wp-json\/wp\/v2\/media\/42779"}],"wp:attachment":[{"href":"https:\/\/mouldking.store\/nb\/wp-json\/wp\/v2\/media?parent=42780"}],"wp:term":[{"taxonomy":"product_cat","embeddable":true,"href":"https:\/\/mouldking.store\/nb\/wp-json\/wp\/v2\/product_cat?post=42780"},{"taxonomy":"product_tag","embeddable":true,"href":"https:\/\/mouldking.store\/nb\/wp-json\/wp\/v2\/product_tag?post=42780"}],"curies":[{"name":"wp","href":"https:\/\/api.w.org\/{rel}","templated":true}]}}