{"id":42819,"date":"2023-03-13T12:27:58","date_gmt":"2023-03-13T05:27:58","guid":{"rendered":"https:\/\/mouldking.store\/shop\/dk-7024-aquarium-sea-turtle-ecological-tank-with-753-pieces\/"},"modified":"2023-03-13T12:27:58","modified_gmt":"2023-03-13T05:27:58","slug":"dk-7024-aquarium-sea-turtle-ecological-tank-with-753-pieces","status":"publish","type":"product","link":"https:\/\/mouldking.store\/nb\/shop\/dk-7024-aquarium-sea-turtle-ecological-tank-with-753-pieces\/","title":{"rendered":"DK 7024 Aquarium: Havskilpadde \u00f8kologisk tank med 753 stk"},"content":{"rendered":"<div>\u2705 DK 7024 Aquarium: Sea Turtle Ecological Tank<br \/>&nbsp;<br \/>\u2705Et akvarium: Sea Turtle Ecological Tank er en type akvarium som er spesielt designet for \u00e5 huse og vise havskilpadder. Disse tankene er vanligvis mye st\u00f8rre enn tradisjonelle akvarier og kan finnes i offentlige akvarier eller dyrehager, snarere enn private hjem.<br \/>&nbsp;<br \/>\ud83d\udeab VIKTIG!&nbsp;<br \/>&nbsp;<br \/>Produktnavn: Akvarium: Sea Turtle Ecological Tank<br \/>&nbsp;<br \/>Kategori: Skaper&nbsp;<br \/>&nbsp;<br \/>Dette settet inneholder: DK 7024<br \/>&nbsp;<br \/>753 stk Klosser av god kvalitet&nbsp;<br \/>&nbsp;<br \/>St\u00f8rrelse: 23,6 \u00d7 14,8 cm&nbsp;<br \/>&nbsp;<br \/>Manuelle instruksjoner&nbsp;<br \/>&nbsp;<br \/>\ud83d\udcccProtagonistens natur&nbsp;<br \/>&nbsp;<br \/>Vi introduserer v\u00e5r stolte kolleksjon kalt &quot;Aquarium: Sea Turtle Ecological Tank&quot; du ikke b\u00f8r g\u00e5 glipp av.&nbsp;<br \/>&nbsp;<br \/>\u00d8kologiske tanker for havskilpadder er designet for \u00e5 gi et naturlig milj\u00f8 for havskilpadder \u00e5 leve i, med god plass for dem \u00e5 sv\u00f8mme og utforske. Disse tankene er vanligvis fylt med saltvann og utstyrt med spesialiserte filtreringssystemer for \u00e5 opprettholde vannkvaliteten og simulere det naturlige havmilj\u00f8et som havskilpadder krever.<\/div>","protected":false},"excerpt":{"rendered":"<p>Merke: DK<br \/>\nKj\u00f8nn: Unisex<br \/>\nAldersgruppe: &gt; 8 \u00e5r gammel<br \/>\nModellnummer: 7024<br \/>\nKlassifisering: Montering<br \/>\nPlastblokkform: Selvl\u00e5sende murstein<br \/>\nMateriale: Plast<br \/>\nPlasttype: ABS<br \/>\nMursteinsblokker: 753 +<br \/>\nIngen original eske<\/p>","protected":false},"featured_media":42815,"comment_status":"open","ping_status":"closed","template":"","meta":{"_acf_changed":false},"product_cat":[1365,371],"product_tag":[11513,3043,11072,8452,7907,11514,485],"class_list":["product","first","instock","shipping-taxable","purchasable","product-type-simple"],"acf":[],"_links":{"self":[{"href":"https:\/\/mouldking.store\/nb\/wp-json\/wp\/v2\/product\/42819","targetHints":{"allow":["GET"]}}],"collection":[{"href":"https:\/\/mouldking.store\/nb\/wp-json\/wp\/v2\/product"}],"about":[{"href":"https:\/\/mouldking.store\/nb\/wp-json\/wp\/v2\/types\/product"}],"replies":[{"embeddable":true,"href":"https:\/\/mouldking.store\/nb\/wp-json\/wp\/v2\/comments?post=42819"}],"wp:featuredmedia":[{"embeddable":true,"href":"https:\/\/mouldking.store\/nb\/wp-json\/wp\/v2\/media\/42815"}],"wp:attachment":[{"href":"https:\/\/mouldking.store\/nb\/wp-json\/wp\/v2\/media?parent=42819"}],"wp:term":[{"taxonomy":"product_cat","embeddable":true,"href":"https:\/\/mouldking.store\/nb\/wp-json\/wp\/v2\/product_cat?post=42819"},{"taxonomy":"product_tag","embeddable":true,"href":"https:\/\/mouldking.store\/nb\/wp-json\/wp\/v2\/product_tag?post=42819"}],"curies":[{"name":"wp","href":"https:\/\/api.w.org\/{rel}","templated":true}]}}