{"id":42832,"date":"2023-03-15T09:40:37","date_gmt":"2023-03-15T02:40:37","guid":{"rendered":"https:\/\/mouldking.store\/shop\/custom-kk6892-bugatti-chiron-sports-car-with-3619-pieces\/"},"modified":"2023-03-15T09:40:37","modified_gmt":"2023-03-15T02:40:37","slug":"custom-kk6892-bugatti-chiron-sports-car-with-3619-pieces","status":"publish","type":"product","link":"https:\/\/mouldking.store\/nb\/shop\/custom-kk6892-bugatti-chiron-sports-car-with-3619-pieces\/","title":{"rendered":"Tilpasset KK6892 Bugatti Chiron sportsbil med 3619 deler"},"content":{"rendered":"<div>\u2705 Tilpasset KK6892 Bugatti Chiron sportsbil<br \/>&nbsp;<br \/>\u2705Bugatti Chiron er en hyperbil designet og produsert av Bugatti Automobiles SAS, en fransk produsent av luksusbiler med h\u00f8y ytelse. Chiron ble f\u00f8rst introdusert i 2016 som en etterf\u00f8lger til Bugatti Veyron. Chiron ble designet for \u00e5 v\u00e6re den raskeste og kraftigste produksjonsbilen i verden, og den har en fireturboladet 8,0-liters W16-motor som yter 1479 hestekrefter og 1180 lb-ft dreiemoment.<br \/>&nbsp;<br \/>\ud83d\udeab VIKTIG!&nbsp;<br \/>&nbsp;<br \/>Produktnavn: Bugatti Chiron Sports Car<br \/>&nbsp;<br \/>Kategori: Teknikk<br \/>&nbsp;<br \/>Dette settet inneholder: Custom KK6892<br \/>&nbsp;<br \/>3619 stk Klosser av god kvalitet&nbsp;<\/p>\n<p>St\u00f8rrelse: 57 x 37,7 x 14,8 cm<\/p>\n<p>Vekt 6 kg<br \/>&nbsp;<br \/>Manuelle instruksjoner&nbsp;<br \/>&nbsp;<br \/>\ud83d\udcccProtagonistens natur&nbsp;<br \/>&nbsp;<br \/>Vi introduserer v\u00e5r stolte kolleksjon kalt &quot;Bugatti Chiron Sports Car&quot; du ikke b\u00f8r g\u00e5 glipp av.&nbsp;<br \/>&nbsp;<br \/>I 2018 introduserte Bugatti Chiron Sport, som er en mer banefokusert versjon av Chiron. Chiron Sport har en rekke forbedringer i forhold til standard Chiron, inkludert en vektreduksjon p\u00e5 18 kg (40 lbs), fastere fj\u00e6ringsinnstillinger og en revidert differensial bak. Chiron Sport har ogs\u00e5 et nytt eksosanlegg som er lettere og har mindre mottrykk enn standard Chiron, noe som gir bedre ytelse.<\/div>","protected":false},"excerpt":{"rendered":"<p>Merke: Custom<br \/>\nKj\u00f8nn: Unisex<br \/>\nAldersgruppe: &gt; 16 \u00e5r gammel<br \/>\nModellnummer: KK6892<br \/>\nKlassifisering: Montering<br \/>\nPlastblokkform: Selvl\u00e5sende murstein<br \/>\nMateriale: Plast<br \/>\nPlasttype: ABS<br \/>\nMursteinsblokker: 3619 +<br \/>\nIngen original eske<\/p>","protected":false},"featured_media":42828,"comment_status":"open","ping_status":"closed","template":"","meta":{"_acf_changed":false},"product_cat":[1360,1357,364],"product_tag":[1730,457,9214,11150,11515,389,11080],"class_list":["product","first","instock","shipping-taxable","purchasable","product-type-simple"],"acf":[],"_links":{"self":[{"href":"https:\/\/mouldking.store\/nb\/wp-json\/wp\/v2\/product\/42832","targetHints":{"allow":["GET"]}}],"collection":[{"href":"https:\/\/mouldking.store\/nb\/wp-json\/wp\/v2\/product"}],"about":[{"href":"https:\/\/mouldking.store\/nb\/wp-json\/wp\/v2\/types\/product"}],"replies":[{"embeddable":true,"href":"https:\/\/mouldking.store\/nb\/wp-json\/wp\/v2\/comments?post=42832"}],"wp:featuredmedia":[{"embeddable":true,"href":"https:\/\/mouldking.store\/nb\/wp-json\/wp\/v2\/media\/42828"}],"wp:attachment":[{"href":"https:\/\/mouldking.store\/nb\/wp-json\/wp\/v2\/media?parent=42832"}],"wp:term":[{"taxonomy":"product_cat","embeddable":true,"href":"https:\/\/mouldking.store\/nb\/wp-json\/wp\/v2\/product_cat?post=42832"},{"taxonomy":"product_tag","embeddable":true,"href":"https:\/\/mouldking.store\/nb\/wp-json\/wp\/v2\/product_tag?post=42832"}],"curies":[{"name":"wp","href":"https:\/\/api.w.org\/{rel}","templated":true}]}}