{"id":42838,"date":"2023-03-15T09:53:53","date_gmt":"2023-03-15T02:53:53","guid":{"rendered":"https:\/\/mouldking.store\/shop\/jiestar-89154-the-meeting-point-with-2720-pieces\/"},"modified":"2023-03-15T09:53:53","modified_gmt":"2023-03-15T02:53:53","slug":"jiestar-89154-the-meeting-point-with-2720-pieces","status":"publish","type":"product","link":"https:\/\/mouldking.store\/nb\/shop\/jiestar-89154-the-meeting-point-with-2720-pieces\/","title":{"rendered":"JIESTAR 89154 M\u00f8tepunktet med 2720 stykker"},"content":{"rendered":"<div>\u2705 JIESTAR 89154 The Meeting Point&nbsp;<br \/>&nbsp;<br \/>\u2705P\u00e5 mange transportstasjoner, som flyplasser, togstasjoner og bussterminaler, er det vanlig \u00e5 ha et velkomstpunkt i lobbyen for \u00e5 hjelpe deg med \u00e5 veilede passasjerer, svare p\u00e5 sp\u00f8rsm\u00e5l, gi veibeskrivelse og tilby andre typer assistanse.<br \/>&nbsp;<br \/>\ud83d\udeab VIKTIG!&nbsp;<br \/>&nbsp;<br \/>Produktnavn: The Meeting Point&nbsp;<br \/>&nbsp;<br \/>Kategori: Modulbygg<br \/>&nbsp;<br \/>Dette settet inneholder: JIESTAR 89154<br \/>&nbsp;<br \/>2720 stk Klosser av god kvalitet&nbsp;<br \/>&nbsp;<br \/>St\u00f8rrelse: 38 \u00d7 26 \u00d7 30 cm<br \/>&nbsp;<br \/>Manuelle instruksjoner&nbsp;<br \/>&nbsp;<br \/>\ud83d\udcccProtagonistens natur&nbsp;<br \/>&nbsp;<br \/>Vi introduserer v\u00e5r stolte kolleksjon kalt &quot;The Meeting Point&quot; du ikke b\u00f8r g\u00e5 glipp av.&nbsp;<br \/>&nbsp;<br \/>Velkomstpunktet kan v\u00e6re bemannet av ansatte ved stasjonen eller av frivillige fra lokale organisasjoner eller reiselivsbyr\u00e5er. De kan bruke uniformer eller merker for \u00e5 identifisere seg og kan tilby tjenester som kart, brosjyrer eller informasjon om lokale attraksjoner og arrangementer. M\u00e5let er \u00e5 skape en positiv og innbydende opplevelse for passasjerene og hjelpe dem med \u00e5 navigere p\u00e5 stasjonen med letthet.<\/div>","protected":false},"excerpt":{"rendered":"<p>Merke: JIESTAR<br \/>\nKj\u00f8nn: Unisex<br \/>\nAldersgruppe: &gt; 6 \u00e5r gammel<br \/>\nModellnummer: 89154<br \/>\nKlassifisering: Montering<br \/>\nPlastblokkform: Selvl\u00e5sende murstein<br \/>\nMateriale: Plast<br \/>\nPlasttype: ABS<br \/>\nMursteinsblokker: 2720 +<br \/>\nIngen originaleske<\/p>","protected":false},"author":83,"featured_media":42833,"comment_status":"open","ping_status":"closed","template":"","meta":{"_acf_changed":false},"product_cat":[1365,1395,390],"product_tag":[4883,8452,392,2309],"class_list":["product","first","instock","shipping-taxable","purchasable","product-type-simple"],"acf":[],"_links":{"self":[{"href":"https:\/\/mouldking.store\/nb\/wp-json\/wp\/v2\/product\/42838","targetHints":{"allow":["GET"]}}],"collection":[{"href":"https:\/\/mouldking.store\/nb\/wp-json\/wp\/v2\/product"}],"about":[{"href":"https:\/\/mouldking.store\/nb\/wp-json\/wp\/v2\/types\/product"}],"author":[{"embeddable":true,"href":"https:\/\/mouldking.store\/nb\/wp-json\/wp\/v2\/users\/83"}],"replies":[{"embeddable":true,"href":"https:\/\/mouldking.store\/nb\/wp-json\/wp\/v2\/comments?post=42838"}],"wp:featuredmedia":[{"embeddable":true,"href":"https:\/\/mouldking.store\/nb\/wp-json\/wp\/v2\/media\/42833"}],"wp:attachment":[{"href":"https:\/\/mouldking.store\/nb\/wp-json\/wp\/v2\/media?parent=42838"}],"wp:term":[{"taxonomy":"product_cat","embeddable":true,"href":"https:\/\/mouldking.store\/nb\/wp-json\/wp\/v2\/product_cat?post=42838"},{"taxonomy":"product_tag","embeddable":true,"href":"https:\/\/mouldking.store\/nb\/wp-json\/wp\/v2\/product_tag?post=42838"}],"curies":[{"name":"wp","href":"https:\/\/api.w.org\/{rel}","templated":true}]}}