{"id":42850,"date":"2023-03-15T10:08:08","date_gmt":"2023-03-15T03:08:08","guid":{"rendered":"https:\/\/mouldking.store\/shop\/panlosbrick-628011-viic-u-552-submarine-world-war-ii-german-submarine-force-u-boat-with-6112-pieces\/"},"modified":"2025-10-30T11:40:55","modified_gmt":"2025-10-30T04:40:55","slug":"panlosbrick-628011-viic-u-552-submarine-world-war-ii-german-submarine-force-u-boat-with-6112-pieces","status":"publish","type":"product","link":"https:\/\/mouldking.store\/nb\/shop\/panlosbrick-628011-viic-u-552-submarine-world-war-ii-german-submarine-force-u-boat-with-6112-pieces\/","title":{"rendered":"PANLOSBRICK 628011 VIIC U-552 ub\u00e5t andre verdenskrig German Submarine Force U-b\u00e5t med 6112 stykker"},"content":{"rendered":"<div>\u2705 Panlos 628011 VIIC U-552 Ub\u00e5t fra andre verdenskrig Tysk ub\u00e5tstyrke<br \/>&nbsp;<br \/>\u2705VIIC U-552 var en ub\u00e5t av typen VIIC, en tysk ub\u00e5tklasse som ble brukt under andre verdenskrig. U-552 ble sj\u00f8satt 14. desember 1939 og tjenestegjorde i Kriegsmarine, den tyske marinen, under krigen.<br \/>&nbsp;<br \/>\ud83d\udeab VIKTIG!&nbsp;<br \/>&nbsp;<br \/>Produktnavn: VIIC U-552 Ub\u00e5t fra andre verdenskrig Tysk ub\u00e5tstyrke<br \/>&nbsp;<br \/>Kategori: Milit\u00e6r&nbsp;<br \/>&nbsp;<br \/>Dette settet inneholder: Panlos 628011<br \/>&nbsp;<br \/>6112 stk. klosser av god kvalitet&nbsp;<br \/>&nbsp;<br \/>St\u00f8rrelse: 120 \u00d7 13 \u00d7 29 cm<br \/>&nbsp;<br \/>Manuelle instruksjoner&nbsp;<br \/>&nbsp;<br \/>\ud83d\udcccProtagonistens natur&nbsp;<br \/>&nbsp;<br \/>Vi introduserer v\u00e5r stolte kolleksjon kalt \u00abVIIC U-552 Submarine World War II German Submarine Force Uboat\u00bb som du ikke b\u00f8r g\u00e5 glipp av.&nbsp;<br \/>&nbsp;<br \/>VIIC-ub\u00e5ten var arbeidshesten til den tyske ub\u00e5tfl\u00e5ten under andre verdenskrig, med 568 b\u00e5ter av denne typen bygget. U-552 hadde en lengde p\u00e5 omtrent 67 meter (220 fot), et mannskap p\u00e5 omtrent 44 sj\u00f8menn, og var bev\u00e6pnet med en rekke torpedoer og kanoner. U-552 hadde en rekke bemerkelsesverdige bragder under krigen, inkludert senkingen av 30 allierte skip, til sammen over 160 000 tonn skip, og skadet ytterligere fire. Ub\u00e5ten var ogs\u00e5 involvert i flere ber\u00f8mte slag, inkludert slaget om Atlanterhavet og senkingen av det britiske hangarskipet HMS Ark Royal.<\/div>","protected":false},"excerpt":{"rendered":"<p>Merke: PANLOSBRICK<br \/>\nKj\u00f8nn: Unisex<br \/>\nAldersgruppe: &gt; 6 \u00e5r gammel<br \/>\nModellnummer: 628011<br \/>\nKlassifisering: Montering<br \/>\nPlastblokkform: Selvl\u00e5sende murstein<br \/>\nMateriale: Plast<br \/>\nPlasttype: ABS<br \/>\nMursteinsblokker: 6112+<br \/>\nIngen original eske<\/p>","protected":false},"featured_media":42845,"comment_status":"open","ping_status":"closed","template":"","meta":{"_acf_changed":false},"product_cat":[1350,1357,372,364],"product_tag":[374,11252,389,11518,11517],"class_list":["product","first","instock","shipping-taxable","purchasable","product-type-simple"],"acf":[],"_links":{"self":[{"href":"https:\/\/mouldking.store\/nb\/wp-json\/wp\/v2\/product\/42850","targetHints":{"allow":["GET"]}}],"collection":[{"href":"https:\/\/mouldking.store\/nb\/wp-json\/wp\/v2\/product"}],"about":[{"href":"https:\/\/mouldking.store\/nb\/wp-json\/wp\/v2\/types\/product"}],"replies":[{"embeddable":true,"href":"https:\/\/mouldking.store\/nb\/wp-json\/wp\/v2\/comments?post=42850"}],"wp:featuredmedia":[{"embeddable":true,"href":"https:\/\/mouldking.store\/nb\/wp-json\/wp\/v2\/media\/42845"}],"wp:attachment":[{"href":"https:\/\/mouldking.store\/nb\/wp-json\/wp\/v2\/media?parent=42850"}],"wp:term":[{"taxonomy":"product_cat","embeddable":true,"href":"https:\/\/mouldking.store\/nb\/wp-json\/wp\/v2\/product_cat?post=42850"},{"taxonomy":"product_tag","embeddable":true,"href":"https:\/\/mouldking.store\/nb\/wp-json\/wp\/v2\/product_tag?post=42850"}],"curies":[{"name":"wp","href":"https:\/\/api.w.org\/{rel}","templated":true}]}}