{"id":42852,"date":"2023-03-15T10:14:47","date_gmt":"2023-03-15T03:14:47","guid":{"rendered":"https:\/\/mouldking.store\/shop\/mould-king-21066-laat-1-gunboat-with-8039-pieces\/"},"modified":"2023-03-15T10:14:47","modified_gmt":"2023-03-15T03:14:47","slug":"mould-king-21066-laat-1-gunboat-with-8039-pieces","status":"publish","type":"product","link":"https:\/\/mouldking.store\/nb\/shop\/mould-king-21066-laat-1-gunboat-with-8039-pieces\/","title":{"rendered":"M\u00d8PEKONGE 21066 LAAT-1 GunBoat med 8039 Stk"},"content":{"rendered":"<div>\u2705Mould King 21066 LAAT-1 GunBoat<br \/>&nbsp;<br \/>\u2705LAAT-1 Gunship (Low Altitude Assault Transport\/infantry Gunship) er et fiktivt kj\u00f8ret\u00f8y fra Star Wars-serien. Det er en milit\u00e6r kanonb\u00e5t som ble brukt av den galaktiske republikken under klonekrigene.<br \/>&nbsp;<br \/>\ud83d\udeab VIKTIG!&nbsp;<br \/>&nbsp;<br \/>Produktnavn: LAAT-1 GunBoat<br \/>&nbsp;<br \/>Kategori: Star Wars<br \/>&nbsp;<br \/>Dette settet inneholder: Mold King 21066<br \/>&nbsp;<br \/>8039 stk Klosser av god kvalitet&nbsp;<br \/>&nbsp;<br \/>St\u00f8rrelse: 84,3 \u00d7 38,6 \u00d7 93,3 cm<br \/>&nbsp;<br \/>Manuelle instruksjoner&nbsp;<br \/>&nbsp;<br \/>\ud83d\udcccProtagonistens natur&nbsp;<br \/>&nbsp;<br \/>Vi introduserer v\u00e5r stolte kolleksjon kalt &quot;LAAT-1 GunBoat&quot; du ikke b\u00f8r g\u00e5 glipp av.&nbsp;<br \/>&nbsp;<br \/>LAAT-1 er et tungt bev\u00e6pnet og pansret v\u00e5penskip som kan frakte tropper og utstyr inn i kamp. Den er i stand til vertikal start og landing og kan sveve p\u00e5 plass i lengre perioder. Den er bev\u00e6pnet med en rekke v\u00e5pen, inkludert laserkanoner, rakettkastere og et hakemontert t\u00e5rn. I Star Wars-filmene og andre medier blir LAAT-1 Gunship brukt av republikken til \u00e5 frakte klonesoldater og jediriddere inn i kamp. Den er fremtredende i Battle of Geonosis i Star Wars Episode II: Attack of the Clones, og er ogs\u00e5 sett i andre kamper gjennom Clone Wars.<\/div>","protected":false},"excerpt":{"rendered":"<p>Merke: MOLD KING<br \/>\nKj\u00f8nn: Unisex<br \/>\nAldersgruppe: &gt; 14 \u00e5r gammel<br \/>\nModellnummer: 21066<br \/>\nKlassifisering: Montering<br \/>\nPlastblokkform: Selvl\u00e5sende murstein<br \/>\nMateriale: Plast<br \/>\nPlasttype: ABS<br \/>\nMursteinsblokker: 8039 +<br \/>\nIngen original eske<\/p>","protected":false},"featured_media":42851,"comment_status":"open","ping_status":"closed","template":"","meta":{"_acf_changed":false},"product_cat":[1350,1357,372,581,6016,415,364,1408],"product_tag":[11520,11519,374,434,3443,2276,436,389],"class_list":["product","first","instock","shipping-taxable","purchasable","product-type-simple"],"acf":[],"_links":{"self":[{"href":"https:\/\/mouldking.store\/nb\/wp-json\/wp\/v2\/product\/42852","targetHints":{"allow":["GET"]}}],"collection":[{"href":"https:\/\/mouldking.store\/nb\/wp-json\/wp\/v2\/product"}],"about":[{"href":"https:\/\/mouldking.store\/nb\/wp-json\/wp\/v2\/types\/product"}],"replies":[{"embeddable":true,"href":"https:\/\/mouldking.store\/nb\/wp-json\/wp\/v2\/comments?post=42852"}],"wp:featuredmedia":[{"embeddable":true,"href":"https:\/\/mouldking.store\/nb\/wp-json\/wp\/v2\/media\/42851"}],"wp:attachment":[{"href":"https:\/\/mouldking.store\/nb\/wp-json\/wp\/v2\/media?parent=42852"}],"wp:term":[{"taxonomy":"product_cat","embeddable":true,"href":"https:\/\/mouldking.store\/nb\/wp-json\/wp\/v2\/product_cat?post=42852"},{"taxonomy":"product_tag","embeddable":true,"href":"https:\/\/mouldking.store\/nb\/wp-json\/wp\/v2\/product_tag?post=42852"}],"curies":[{"name":"wp","href":"https:\/\/api.w.org\/{rel}","templated":true}]}}