{"id":42866,"date":"2023-03-15T10:30:55","date_gmt":"2023-03-15T03:30:55","guid":{"rendered":"https:\/\/mouldking.store\/shop\/mould-king-12021-world-railway-crh380a-high-speed-train-with-1211-pieces\/"},"modified":"2023-03-15T10:30:55","modified_gmt":"2023-03-15T03:30:55","slug":"mould-king-12021-world-railway-crh380a-high-speed-train-with-1211-pieces","status":"publish","type":"product","link":"https:\/\/mouldking.store\/nb\/shop\/mould-king-12021-world-railway-crh380a-high-speed-train-with-1211-pieces\/","title":{"rendered":"MOULD KING 12021 World Railway CRH380A High-speed Train with 1211 Pieces"},"content":{"rendered":"<div>\u2705 Mould King 12021 World Railway CRH380A High-speed Train<br \/>&nbsp;<br \/>\u2705The CRH380A is a high-speed train that operates in China. It is part of the China Railway High-speed (CRH) family of trains, which includes a range of high-speed and bullet train models used for passenger transport across China.<br \/>&nbsp;<br \/>\ud83d\udeab VIKTIG!&nbsp;<br \/>&nbsp;<br \/>Product Name: World Railway CRH380A High-speed Train<br \/>&nbsp;<br \/>Kategori: Teknikk<br \/>&nbsp;<br \/>This Kit Contains: Mould King 12021&nbsp;<br \/>&nbsp;<br \/>1211 stk Klosser av god kvalitet&nbsp;<br \/>&nbsp;<br \/>St\u00f8rrelse: 56,2 \u00d7 13,7 \u00d7 6,1 cm<br \/>&nbsp;<br \/>Manuelle instruksjoner&nbsp;<br \/>&nbsp;<br \/>\ud83d\udcccProtagonistens natur&nbsp;<br \/>&nbsp;<br \/>Introducing our proud collection named \u201c World Railway CRH380A High-speed Train\u201d you should not miss.&nbsp;<br \/>&nbsp;<br \/>The CRH380A was designed and built by the Chinese company CSR Qingdao Sifang Locomotive &amp; Rolling Stock Co. Ltd, and was first introduced in 2010. It has a top speed of 380 km\/h (236 mph) and is currently the fastest train in operation in China. The train is powered by electric traction and has a maximum power output of 22,800 kW. It is designed for both passenger comfort and safety, with features such as air suspension, noise reduction technology, and advanced safety systems.<\/div>","protected":false},"excerpt":{"rendered":"<p>Merke: MOLD KING<br \/>\nKj\u00f8nn: Unisex<br \/>\nAldersgruppe: &gt; 8 \u00e5r gammel<br \/>\nModellnummer: 12021<br \/>\nKlassifisering: Montering<br \/>\nPlastblokkform: Selvl\u00e5sende murstein<br \/>\nMateriale: Plast<br \/>\nPlasttype: ABS<br \/>\nMursteinsblokker: 1211+<br \/>\nIngen original eske<\/p>","protected":false},"featured_media":42860,"comment_status":"open","ping_status":"closed","template":"","meta":{"_acf_changed":false},"product_cat":[1357,364],"product_tag":[11522,9303,11250,389,11080,300],"class_list":["product","first","instock","shipping-taxable","purchasable","product-type-simple"],"acf":[],"_links":{"self":[{"href":"https:\/\/mouldking.store\/nb\/wp-json\/wp\/v2\/product\/42866","targetHints":{"allow":["GET"]}}],"collection":[{"href":"https:\/\/mouldking.store\/nb\/wp-json\/wp\/v2\/product"}],"about":[{"href":"https:\/\/mouldking.store\/nb\/wp-json\/wp\/v2\/types\/product"}],"replies":[{"embeddable":true,"href":"https:\/\/mouldking.store\/nb\/wp-json\/wp\/v2\/comments?post=42866"}],"wp:featuredmedia":[{"embeddable":true,"href":"https:\/\/mouldking.store\/nb\/wp-json\/wp\/v2\/media\/42860"}],"wp:attachment":[{"href":"https:\/\/mouldking.store\/nb\/wp-json\/wp\/v2\/media?parent=42866"}],"wp:term":[{"taxonomy":"product_cat","embeddable":true,"href":"https:\/\/mouldking.store\/nb\/wp-json\/wp\/v2\/product_cat?post=42866"},{"taxonomy":"product_tag","embeddable":true,"href":"https:\/\/mouldking.store\/nb\/wp-json\/wp\/v2\/product_tag?post=42866"}],"curies":[{"name":"wp","href":"https:\/\/api.w.org\/{rel}","templated":true}]}}