{"id":42880,"date":"2023-03-15T11:20:43","date_gmt":"2023-03-15T04:20:43","guid":{"rendered":"https:\/\/mouldking.store\/shop\/moc-factory-49271-lumber-car-carriage-with-1287-pieces\/"},"modified":"2025-12-16T22:25:10","modified_gmt":"2025-12-16T15:25:10","slug":"moc-factory-49271-lumber-car-carriage-with-1287-pieces","status":"publish","type":"product","link":"https:\/\/mouldking.store\/nb\/shop\/moc-factory-49271-lumber-car-carriage-with-1287-pieces\/","title":{"rendered":"MOC Factory 49271 Trelastvogn med 1287 stk"},"content":{"rendered":"<div>\u2705 MOC-49271 Trelastvogn<\/p>\n<p>\u2705En t\u00f8mmervogn, ogs\u00e5 kjent som en flatvogn, er en type jernbanegodsvogn som brukes til \u00e5 transportere trelast og andre store, tunge gjenstander. Den er designet med et \u00e5pent, flatt dekk som muliggj\u00f8r enkel lasting og lossing av last, og brukes ofte til \u00e5 transportere varer som ikke kan f\u00e5 plass i standard lukkede kassevogner.<\/p>\n<p>\ud83d\udeab VIKTIG!<\/p>\n<p>Produktnavn: Trelastvogn<\/p>\n<p>Kategori: Teknikk<\/p>\n<p>Dette settet inneholder: MOC-49271&nbsp;<\/p>\n<p>1287 stk Klosser av god kvalitet<\/p>\n<p>Vekt: 1000g<\/p>\n<p>PDF-instruksjoner<\/p>\n<p>\ud83d\udcccProtagonistens natur<\/p>\n<p>Vi introduserer v\u00e5r stolte kolleksjon kalt &quot;T\u00f8mmerbilvogn&quot; du ikke b\u00f8r g\u00e5 glipp av.<\/p>\n<p>Trelastvogner har vanligvis stakelommer og festepunkter langs sidene av dekket for \u00e5 sikre lasten under transport. Noen t\u00f8mmervogner kan ogs\u00e5 v\u00e6re utstyrt med avtakbare sider, slik at de kan brukes til \u00e5 transportere andre typer gods n\u00e5r de ikke frakter t\u00f8mmer. T\u00f8mmervogner kommer i en rekke st\u00f8rrelser og vektkapasiteter, avhengig av behovene til lasten som transporteres. De brukes ofte i skogsindustrien for transport av stokker, trelast og andre treprodukter, samt i andre industrier for transport av tungt maskineri, store r\u00f8r og andre overdimensjonerte gjenstander.<\/p><\/div>","protected":false},"excerpt":{"rendered":"<p>Merke: MOC Factory<br \/>\nKj\u00f8nn: Unisex<br \/>\nAldersgruppe: &gt; 12 \u00e5r gammel<br \/>\nModellnummer: 49271<br \/>\nKlassifisering: Montering<br \/>\nPlastblokkform: Selvl\u00e5sende murstein<br \/>\nMateriale: Plast<br \/>\nPlasttype: ABS<br \/>\nMursteinsblokker: 1287 +<br \/>\nArrangementstid: 4-8 uker<\/p>","protected":false},"featured_media":42874,"comment_status":"open","ping_status":"closed","template":"","meta":{"_acf_changed":false},"product_cat":[1360,1357,364],"product_tag":[457,991,11525,389,11080],"class_list":["product","first","instock","shipping-taxable","purchasable","product-type-simple"],"acf":[],"_links":{"self":[{"href":"https:\/\/mouldking.store\/nb\/wp-json\/wp\/v2\/product\/42880","targetHints":{"allow":["GET"]}}],"collection":[{"href":"https:\/\/mouldking.store\/nb\/wp-json\/wp\/v2\/product"}],"about":[{"href":"https:\/\/mouldking.store\/nb\/wp-json\/wp\/v2\/types\/product"}],"replies":[{"embeddable":true,"href":"https:\/\/mouldking.store\/nb\/wp-json\/wp\/v2\/comments?post=42880"}],"wp:featuredmedia":[{"embeddable":true,"href":"https:\/\/mouldking.store\/nb\/wp-json\/wp\/v2\/media\/42874"}],"wp:attachment":[{"href":"https:\/\/mouldking.store\/nb\/wp-json\/wp\/v2\/media?parent=42880"}],"wp:term":[{"taxonomy":"product_cat","embeddable":true,"href":"https:\/\/mouldking.store\/nb\/wp-json\/wp\/v2\/product_cat?post=42880"},{"taxonomy":"product_tag","embeddable":true,"href":"https:\/\/mouldking.store\/nb\/wp-json\/wp\/v2\/product_tag?post=42880"}],"curies":[{"name":"wp","href":"https:\/\/api.w.org\/{rel}","templated":true}]}}