{"id":42900,"date":"2023-03-15T11:52:20","date_gmt":"2023-03-15T04:52:20","guid":{"rendered":"https:\/\/mouldking.store\/shop\/moc-factory-132661-black-falcons-fortress-classic-castle-with-6710-pieces\/"},"modified":"2025-12-16T22:25:10","modified_gmt":"2025-12-16T15:25:10","slug":"moc-factory-132661-black-falcons-fortress-classic-castle-with-6710-pieces","status":"publish","type":"product","link":"https:\/\/mouldking.store\/nb\/shop\/moc-factory-132661-black-falcons-fortress-classic-castle-with-6710-pieces\/","title":{"rendered":"MOC Factory 132661 Black Falcon&#039;s Fortress \u2013 Klassisk slott med 6710 stykker"},"content":{"rendered":"<div>\u2705 MOC-132661 Black Falcon&#039;s Fortress \u2013 Classic Castle<\/p>\n<p>\u2705Black Falcon&#039;s Fortress er et klassisk slottsett i murstein som f\u00f8rst ble utgitt i 2023. Det er en del av Black Falcons-fraksjonen, som er en av de fiktive fraksjonene i Classic Castle-temaet.<\/p>\n<p>\ud83d\udeab VIKTIG!<\/p>\n<p>Produktnavn: Black Falcon&#039;s Fortress \u2013 Classic Castle<\/p>\n<p>Kategori: Modulbygg<\/p>\n<p>Dette settet inneholder: MOC-132661&nbsp;<\/p>\n<p>6710 stk Klosser av god kvalitet<\/p>\n<p>St\u00f8rrelse: 53,34 x 53,34 x 45,72 cm<\/p>\n<p>Vekt: 5800g<\/p>\n<p>PDF-instruksjoner<\/p>\n<p>\ud83d\udcccProtagonistens natur<\/p>\n<p>Vi introduserer v\u00e5r stolte samling kalt &quot;Black Falcon&#039;s Fortress - Classic Castle&quot; du ikke b\u00f8r g\u00e5 glipp av.<\/p>\n<p>Settet inkluderer en stor festningsstruktur med en vindebro, porthus, t\u00e5rn og et sentralt stall. Den kommer ogs\u00e5 med flere Black Falcons-riddere, noen f\u00e5 bueskyttere og noe tilbeh\u00f8r som v\u00e5pen og skjold. Black Falcon&#039;s Fortress var en av de st\u00f8rste og mest imponerende settene i Classic Castle-temaet, og det er fortsatt et popul\u00e6rt og ettertraktet sett blant mursteinsamlere og fans av temaet. Det var kjent for sin st\u00f8rrelse, detaljniv\u00e5 og spillbarhet, og det bidro til \u00e5 etablere Black Falcons som en av de mest ikoniske fraksjonene i Classic Castle-linjen.<\/p><\/div>","protected":false},"excerpt":{"rendered":"<p>Merke: MOC Factory<br \/>\nKj\u00f8nn: Unisex<br \/>\nAldersgruppe: &gt; 12 \u00e5r gammel<br \/>\nModellnummer: 132661<br \/>\nKlassifisering: Montering<br \/>\nPlastblokkform: Selvl\u00e5sende murstein<br \/>\nMateriale: Plast<br \/>\nPlasttype: ABS<br \/>\nMursteinsblokker: 6710 +<br \/>\nArrangementstid: 4-8 uker<\/p>","protected":false},"featured_media":42895,"comment_status":"open","ping_status":"closed","template":"","meta":{"_acf_changed":false},"product_cat":[1365,1395,390],"product_tag":[11462,787,11528,8452,5349,8659,11099,392],"class_list":["product","first","instock","shipping-taxable","purchasable","product-type-simple"],"acf":[],"_links":{"self":[{"href":"https:\/\/mouldking.store\/nb\/wp-json\/wp\/v2\/product\/42900","targetHints":{"allow":["GET"]}}],"collection":[{"href":"https:\/\/mouldking.store\/nb\/wp-json\/wp\/v2\/product"}],"about":[{"href":"https:\/\/mouldking.store\/nb\/wp-json\/wp\/v2\/types\/product"}],"replies":[{"embeddable":true,"href":"https:\/\/mouldking.store\/nb\/wp-json\/wp\/v2\/comments?post=42900"}],"wp:featuredmedia":[{"embeddable":true,"href":"https:\/\/mouldking.store\/nb\/wp-json\/wp\/v2\/media\/42895"}],"wp:attachment":[{"href":"https:\/\/mouldking.store\/nb\/wp-json\/wp\/v2\/media?parent=42900"}],"wp:term":[{"taxonomy":"product_cat","embeddable":true,"href":"https:\/\/mouldking.store\/nb\/wp-json\/wp\/v2\/product_cat?post=42900"},{"taxonomy":"product_tag","embeddable":true,"href":"https:\/\/mouldking.store\/nb\/wp-json\/wp\/v2\/product_tag?post=42900"}],"curies":[{"name":"wp","href":"https:\/\/api.w.org\/{rel}","templated":true}]}}