{"id":42935,"date":"2023-03-15T12:41:33","date_gmt":"2023-03-15T05:41:33","guid":{"rendered":"https:\/\/mouldking.store\/shop\/moc-factory-41988-eurofighter-typhoon-with-1108-pieces\/"},"modified":"2025-12-16T22:25:10","modified_gmt":"2025-12-16T15:25:10","slug":"moc-factory-41988-eurofighter-typhoon-with-1108-pieces","status":"publish","type":"product","link":"https:\/\/mouldking.store\/nb\/shop\/moc-factory-41988-eurofighter-typhoon-with-1108-pieces\/","title":{"rendered":"MOC Factory 41988 Eurofighter Typhoon med 1108 stykker"},"content":{"rendered":"<div>\u2705 MOC-41988 Eurofighter Typhoon<\/p>\n<p>\u2705Eurofighter Typhoon er et tomotors jagerfly med flere funksjoner designet og bygget av et konsortium av europeiske romfartsselskaper, inkludert Airbus, BAE Systems og Leonardo. Flyet brukes av flere europeiske land, inkludert Storbritannia, Tyskland, Spania og Italia, samt av Saudi-Arabia og Oman.<\/p>\n<p>\ud83d\udeab VIKTIG!<\/p>\n<p>Produktnavn: Eurofighter Typhoon<\/p>\n<p>Kategori: Milit\u00e6r<\/p>\n<p>Dette settet inneholder: MOC-41988<\/p>\n<p>1108 stk Klosser av god kvalitet<\/p>\n<p>Vekt: 1100g<\/p>\n<p>PDF-instruksjoner<\/p>\n<p>\ud83d\udcccProtagonistens natur<\/p>\n<p>Vi introduserer v\u00e5r stolte kolleksjon kalt &quot;Eurofighter Typhoon&quot; du ikke b\u00f8r g\u00e5 glipp av.<\/p>\n<p>Eurofighter Typhoon ble designet for \u00e5 v\u00e6re et sv\u00e6rt man\u00f8vrerbart, smidig og allsidig fly som er i stand til \u00e5 utf\u00f8re et bredt spekter av oppdrag, inkludert luft-til-luft-kamp, luft-til-bakke angrep og rekognosering. Den er utstyrt med avansert avionikk og v\u00e5pensystemer, inkludert et sofistikert radarsystem, missilsystemer og elektronisk krigf\u00f8ringsutstyr. Eurofighter Typhoon har v\u00e6rt involvert i flere milit\u00e6re operasjoner, inkludert NATO-operasjoner i Libya og Baltic Air Policing-oppdraget. Det regnes som et av de mest avanserte og kapable jagerflyene i verden, og sammenlignes ofte med andre moderne jagerfly som F-22 Raptor og F-35 Lightning II.<\/p><\/div>","protected":false},"excerpt":{"rendered":"<p>Merke: MOC Factory<br \/>\nKj\u00f8nn: Unisex<br \/>\nAldersgruppe: &gt; 12 \u00e5r gammel<br \/>\nModellnummer: 41988<br \/>\nKlassifisering: Montering<br \/>\nPlastblokkform: Selvl\u00e5sende murstein<br \/>\nMateriale: Plast<br \/>\nPlasttype: ABS<br \/>\nMursteinsblokker: 1108+<br \/>\nArrangementstid: 4-8 uker<\/p>","protected":false},"featured_media":42930,"comment_status":"open","ping_status":"closed","template":"","meta":{"_acf_changed":false},"product_cat":[1350,1357,372,364],"product_tag":[11534,11533,374,389,11535],"class_list":["product","first","instock","shipping-taxable","purchasable","product-type-simple"],"acf":[],"_links":{"self":[{"href":"https:\/\/mouldking.store\/nb\/wp-json\/wp\/v2\/product\/42935","targetHints":{"allow":["GET"]}}],"collection":[{"href":"https:\/\/mouldking.store\/nb\/wp-json\/wp\/v2\/product"}],"about":[{"href":"https:\/\/mouldking.store\/nb\/wp-json\/wp\/v2\/types\/product"}],"replies":[{"embeddable":true,"href":"https:\/\/mouldking.store\/nb\/wp-json\/wp\/v2\/comments?post=42935"}],"wp:featuredmedia":[{"embeddable":true,"href":"https:\/\/mouldking.store\/nb\/wp-json\/wp\/v2\/media\/42930"}],"wp:attachment":[{"href":"https:\/\/mouldking.store\/nb\/wp-json\/wp\/v2\/media?parent=42935"}],"wp:term":[{"taxonomy":"product_cat","embeddable":true,"href":"https:\/\/mouldking.store\/nb\/wp-json\/wp\/v2\/product_cat?post=42935"},{"taxonomy":"product_tag","embeddable":true,"href":"https:\/\/mouldking.store\/nb\/wp-json\/wp\/v2\/product_tag?post=42935"}],"curies":[{"name":"wp","href":"https:\/\/api.w.org\/{rel}","templated":true}]}}