{"id":42941,"date":"2023-03-15T13:15:56","date_gmt":"2023-03-15T06:15:56","guid":{"rendered":"https:\/\/mouldking.store\/shop\/moc-factory-37497-boeing-mh-47-g-special-ops-chinook-with-1758-pieces\/"},"modified":"2025-12-16T22:25:10","modified_gmt":"2025-12-16T15:25:10","slug":"moc-factory-37497-boeing-mh-47-g-special-ops-chinook-with-1758-pieces","status":"publish","type":"product","link":"https:\/\/mouldking.store\/nb\/shop\/moc-factory-37497-boeing-mh-47-g-special-ops-chinook-with-1758-pieces\/","title":{"rendered":"MOC Factory 37497 Boeing MH-47 G Special Ops Chinook med 1758 stykker"},"content":{"rendered":"<div>\u2705 MOC-37497 Boeing MH-47 G Special Ops Chinook<\/p>\n<p>\u2705Boeing MH-47 G Special Ops Chinook er en variant av Chinook-helikopteret som er spesielt modifisert for bruk av spesialstyrker. MH-47 G brukes f\u00f8rst og fremst av den amerikanske h\u00e6rens 160. spesialoperasjonsluftfartsregiment, ogs\u00e5 kjent som &quot;Night Stalkers&quot;.<\/p>\n<p>\ud83d\udeab VIKTIG!<\/p>\n<p>Produktnavn: Boeing MH-47 G Special Ops Chinook<\/p>\n<p>Kategori: Milit\u00e6r<\/p>\n<p>Dette settet inneholder: MOC-37497<\/p>\n<p>1758 stk Klosser av god kvalitet<\/p>\n<p>Vekt: 1700g<\/p>\n<p>PDF-instruksjoner<\/p>\n<p>\ud83d\udcccProtagonistens natur<\/p>\n<p>Vi introduserer v\u00e5r stolte kolleksjon kalt &quot;Boeing MH-47 G Special Ops Chinook&quot; du ikke b\u00f8r g\u00e5 glipp av.<\/p>\n<p>MH-47 G er designet for \u00e5 gi avanserte transportegenskaper til spesialstyrker, slik at de raskt og snikende kan flytte personell og utstyr inn og ut av fiendtlige milj\u00f8er. Helikopteret er utstyrt med avanserte flyelektronikk- og v\u00e5pensystemer, samt et spesialisert drivstoffsystem som gj\u00f8r at det kan utf\u00f8re langdistanseoppdrag uten behov for ekstra tanking.<\/p><\/div>","protected":false},"excerpt":{"rendered":"<p>Merke: MOC Factory<br \/>\nKj\u00f8nn: Unisex<br \/>\nAldersgruppe: &gt; 12 \u00e5r gammel<br \/>\nModellnummer: 37497<br \/>\nKlassifisering: Montering<br \/>\nPlastblokkform: Selvl\u00e5sende murstein<br \/>\nMateriale: Plast<br \/>\nPlasttype: ABS<br \/>\nMursteinsblokker: 1758 +<br \/>\nArrangementstid: 4-8 uker<\/p>","protected":false},"featured_media":42936,"comment_status":"open","ping_status":"closed","template":"","meta":{"_acf_changed":false},"product_cat":[1350,1357,372,364],"product_tag":[3191,11537,11536,374,11327,389],"class_list":["product","first","instock","shipping-taxable","purchasable","product-type-simple"],"acf":[],"_links":{"self":[{"href":"https:\/\/mouldking.store\/nb\/wp-json\/wp\/v2\/product\/42941","targetHints":{"allow":["GET"]}}],"collection":[{"href":"https:\/\/mouldking.store\/nb\/wp-json\/wp\/v2\/product"}],"about":[{"href":"https:\/\/mouldking.store\/nb\/wp-json\/wp\/v2\/types\/product"}],"replies":[{"embeddable":true,"href":"https:\/\/mouldking.store\/nb\/wp-json\/wp\/v2\/comments?post=42941"}],"wp:featuredmedia":[{"embeddable":true,"href":"https:\/\/mouldking.store\/nb\/wp-json\/wp\/v2\/media\/42936"}],"wp:attachment":[{"href":"https:\/\/mouldking.store\/nb\/wp-json\/wp\/v2\/media?parent=42941"}],"wp:term":[{"taxonomy":"product_cat","embeddable":true,"href":"https:\/\/mouldking.store\/nb\/wp-json\/wp\/v2\/product_cat?post=42941"},{"taxonomy":"product_tag","embeddable":true,"href":"https:\/\/mouldking.store\/nb\/wp-json\/wp\/v2\/product_tag?post=42941"}],"curies":[{"name":"wp","href":"https:\/\/api.w.org\/{rel}","templated":true}]}}