{"id":42967,"date":"2023-03-16T10:01:18","date_gmt":"2023-03-16T03:01:18","guid":{"rendered":"https:\/\/mouldking.store\/shop\/moc-factory-29950-f-15-e-strike-eagle-with-1261-pieces\/"},"modified":"2025-12-16T22:25:09","modified_gmt":"2025-12-16T15:25:09","slug":"moc-factory-29950-f-15-e-strike-eagle-with-1261-pieces","status":"publish","type":"product","link":"https:\/\/mouldking.store\/nb\/shop\/moc-factory-29950-f-15-e-strike-eagle-with-1261-pieces\/","title":{"rendered":"MOC Factory 29950 F-15 E Strike Eagle med 1261 stk"},"content":{"rendered":"<div>\u2705 MOC-29950 F-15 E Strike Eagle<\/p>\n<p>\u2705F-15E Strike Eagle er et multirolle jagerfly som ble utviklet av McDonnell Douglas (n\u00e5 en del av Boeing) for United States Air Force (USAF). Det er en variant av F-15 Eagle, som ble designet som et jagerfly i luftoverlegenhet.<\/p>\n<p>\ud83d\udeab VIKTIG!<\/p>\n<p>Produktnavn: F-15 E Strike Eagle<\/p>\n<p>Kategori: Milit\u00e6r<\/p>\n<p>Dette settet inneholder: MOC-29950&nbsp;<\/p>\n<p>1261 stk Klosser av god kvalitet<\/p>\n<p>Vekt: 1200g<\/p>\n<p>PDF-instruksjoner<\/p>\n<p>\ud83d\udcccProtagonistens natur<\/p>\n<p>Vi introduserer v\u00e5r stolte kolleksjon kalt &quot;F-15 E Strike Eagle&quot; du ikke b\u00f8r g\u00e5 glipp av.<\/p>\n<p>F-15E Strike Eagle er designet for b\u00e5de luft-til-luft og luft-til-bakke-oppdrag, og den er i stand til \u00e5 utf\u00f8re et bredt spekter av oppdrag, inkludert dype angrep, n\u00e6r luftst\u00f8tte og luftforbud. Flyet er utstyrt med avanserte avionikk- og v\u00e5pensystemer, inkludert et kraftig radarsystem, et elektronisk krigf\u00f8ringssystem og en rekke luft-til-luft og luft-til-bakke v\u00e5pen.<\/p><\/div>","protected":false},"excerpt":{"rendered":"<p>Merke: MOC Factory<br \/>\nKj\u00f8nn: Unisex<br \/>\nAldersgruppe: &gt; 12 \u00e5r gammel<br \/>\nModellnummer: 29950<br \/>\nKlassifisering: Montering<br \/>\nPlastblokkform: Selvl\u00e5sende murstein<br \/>\nMateriale: Plast<br \/>\nPlasttype: ABS<br \/>\nMursteinsblokker: 1261+<br \/>\nArrangementstid: 4-8 uker<\/p>","protected":false},"featured_media":42962,"comment_status":"open","ping_status":"closed","template":"","meta":{"_acf_changed":false},"product_cat":[1350,1357,372,364],"product_tag":[5271,11534,11540,374,11539,389],"class_list":["product","first","instock","shipping-taxable","purchasable","product-type-simple"],"acf":[],"_links":{"self":[{"href":"https:\/\/mouldking.store\/nb\/wp-json\/wp\/v2\/product\/42967","targetHints":{"allow":["GET"]}}],"collection":[{"href":"https:\/\/mouldking.store\/nb\/wp-json\/wp\/v2\/product"}],"about":[{"href":"https:\/\/mouldking.store\/nb\/wp-json\/wp\/v2\/types\/product"}],"replies":[{"embeddable":true,"href":"https:\/\/mouldking.store\/nb\/wp-json\/wp\/v2\/comments?post=42967"}],"wp:featuredmedia":[{"embeddable":true,"href":"https:\/\/mouldking.store\/nb\/wp-json\/wp\/v2\/media\/42962"}],"wp:attachment":[{"href":"https:\/\/mouldking.store\/nb\/wp-json\/wp\/v2\/media?parent=42967"}],"wp:term":[{"taxonomy":"product_cat","embeddable":true,"href":"https:\/\/mouldking.store\/nb\/wp-json\/wp\/v2\/product_cat?post=42967"},{"taxonomy":"product_tag","embeddable":true,"href":"https:\/\/mouldking.store\/nb\/wp-json\/wp\/v2\/product_tag?post=42967"}],"curies":[{"name":"wp","href":"https:\/\/api.w.org\/{rel}","templated":true}]}}